{"id":9991,"date":"2020-03-11T15:24:04","date_gmt":"2020-03-11T14:24:04","guid":{"rendered":"https:\/\/royalswiss.myskydoowebsite.com\/?post_type=product&#038;p=9991"},"modified":"2022-09-15T18:14:29","modified_gmt":"2022-09-15T16:14:29","slug":"9991","status":"publish","type":"product","link":"https:\/\/royalswiss.myskydoowebsite.com\/?product=9991","title":{"rendered":"Croque Monsieur"},"content":{"rendered":"<p lang=\"zxx\" align=\"justify\"><span lang=\"fr-FR\">Avec une puissance de 750 Watts, le croque monsieur HY-809 de chez\u00a0 Royal Swiss\u00a0 vous permettra de faire d\u2019excellentes croques messieurs pour toute votre famille !\u00a0<\/span><\/p>\n<p lang=\"zxx\" align=\"justify\"><span lang=\"fr-FR\">Si vous d\u00e9sirez r\u00e9aliser des croques messieurs, investissez dans un appareil \u00e0 croque monsieur ! Celui-ci vous servira \u00e0 ex\u00e9cuter de succulentes recettes en un rien de temps. En revanche, pour jouir de la totalit\u00e9 de ses fonctions, il est conseill\u00e9 de respecter les conseils d\u2019utilisation suivants : entretenir le rev\u00eatement anti-adh\u00e9sif, appliquer de l\u2019huile lorsque vous vous en servez pour la premi\u00e8re fois et bien \u00e9videmment respecter les temps de cuisson.\u00a0 Celui-ci saura parfaitement combler vos attentes en termes de croques messieurs.<\/span><\/p>\n<p lang=\"zxx\" align=\"justify\">\u00a0 \u00a0 \u00a0 \u00a0 \u00a0 \u00a0 \u00a0 \u00a0 \u00a0 \u00a0 \u00a0 \u00a0 \u00a0 \u00a0 \u00a0 \u00a0 \u00a0 \u00a0 \u00a0 \u00a0 \u00a0 \u00a0 \u00a0 \u00a0 \u00a0 \u00a0 \u00a0 \u00a0 \u00a0 \u00a0 \u00a0 \u00a0 \u00a0 \u00a0 \u00a0 \u00a0 \u00a0 \u00a0 \u00a0 \u00a0 \u00a0 \u00a0\u00a0 <img fetchpriority=\"high\" decoding=\"async\" class=\"alignnone size-medium wp-image-9999\" src=\"https:\/\/royalswiss.myskydoowebsite.com\/wp-content\/uploads\/2020\/03\/i135184-croque-monsieur-saumon-light-300x300.jpeg\" alt=\"\" width=\"300\" height=\"300\" srcset=\"https:\/\/royalswiss.myskydoowebsite.com\/wp-content\/uploads\/2020\/03\/i135184-croque-monsieur-saumon-light-300x300.jpeg 300w, https:\/\/royalswiss.myskydoowebsite.com\/wp-content\/uploads\/2020\/03\/i135184-croque-monsieur-saumon-light-150x150.jpeg 150w, https:\/\/royalswiss.myskydoowebsite.com\/wp-content\/uploads\/2020\/03\/i135184-croque-monsieur-saumon-light-500x500.jpeg 500w, https:\/\/royalswiss.myskydoowebsite.com\/wp-content\/uploads\/2020\/03\/i135184-croque-monsieur-saumon-light-262x262.jpeg 262w, https:\/\/royalswiss.myskydoowebsite.com\/wp-content\/uploads\/2020\/03\/i135184-croque-monsieur-saumon-light-555x555.jpeg 555w, https:\/\/royalswiss.myskydoowebsite.com\/wp-content\/uploads\/2020\/03\/i135184-croque-monsieur-saumon-light-160x160.jpeg 160w, https:\/\/royalswiss.myskydoowebsite.com\/wp-content\/uploads\/2020\/03\/i135184-croque-monsieur-saumon-light.jpeg 610w\" sizes=\"(max-width: 300px) 100vw, 300px\" \/><\/p>\n<h3 lang=\"zxx\"><span id=\"Utilisation_et_ergonomie\"><span lang=\"fr-FR\">Utilisation et ergonomie<\/span><\/span><\/h3>\n<p lang=\"zxx\" align=\"justify\"><span lang=\"fr-FR\">L\u2019appareil \u00e0 croque monsieur\u00a0 Royal Swiss est simple d\u2019utilisation. En effet, il vous suffit d\u2019ajouter vos pr\u00e9parations dans les moules con\u00e7us \u00e0 cet effet. Toutefois, il ne vous faudra pas trop ajouter de fromage puisque les croques pourraient d\u00e9border de la machine, impliquant une certaine dose de m\u00e9nage. Pour ce qui est de votre s\u00e9curit\u00e9 et celle de vos enfants, ne vous faites pas un sang d\u2019encre puisque l\u2019appareil dispose d\u2019un syst\u00e8me de verrouillage. Les poign\u00e9es quant \u00e0 elles sont isolantes et les parois demeurent froides donc tr\u00e8s peu de risques de br\u00fblures. Enfin, vous pourrez le ranger facilement puisqu\u2019il peut \u00eatre inclin\u00e9 \u00e0 la verticale.<\/span><\/p>\n<p lang=\"zxx\" align=\"justify\">\u00a0 \u00a0 \u00a0 \u00a0 \u00a0 \u00a0 \u00a0 \u00a0 \u00a0 \u00a0 \u00a0 \u00a0 \u00a0 \u00a0 \u00a0 \u00a0 \u00a0 \u00a0<img decoding=\"async\" class=\"alignnone size-medium wp-image-9995\" src=\"https:\/\/royalswiss.myskydoowebsite.com\/wp-content\/uploads\/2020\/03\/Sandwich-Maker-MPM-Machine-a-Croque-monsieur-Plaque-Antiadhesives-750-Watts-Pinceau-a-Patierie-300x300.jpg\" alt=\"\" width=\"300\" height=\"300\" srcset=\"https:\/\/royalswiss.myskydoowebsite.com\/wp-content\/uploads\/2020\/03\/Sandwich-Maker-MPM-Machine-a-Croque-monsieur-Plaque-Antiadhesives-750-Watts-Pinceau-a-Patierie-300x300.jpg 300w, https:\/\/royalswiss.myskydoowebsite.com\/wp-content\/uploads\/2020\/03\/Sandwich-Maker-MPM-Machine-a-Croque-monsieur-Plaque-Antiadhesives-750-Watts-Pinceau-a-Patierie-150x150.jpg 150w, https:\/\/royalswiss.myskydoowebsite.com\/wp-content\/uploads\/2020\/03\/Sandwich-Maker-MPM-Machine-a-Croque-monsieur-Plaque-Antiadhesives-750-Watts-Pinceau-a-Patierie-262x262.jpg 262w, https:\/\/royalswiss.myskydoowebsite.com\/wp-content\/uploads\/2020\/03\/Sandwich-Maker-MPM-Machine-a-Croque-monsieur-Plaque-Antiadhesives-750-Watts-Pinceau-a-Patierie-160x160.jpg 160w, https:\/\/royalswiss.myskydoowebsite.com\/wp-content\/uploads\/2020\/03\/Sandwich-Maker-MPM-Machine-a-Croque-monsieur-Plaque-Antiadhesives-750-Watts-Pinceau-a-Patierie.jpg 340w\" sizes=\"(max-width: 300px) 100vw, 300px\" \/>\u00a0 \u00a0 \u00a0 \u00a0 \u00a0 \u00a0 \u00a0 \u00a0 \u00a0 \u00a0 \u00a0 \u00a0 \u00a0 \u00a0 \u00a0 <img decoding=\"async\" class=\"alignnone size-medium wp-image-9994\" src=\"https:\/\/royalswiss.myskydoowebsite.com\/wp-content\/uploads\/2020\/03\/WhatsApp-Image-2020-03-11-at-14.41.55-300x300.jpeg\" alt=\"\" width=\"300\" height=\"300\" srcset=\"https:\/\/royalswiss.myskydoowebsite.com\/wp-content\/uploads\/2020\/03\/WhatsApp-Image-2020-03-11-at-14.41.55-300x300.jpeg 300w, https:\/\/royalswiss.myskydoowebsite.com\/wp-content\/uploads\/2020\/03\/WhatsApp-Image-2020-03-11-at-14.41.55-150x150.jpeg 150w, https:\/\/royalswiss.myskydoowebsite.com\/wp-content\/uploads\/2020\/03\/WhatsApp-Image-2020-03-11-at-14.41.55-768x768.jpeg 768w, https:\/\/royalswiss.myskydoowebsite.com\/wp-content\/uploads\/2020\/03\/WhatsApp-Image-2020-03-11-at-14.41.55-500x500.jpeg 500w, https:\/\/royalswiss.myskydoowebsite.com\/wp-content\/uploads\/2020\/03\/WhatsApp-Image-2020-03-11-at-14.41.55-262x262.jpeg 262w, https:\/\/royalswiss.myskydoowebsite.com\/wp-content\/uploads\/2020\/03\/WhatsApp-Image-2020-03-11-at-14.41.55-555x555.jpeg 555w, https:\/\/royalswiss.myskydoowebsite.com\/wp-content\/uploads\/2020\/03\/WhatsApp-Image-2020-03-11-at-14.41.55-160x160.jpeg 160w, https:\/\/royalswiss.myskydoowebsite.com\/wp-content\/uploads\/2020\/03\/WhatsApp-Image-2020-03-11-at-14.41.55.jpeg 960w\" sizes=\"(max-width: 300px) 100vw, 300px\" \/><\/p>\n<h3 lang=\"zxx\"><span id=\"Thermostat_cuisson_et_performances\"><span lang=\"fr-FR\">Thermostat, cuisson et performances<\/span><\/span><\/h3>\n<p lang=\"zxx\" align=\"justify\"><span lang=\"fr-FR\">En ce qui concerne les performances de cet appareil \u00e0 croque, il d\u00e9livre une puissance de 750 Watts. Ainsi, il vous permet de cuire deux croques messieurs en simultan\u00e9 contrairement \u00e0 nombreux de ses concurrents. Chaque croque sera ensuite coup\u00e9 en diagonale et donc pr\u00eat \u00e0 \u00eatre manger ! Enfin, le croque monsieur propose diverses fonctions : voyants de contr\u00f4le indiquant la chauffe de l\u2019appareil ainsi que sa mise en fonction et\u00a0 un rev\u00eatement anti-adh\u00e9sif afin d\u2019en faciliter son nettoyage.<\/span><\/p>\n<p lang=\"zxx\" align=\"justify\"><img loading=\"lazy\" decoding=\"async\" class=\"size-medium wp-image-9998 aligncenter\" src=\"https:\/\/royalswiss.myskydoowebsite.com\/wp-content\/uploads\/2020\/03\/Croque-Monsieur-\u00a9D.-Pimborough-shutterstock-249x300.jpg\" alt=\"\" width=\"249\" height=\"300\" srcset=\"https:\/\/royalswiss.myskydoowebsite.com\/wp-content\/uploads\/2020\/03\/Croque-Monsieur-\u00a9D.-Pimborough-shutterstock-249x300.jpg 249w, https:\/\/royalswiss.myskydoowebsite.com\/wp-content\/uploads\/2020\/03\/Croque-Monsieur-\u00a9D.-Pimborough-shutterstock-850x1024.jpg 850w, https:\/\/royalswiss.myskydoowebsite.com\/wp-content\/uploads\/2020\/03\/Croque-Monsieur-\u00a9D.-Pimborough-shutterstock-768x925.jpg 768w, https:\/\/royalswiss.myskydoowebsite.com\/wp-content\/uploads\/2020\/03\/Croque-Monsieur-\u00a9D.-Pimborough-shutterstock-555x669.jpg 555w, https:\/\/royalswiss.myskydoowebsite.com\/wp-content\/uploads\/2020\/03\/Croque-Monsieur-\u00a9D.-Pimborough-shutterstock.jpg 1200w\" sizes=\"(max-width: 249px) 100vw, 249px\" \/><\/p>\n<p>&nbsp;<\/p>\n","protected":false},"excerpt":{"rendered":"<p lang=\"zxx\" align=\"justify\"><strong><span lang=\"fr-FR\">Caract\u00e9ristiques\u00a0:<\/span><\/strong><\/p>\n<ul>\n<li lang=\"zxx\"><span lang=\"fr-FR\">Royal Swiss<\/span><\/li>\n<li lang=\"zxx\">Mati\u00e8re : acier inoxydable ( inox )<\/li>\n<li lang=\"zxx\">Plaque avec rev\u00eatement antiadh\u00e9sif<\/li>\n<li lang=\"zxx\">2 croques monsieur en m\u00eame temps<\/li>\n<li lang=\"zxx\"><span lang=\"fr-FR\">Poids de 1,08 kilo<\/span><\/li>\n<li lang=\"zxx\"><span lang=\"fr-FR\">Dimensions\u00a0: 25,2 x 24 x 10,4 cm<\/span><\/li>\n<li lang=\"zxx\"><span lang=\"fr-FR\">Syst\u00e8me de verrouillage<\/span><\/li>\n<li lang=\"zxx\"><span lang=\"fr-FR\">750 Watts de puissance<\/span><\/li>\n<li lang=\"zxx\"><span lang=\"fr-FR\">Voyants de contr\u00f4le<\/span><\/li>\n<\/ul>\n<p>&nbsp;<\/p>\n<p><img loading=\"lazy\" decoding=\"async\" class=\"size-medium wp-image-9997 aligncenter\" src=\"https:\/\/royalswiss.myskydoowebsite.com\/wp-content\/uploads\/2020\/03\/croque-monsieur-2-300x205.jpeg\" alt=\"\" width=\"300\" height=\"205\" srcset=\"https:\/\/royalswiss.myskydoowebsite.com\/wp-content\/uploads\/2020\/03\/croque-monsieur-2-300x205.jpeg 300w, https:\/\/royalswiss.myskydoowebsite.com\/wp-content\/uploads\/2020\/03\/croque-monsieur-2-555x379.jpeg 555w, https:\/\/royalswiss.myskydoowebsite.com\/wp-content\/uploads\/2020\/03\/croque-monsieur-2.jpeg 747w\" sizes=\"(max-width: 300px) 100vw, 300px\" \/><\/p>\n","protected":false},"featured_media":9994,"comment_status":"open","ping_status":"closed","template":"","meta":[],"product_brand":[],"product_cat":[56,33,1558],"product_tag":[1287],"class_list":{"0":"post-9991","1":"product","2":"type-product","3":"status-publish","4":"has-post-thumbnail","6":"product_cat-electromenager","7":"product_cat-petit-electromenager","8":"product_cat-plancha-panini","9":"product_tag-1287","11":"first","12":"instock","13":"sale","14":"taxable","15":"shipping-taxable","16":"purchasable","17":"product-type-simple"},"_links":{"self":[{"href":"https:\/\/royalswiss.myskydoowebsite.com\/index.php?rest_route=\/wp\/v2\/product\/9991","targetHints":{"allow":["GET"]}}],"collection":[{"href":"https:\/\/royalswiss.myskydoowebsite.com\/index.php?rest_route=\/wp\/v2\/product"}],"about":[{"href":"https:\/\/royalswiss.myskydoowebsite.com\/index.php?rest_route=\/wp\/v2\/types\/product"}],"replies":[{"embeddable":true,"href":"https:\/\/royalswiss.myskydoowebsite.com\/index.php?rest_route=%2Fwp%2Fv2%2Fcomments&post=9991"}],"version-history":[{"count":7,"href":"https:\/\/royalswiss.myskydoowebsite.com\/index.php?rest_route=\/wp\/v2\/product\/9991\/revisions"}],"predecessor-version":[{"id":14394,"href":"https:\/\/royalswiss.myskydoowebsite.com\/index.php?rest_route=\/wp\/v2\/product\/9991\/revisions\/14394"}],"wp:featuredmedia":[{"embeddable":true,"href":"https:\/\/royalswiss.myskydoowebsite.com\/index.php?rest_route=\/wp\/v2\/media\/9994"}],"wp:attachment":[{"href":"https:\/\/royalswiss.myskydoowebsite.com\/index.php?rest_route=%2Fwp%2Fv2%2Fmedia&parent=9991"}],"wp:term":[{"taxonomy":"product_brand","embeddable":true,"href":"https:\/\/royalswiss.myskydoowebsite.com\/index.php?rest_route=%2Fwp%2Fv2%2Fproduct_brand&post=9991"},{"taxonomy":"product_cat","embeddable":true,"href":"https:\/\/royalswiss.myskydoowebsite.com\/index.php?rest_route=%2Fwp%2Fv2%2Fproduct_cat&post=9991"},{"taxonomy":"product_tag","embeddable":true,"href":"https:\/\/royalswiss.myskydoowebsite.com\/index.php?rest_route=%2Fwp%2Fv2%2Fproduct_tag&post=9991"}],"curies":[{"name":"wp","href":"https:\/\/api.w.org\/{rel}","templated":true}]}}