{"id":9975,"date":"2020-03-11T13:15:13","date_gmt":"2020-03-11T12:15:13","guid":{"rendered":"https:\/\/royalswiss.myskydoowebsite.com\/?post_type=product&#038;p=9975"},"modified":"2022-09-15T18:00:55","modified_gmt":"2022-09-15T16:00:55","slug":"gaufrier-4-gaufres","status":"publish","type":"product","link":"https:\/\/royalswiss.myskydoowebsite.com\/?product=gaufrier-4-gaufres","title":{"rendered":"Gaufrier ( 4 Gaufres )"},"content":{"rendered":"<div id=\"presTitle\" class=\"fpCat testSep\">\n<div>Gaufrier classique pour d\u00e9guster 4 d\u00e9licieuses gaufres &#8211; Id\u00e9al pour des moment de partage en cuisine &#8211; Avantages du rev\u00eatement antiadh\u00e9sif : Pas d&rsquo;accroche ni de br\u00fblure des aliments, R\u00e9sidus facile \u00e0 retirer, Rin\u00e7age facile &#8211; Fonctionnement s\u00e9curis\u00e9 : Poign\u00e9e thermo-isol\u00e9e et corps en acier inoxydable tr\u00e8s r\u00e9sistant \u00e0 la chaleur, Excellente stabilit\u00e9 gr\u00e2ce aux pieds antid\u00e9rapants &#8211; Appareil peu encombrant.<\/div>\n<div>Affichage clair gr\u00e2ce aux t\u00e9moins lumineux de chauffage et de fin de cuisson.<\/div>\n<\/div>\n<div><\/div>\n<div><img fetchpriority=\"high\" decoding=\"async\" class=\"size-medium wp-image-9947 alignleft\" src=\"https:\/\/royalswiss.myskydoowebsite.com\/wp-content\/uploads\/2020\/03\/1041405-300x200.jpg\" alt=\"\" width=\"300\" height=\"200\" srcset=\"https:\/\/royalswiss.myskydoowebsite.com\/wp-content\/uploads\/2020\/03\/1041405-300x200.jpg 300w, https:\/\/royalswiss.myskydoowebsite.com\/wp-content\/uploads\/2020\/03\/1041405-555x369.jpg 555w, https:\/\/royalswiss.myskydoowebsite.com\/wp-content\/uploads\/2020\/03\/1041405.jpg 600w\" sizes=\"(max-width: 300px) 100vw, 300px\" \/><\/div>\n<div>\n<p>Tr\u00e8s simple \u00e0 utiliser, ce gaufrier vous donne la possibilit\u00e9 de faire des gaufres d\u00e9licieuses, moelleux sans aucun scrupule. Mesure simultan\u00e9ment la gaufres en formes carr\u00e9es, ce gaufrier d\u00e9terminera la temp\u00e9rature et le temps de cuisson gr\u00e2ce \u00e0 l&rsquo;auto-thermostat contr\u00f4l\u00e9. Avec cette machine, vous serez s\u00fbr de faire un succ\u00e8s de vos gaufres rapidement, simplement et efficacement.<\/p>\n<\/div>\n<div><\/div>\n<div><\/div>\n<div><\/div>\n<div><img decoding=\"async\" class=\"wp-image-9980 alignright\" src=\"https:\/\/royalswiss.myskydoowebsite.com\/wp-content\/uploads\/2020\/03\/WhatsApp-Image-2020-03-06-at-17.24.49-300x295.jpeg\" alt=\"\" width=\"272\" height=\"268\" srcset=\"https:\/\/royalswiss.myskydoowebsite.com\/wp-content\/uploads\/2020\/03\/WhatsApp-Image-2020-03-06-at-17.24.49-300x295.jpeg 300w, https:\/\/royalswiss.myskydoowebsite.com\/wp-content\/uploads\/2020\/03\/WhatsApp-Image-2020-03-06-at-17.24.49-768x755.jpeg 768w, https:\/\/royalswiss.myskydoowebsite.com\/wp-content\/uploads\/2020\/03\/WhatsApp-Image-2020-03-06-at-17.24.49-555x545.jpeg 555w, https:\/\/royalswiss.myskydoowebsite.com\/wp-content\/uploads\/2020\/03\/WhatsApp-Image-2020-03-06-at-17.24.49.jpeg 932w\" sizes=\"(max-width: 272px) 100vw, 272px\" \/><\/div>\n<div id=\"presContent\" class=\"fpBlk testSep extCode\">\n<p><strong>\u00a0Caract\u00e9ristiques les plus appr\u00e9ci\u00e9es:<\/strong><\/p>\n<ul>\n<li>Peut cuire simultan\u00e9ment 4 gaufres<\/li>\n<li>Facile \u00e0 nettoyer, gr\u00e2ce \u00e0 ses plasques anti-adh\u00e9sives<\/li>\n<li>La poign\u00e9e ne deviendra pas br\u00fblante pour la s\u00e9curit\u00e9 et la commodit\u00e9 d&rsquo;utilisation<\/li>\n<li>Ce gaufrier d\u00e9terminera la temp\u00e9rature et le temps de cuisson gr\u00e2ce \u00e0 l&rsquo;<strong>auto-thermostat<\/strong> contr\u00f4l\u00e9<\/li>\n<li>Protection contre la surchauffe et les surcharges, le produit est s\u00fbr \u00e0 utiliser.<\/li>\n<li>Voyant Led, une fois que les plaques ont atteint la bonne temp\u00e9rature<\/li>\n<li>La stabilit\u00e9 est assur\u00e9e par les pieds antid\u00e9rapants<\/li>\n<li>Les mat\u00e9riaux sont tous respectueux de l&rsquo;environnement et le rendent s\u00fbr \u00e0 utiliser<\/li>\n<\/ul>\n<p>&nbsp;<\/p>\n<p>&nbsp;<\/p>\n<\/div>\n<div id=\"desc\" class=\"anchor\"><\/div>\n<div id=\"descContent\" class=\"fpBlk testSep\" data-cs-override-id=\"Descriptif\">\n<p class=\"fpMb\"><img decoding=\"async\" class=\" wp-image-9946 aligncenter\" src=\"https:\/\/royalswiss.myskydoowebsite.com\/wp-content\/uploads\/2020\/03\/800-1-300x166.jpg\" alt=\"\" width=\"360\" height=\"199\" srcset=\"https:\/\/royalswiss.myskydoowebsite.com\/wp-content\/uploads\/2020\/03\/800-1-300x166.jpg 300w, https:\/\/royalswiss.myskydoowebsite.com\/wp-content\/uploads\/2020\/03\/800-1.jpg 556w\" sizes=\"(max-width: 360px) 100vw, 360px\" \/><\/p>\n<\/div>\n","protected":false},"excerpt":{"rendered":"<p>Quoi de plus plaisant que l\u2019odeur des gaufres tout juste pr\u00e9par\u00e9es, du popcorn sal\u00e9, d\u2019une barbe \u00e0 papa color\u00e9e ou d\u2019autres sucreries faites maison ? Les p\u00e2tisseries faites maisons ne sont que deux fois plus savoureuses. Ce gaufrier Royal Swiss BLA-1009 le design est parfait pour d\u00e9guster <strong>4 gaufres<\/strong> tout juste pr\u00e9par\u00e9e et cuites ensemble directement \u00e0 table. Laissez libre cours \u00e0 votre imagination et r\u00e9alisez toutes vos recettes de cr\u00eapes dentelles ou omelettes. Le<strong> rev\u00eatement antiadh\u00e9sif<\/strong> est la garantie d\u2019une cuisson se faisant sans que la p\u00e2te ne br\u00fble ni ne colle. Le nettoyage est \u00e9galement facilit\u00e9 apr\u00e8s utilisation. Gr\u00e2ce aux <strong>poign\u00e9es thermo-isol\u00e9es<\/strong>, au corps r\u00e9sistant \u00e0 la chaleur et aux pieds antid\u00e9rapants, l&rsquo;utilisation de ce gaufrier est tr\u00e8s s\u00e9curis\u00e9e. Ce gaufrier d\u00e9terminera la temp\u00e9rature et le temps de cuisson gr\u00e2ce \u00e0 l&rsquo;<strong>auto-thermostat<\/strong> contr\u00f4l\u00e9. Avec cette machine, vous serez s\u00fbr de faire un succ\u00e8s de vos gaufres rapidement, simplement et efficacement.<\/p>\n<p><img loading=\"lazy\" decoding=\"async\" class=\"wp-image-9976 alignright\" src=\"https:\/\/royalswiss.myskydoowebsite.com\/wp-content\/uploads\/2020\/03\/gaufrier-4-gaufres-300x75.jpg\" alt=\"\" width=\"284\" height=\"71\" srcset=\"https:\/\/royalswiss.myskydoowebsite.com\/wp-content\/uploads\/2020\/03\/gaufrier-4-gaufres-300x75.jpg 300w, https:\/\/royalswiss.myskydoowebsite.com\/wp-content\/uploads\/2020\/03\/gaufrier-4-gaufres-1024x256.jpg 1024w, https:\/\/royalswiss.myskydoowebsite.com\/wp-content\/uploads\/2020\/03\/gaufrier-4-gaufres-768x192.jpg 768w, https:\/\/royalswiss.myskydoowebsite.com\/wp-content\/uploads\/2020\/03\/gaufrier-4-gaufres-555x139.jpg 555w, https:\/\/royalswiss.myskydoowebsite.com\/wp-content\/uploads\/2020\/03\/gaufrier-4-gaufres.jpg 1200w\" sizes=\"(max-width: 284px) 100vw, 284px\" \/><\/p>\n","protected":false},"featured_media":9979,"comment_status":"open","ping_status":"closed","template":"","meta":[],"product_brand":[],"product_cat":[56,33,1558,15],"product_tag":[1261],"class_list":{"0":"post-9975","1":"product","2":"type-product","3":"status-publish","4":"has-post-thumbnail","6":"product_cat-electromenager","7":"product_cat-petit-electromenager","8":"product_cat-plancha-panini","9":"product_cat-uncategorized","10":"product_tag-1261","12":"first","13":"outofstock","14":"sale","15":"taxable","16":"shipping-taxable","17":"purchasable","18":"product-type-simple"},"_links":{"self":[{"href":"https:\/\/royalswiss.myskydoowebsite.com\/index.php?rest_route=\/wp\/v2\/product\/9975","targetHints":{"allow":["GET"]}}],"collection":[{"href":"https:\/\/royalswiss.myskydoowebsite.com\/index.php?rest_route=\/wp\/v2\/product"}],"about":[{"href":"https:\/\/royalswiss.myskydoowebsite.com\/index.php?rest_route=\/wp\/v2\/types\/product"}],"replies":[{"embeddable":true,"href":"https:\/\/royalswiss.myskydoowebsite.com\/index.php?rest_route=%2Fwp%2Fv2%2Fcomments&post=9975"}],"version-history":[{"count":9,"href":"https:\/\/royalswiss.myskydoowebsite.com\/index.php?rest_route=\/wp\/v2\/product\/9975\/revisions"}],"predecessor-version":[{"id":14395,"href":"https:\/\/royalswiss.myskydoowebsite.com\/index.php?rest_route=\/wp\/v2\/product\/9975\/revisions\/14395"}],"wp:featuredmedia":[{"embeddable":true,"href":"https:\/\/royalswiss.myskydoowebsite.com\/index.php?rest_route=\/wp\/v2\/media\/9979"}],"wp:attachment":[{"href":"https:\/\/royalswiss.myskydoowebsite.com\/index.php?rest_route=%2Fwp%2Fv2%2Fmedia&parent=9975"}],"wp:term":[{"taxonomy":"product_brand","embeddable":true,"href":"https:\/\/royalswiss.myskydoowebsite.com\/index.php?rest_route=%2Fwp%2Fv2%2Fproduct_brand&post=9975"},{"taxonomy":"product_cat","embeddable":true,"href":"https:\/\/royalswiss.myskydoowebsite.com\/index.php?rest_route=%2Fwp%2Fv2%2Fproduct_cat&post=9975"},{"taxonomy":"product_tag","embeddable":true,"href":"https:\/\/royalswiss.myskydoowebsite.com\/index.php?rest_route=%2Fwp%2Fv2%2Fproduct_tag&post=9975"}],"curies":[{"name":"wp","href":"https:\/\/api.w.org\/{rel}","templated":true}]}}