{"id":9941,"date":"2020-03-11T12:11:30","date_gmt":"2020-03-11T11:11:30","guid":{"rendered":"https:\/\/royalswiss.myskydoowebsite.com\/?post_type=product&#038;p=9941"},"modified":"2022-09-15T18:14:35","modified_gmt":"2022-09-15T16:14:35","slug":"gaufrier","status":"publish","type":"product","link":"https:\/\/royalswiss.myskydoowebsite.com\/?product=gaufrier","title":{"rendered":"Gaufrier ( 2 gaufres )"},"content":{"rendered":"<h2>Description<\/h2>\n<div class=\"product_description__content_description js-description-container\">Avec ce gaufrier, vous servirez les meilleures gaufres qui soient en un clin d&rsquo;\u0153il ! Gr\u00e2ce au thermostat, vous pouvez r\u00e9gler le degr\u00e9 de cuisson que vous pr\u00e9f\u00e9rez pour vos gaufres. Vous pourrez par exemple pr\u00e9parer de d\u00e9licieuses gaufres de Bruxelles tr\u00e8s moelleuses.<\/div>\n<div><img decoding=\"async\" class=\"size-medium wp-image-9946 aligncenter\" src=\"https:\/\/royalswiss.myskydoowebsite.com\/wp-content\/uploads\/2020\/03\/800-1-300x166.jpg\" alt=\"\" width=\"300\" height=\"166\" srcset=\"https:\/\/royalswiss.myskydoowebsite.com\/wp-content\/uploads\/2020\/03\/800-1-300x166.jpg 300w, https:\/\/royalswiss.myskydoowebsite.com\/wp-content\/uploads\/2020\/03\/800-1.jpg 556w\" sizes=\"(max-width: 300px) 100vw, 300px\" \/><\/div>\n<div class=\"product_description__content_description js-description-container\">Pourvu d&rsquo;un rev\u00eatement antiadh\u00e9sif de haute qualit\u00e9 de sorte que vous pouvez facilement retirer les gaufres des plaques de cuisson. En outre, vous pouvez le nettoyer en un rien de temps.<\/div>\n<div><\/div>\n<div class=\"product_description__content_description js-description-container\">T\u00e9moins lumineux. Couvercle en inox. Poign\u00e9e isolante. Patins antid\u00e9rapants.<\/div>\n<div><\/div>\n<div><img fetchpriority=\"high\" decoding=\"async\" class=\"size-medium wp-image-9948 aligncenter\" src=\"https:\/\/royalswiss.myskydoowebsite.com\/wp-content\/uploads\/2020\/03\/i135599-pate-a-gaufres-300x240.jpeg\" alt=\"\" width=\"300\" height=\"240\" srcset=\"https:\/\/royalswiss.myskydoowebsite.com\/wp-content\/uploads\/2020\/03\/i135599-pate-a-gaufres-300x240.jpeg 300w, https:\/\/royalswiss.myskydoowebsite.com\/wp-content\/uploads\/2020\/03\/i135599-pate-a-gaufres.jpeg 400w\" sizes=\"(max-width: 300px) 100vw, 300px\" \/><\/div>\n<div><\/div>\n<div class=\"product_description__content_main_features\"><\/div>\n<p>&nbsp;<\/p>\n","protected":false},"excerpt":{"rendered":"<h4>Caract\u00e9ristiques principales<\/h4>\n<ul>\n<li class=\"product_description__content_main_features\">Pour 2 d\u00e9licieuses gaufres \u00e0 la fois<\/li>\n<li class=\"product_description__content_main_features\">mati\u00e8re : acier inoxydable ( inox )<\/li>\n<li class=\"product_description__content_main_features\">Plaque avec Rev\u00eatement antiadh\u00e9sif<\/li>\n<li>Voyant d\u2019alimentation +indicateur \u201d pr\u00eat \u201c<\/li>\n<\/ul>\n<div><\/div>\n","protected":false},"featured_media":9945,"comment_status":"open","ping_status":"closed","template":"","meta":[],"product_brand":[],"product_cat":[56,33,1558,15],"product_tag":[1225],"class_list":{"0":"post-9941","1":"product","2":"type-product","3":"status-publish","4":"has-post-thumbnail","6":"product_cat-electromenager","7":"product_cat-petit-electromenager","8":"product_cat-plancha-panini","9":"product_cat-uncategorized","10":"product_tag-1225","12":"first","13":"instock","14":"sale","15":"taxable","16":"shipping-taxable","17":"purchasable","18":"product-type-simple"},"_links":{"self":[{"href":"https:\/\/royalswiss.myskydoowebsite.com\/index.php?rest_route=\/wp\/v2\/product\/9941","targetHints":{"allow":["GET"]}}],"collection":[{"href":"https:\/\/royalswiss.myskydoowebsite.com\/index.php?rest_route=\/wp\/v2\/product"}],"about":[{"href":"https:\/\/royalswiss.myskydoowebsite.com\/index.php?rest_route=\/wp\/v2\/types\/product"}],"replies":[{"embeddable":true,"href":"https:\/\/royalswiss.myskydoowebsite.com\/index.php?rest_route=%2Fwp%2Fv2%2Fcomments&post=9941"}],"version-history":[{"count":7,"href":"https:\/\/royalswiss.myskydoowebsite.com\/index.php?rest_route=\/wp\/v2\/product\/9941\/revisions"}],"predecessor-version":[{"id":14396,"href":"https:\/\/royalswiss.myskydoowebsite.com\/index.php?rest_route=\/wp\/v2\/product\/9941\/revisions\/14396"}],"wp:featuredmedia":[{"embeddable":true,"href":"https:\/\/royalswiss.myskydoowebsite.com\/index.php?rest_route=\/wp\/v2\/media\/9945"}],"wp:attachment":[{"href":"https:\/\/royalswiss.myskydoowebsite.com\/index.php?rest_route=%2Fwp%2Fv2%2Fmedia&parent=9941"}],"wp:term":[{"taxonomy":"product_brand","embeddable":true,"href":"https:\/\/royalswiss.myskydoowebsite.com\/index.php?rest_route=%2Fwp%2Fv2%2Fproduct_brand&post=9941"},{"taxonomy":"product_cat","embeddable":true,"href":"https:\/\/royalswiss.myskydoowebsite.com\/index.php?rest_route=%2Fwp%2Fv2%2Fproduct_cat&post=9941"},{"taxonomy":"product_tag","embeddable":true,"href":"https:\/\/royalswiss.myskydoowebsite.com\/index.php?rest_route=%2Fwp%2Fv2%2Fproduct_tag&post=9941"}],"curies":[{"name":"wp","href":"https:\/\/api.w.org\/{rel}","templated":true}]}}