{"id":9929,"date":"2020-03-06T18:29:42","date_gmt":"2020-03-06T17:29:42","guid":{"rendered":"https:\/\/royalswiss.myskydoowebsite.com\/?post_type=product&#038;p=9929"},"modified":"2022-09-15T17:22:34","modified_gmt":"2022-09-15T15:22:34","slug":"gaufrier-1200-watts-gaufre-de-coeur","status":"publish","type":"product","link":"https:\/\/royalswiss.myskydoowebsite.com\/?product=gaufrier-1200-watts-gaufre-de-coeur","title":{"rendered":"Gaufrier 1200 Watts &#8211; Gaufre de C\u0153ur"},"content":{"rendered":"<h2 class=\"radikal\">Description<\/h2>\n<div class=\"description-wrap\">\n<div>\n<p>Surprenez vos proches avec des gaufres toutes chaudes, avec le gaufrier Royal Swiss WJ-152 . Vous pouvez faire cuire une grande gaufre ou cinq gaufres en forme de c\u0153ur, en une seule fois. Le thermostat r\u00e9glable vous permet d&rsquo;obtenir un r\u00e9sultat parfait. De cette fa\u00e7on, vous pourrez d\u00e9guster des gaufres tous les matins.<\/p>\n<p><strong>Faites cuire cinq gaufres en forme de c\u0153ur \u00e0 la fois<\/strong><br \/>\nLe gaufrier\u00a0 a un grand diam\u00e8tre de 19 cm pour que vous puissiez cuire une grande gaufre qui pourra \u00eatre divis\u00e9e en cinq gaufres en forme de c\u0153ur. Gardez une gaufre pour vous-m\u00eame ou partagez-les avec vos amis et famille. Servez-les avec de la cr\u00e8me fouett\u00e9e et des fraises ou faites cuire des brownies moelleux. Vous pouvez m\u00eame utiliser le gaufrier pour des plats sal\u00e9s, comme les pommes de terre rissol\u00e9es et la frittata.<\/p>\n<\/div>\n<\/div>\n<p><img fetchpriority=\"high\" decoding=\"async\" class=\"size-medium wp-image-9936 aligncenter\" src=\"https:\/\/royalswiss.myskydoowebsite.com\/wp-content\/uploads\/2020\/03\/wf-2119_2-300x300.jpg\" alt=\"\" width=\"300\" height=\"300\" srcset=\"https:\/\/royalswiss.myskydoowebsite.com\/wp-content\/uploads\/2020\/03\/wf-2119_2-300x300.jpg 300w, https:\/\/royalswiss.myskydoowebsite.com\/wp-content\/uploads\/2020\/03\/wf-2119_2-150x150.jpg 150w, https:\/\/royalswiss.myskydoowebsite.com\/wp-content\/uploads\/2020\/03\/wf-2119_2-262x262.jpg 262w, https:\/\/royalswiss.myskydoowebsite.com\/wp-content\/uploads\/2020\/03\/wf-2119_2-160x160.jpg 160w, https:\/\/royalswiss.myskydoowebsite.com\/wp-content\/uploads\/2020\/03\/wf-2119_2.jpg 400w\" sizes=\"(max-width: 300px) 100vw, 300px\" \/><\/p>\n<p>&nbsp;<\/p>\n<div class=\"description-wrap\">\n<div>\n<p><strong>Thermostat r\u00e9glable et alarme<\/strong><br \/>\nCr\u00e9ez la gaufre parfaite en tournant le thermostat r\u00e9glable vers la temp\u00e9rature qui conviennent le mieux \u00e0 votre recette de gaufres. Plus longtemps vous ferez cuire les gaufres, plus elles seront croustillantes. De cette fa\u00e7on, vous pouvez facilement d\u00e9cider si vous aimez les gaufres moelleuses ou croustillantes. L&rsquo;indicateur lumineux s&rsquo;allumera lorsque le temps correct se sera \u00e9coul\u00e9. Cela vous donnera le temps de faire de la cr\u00e8me fouett\u00e9e ou de d\u00e9couper des morceaux de fruits \u00e0 servir avec les gaufres chaudes.<\/p>\n<\/div>\n<\/div>\n<p><img decoding=\"async\" class=\"size-medium wp-image-9938 aligncenter\" src=\"https:\/\/royalswiss.myskydoowebsite.com\/wp-content\/uploads\/2020\/03\/Capture-2-300x260.png\" alt=\"\" width=\"300\" height=\"260\" srcset=\"https:\/\/royalswiss.myskydoowebsite.com\/wp-content\/uploads\/2020\/03\/Capture-2-300x260.png 300w, https:\/\/royalswiss.myskydoowebsite.com\/wp-content\/uploads\/2020\/03\/Capture-2-768x665.png 768w, https:\/\/royalswiss.myskydoowebsite.com\/wp-content\/uploads\/2020\/03\/Capture-2-555x480.png 555w, https:\/\/royalswiss.myskydoowebsite.com\/wp-content\/uploads\/2020\/03\/Capture-2.png 794w\" sizes=\"(max-width: 300px) 100vw, 300px\" \/><\/p>\n<div class=\"description-wrap\">\n<div>\n<p><strong>Tr\u00e8s s\u00fbr \u00e0 utiliser<\/strong><br \/>\nUn gros avantage du gaufrier est qu&rsquo;il est dot\u00e9 de nombreuses s\u00e9curit\u00e9s. Le ch\u00e2ssis en inox est non seulement tr\u00e8s \u00e9l\u00e9gant, mais est \u00e9galement r\u00e9sistant \u00e0 la chaleur de sorte qu&rsquo;il est froid au toucher. Il en va de m\u00eame pour la poign\u00e9e \u00ab cool touch \u00bb. La protection contre la surchauffe permet d\u2019arr\u00eater automatiquement le gaufrier lorsqu\u2019il est trop chaud. En outre, les pieds antid\u00e9rapants font que le gaufrier est bien stable sur le plan de travail. N&rsquo;h\u00e9sitez donc pas \u00e0 laisser vos enfants regarder et aider \u00e0 cuire les gaufres. Ils vont adorer cela.<\/p>\n<p><strong>Facile \u00e0 nettoyer<\/strong><br \/>\nLe rev\u00eatement antiadh\u00e9sif de grande qualit\u00e9 permet de veiller \u00e0 ce que rien n\u2019attache aux plaques ni ne br\u00fble. De cette fa\u00e7on, vous pouvez facilement nettoyer toutes les miettes et les restes d\u2019huile. Laissez tout simplement refroidir l\u00e9g\u00e8rement le gaufrier et utilisez une serviette de papier pour essuyer les plaques.<\/p>\n<\/div>\n<p><img decoding=\"async\" class=\"size-medium wp-image-9934 aligncenter\" src=\"https:\/\/royalswiss.myskydoowebsite.com\/wp-content\/uploads\/2020\/03\/20160410-Cuisine_Mart-119-300x199.jpg\" alt=\"\" width=\"300\" height=\"199\" srcset=\"https:\/\/royalswiss.myskydoowebsite.com\/wp-content\/uploads\/2020\/03\/20160410-Cuisine_Mart-119-300x199.jpg 300w, https:\/\/royalswiss.myskydoowebsite.com\/wp-content\/uploads\/2020\/03\/20160410-Cuisine_Mart-119-1024x680.jpg 1024w, https:\/\/royalswiss.myskydoowebsite.com\/wp-content\/uploads\/2020\/03\/20160410-Cuisine_Mart-119-768x510.jpg 768w, https:\/\/royalswiss.myskydoowebsite.com\/wp-content\/uploads\/2020\/03\/20160410-Cuisine_Mart-119-750x500.jpg 750w, https:\/\/royalswiss.myskydoowebsite.com\/wp-content\/uploads\/2020\/03\/20160410-Cuisine_Mart-119-555x369.jpg 555w, https:\/\/royalswiss.myskydoowebsite.com\/wp-content\/uploads\/2020\/03\/20160410-Cuisine_Mart-119.jpg 1200w\" sizes=\"(max-width: 300px) 100vw, 300px\" \/><\/p>\n<div>\n<p>&nbsp;<\/p>\n<p>&nbsp;<\/p>\n<\/div>\n<\/div>\n","protected":false},"excerpt":{"rendered":"<p><b>Les raisons de choisir le gaufrier Royal Swiss Gaufre de c\u0153ur :<\/b><\/p>\n<p>\u2022 Faites cuire cinq gaufres en forme de c\u0153ur \u00e0 la fois pour surprendre votre ch\u00e9ri(e)<br \/>\n\u2022 Gr\u00e2ce \u00e0 sa puissance de 1200 W, il sera chaud en quelques minutes<br \/>\n\u2022 Le thermostat r\u00e9glable vous permet de contr\u00f4ler le processus de cuisson<br \/>\n\u2022 Tr\u00e8s s\u00fbr \u00e0 utiliser au milieu des enfants<\/p>\n<p><img loading=\"lazy\" decoding=\"async\" class=\"alignnone size-medium wp-image-9935 aligncenter\" src=\"https:\/\/royalswiss.myskydoowebsite.com\/wp-content\/uploads\/2020\/03\/WECAQA_1-300x300.jpg\" alt=\"\" width=\"300\" height=\"300\" srcset=\"https:\/\/royalswiss.myskydoowebsite.com\/wp-content\/uploads\/2020\/03\/WECAQA_1-300x300.jpg 300w, https:\/\/royalswiss.myskydoowebsite.com\/wp-content\/uploads\/2020\/03\/WECAQA_1-150x150.jpg 150w, https:\/\/royalswiss.myskydoowebsite.com\/wp-content\/uploads\/2020\/03\/WECAQA_1-500x500.jpg 500w, https:\/\/royalswiss.myskydoowebsite.com\/wp-content\/uploads\/2020\/03\/WECAQA_1-262x262.jpg 262w, https:\/\/royalswiss.myskydoowebsite.com\/wp-content\/uploads\/2020\/03\/WECAQA_1-555x555.jpg 555w, https:\/\/royalswiss.myskydoowebsite.com\/wp-content\/uploads\/2020\/03\/WECAQA_1-160x160.jpg 160w, https:\/\/royalswiss.myskydoowebsite.com\/wp-content\/uploads\/2020\/03\/WECAQA_1.jpg 610w\" sizes=\"(max-width: 300px) 100vw, 300px\" \/><\/p>\n","protected":false},"featured_media":9936,"comment_status":"open","ping_status":"closed","template":"","meta":[],"product_brand":[],"product_cat":[56,33,1558,15],"product_tag":[],"class_list":{"0":"post-9929","1":"product","2":"type-product","3":"status-publish","4":"has-post-thumbnail","6":"product_cat-electromenager","7":"product_cat-petit-electromenager","8":"product_cat-plancha-panini","9":"product_cat-uncategorized","11":"first","12":"outofstock","13":"sale","14":"taxable","15":"shipping-taxable","16":"purchasable","17":"product-type-simple"},"_links":{"self":[{"href":"https:\/\/royalswiss.myskydoowebsite.com\/index.php?rest_route=\/wp\/v2\/product\/9929","targetHints":{"allow":["GET"]}}],"collection":[{"href":"https:\/\/royalswiss.myskydoowebsite.com\/index.php?rest_route=\/wp\/v2\/product"}],"about":[{"href":"https:\/\/royalswiss.myskydoowebsite.com\/index.php?rest_route=\/wp\/v2\/types\/product"}],"replies":[{"embeddable":true,"href":"https:\/\/royalswiss.myskydoowebsite.com\/index.php?rest_route=%2Fwp%2Fv2%2Fcomments&post=9929"}],"version-history":[{"count":5,"href":"https:\/\/royalswiss.myskydoowebsite.com\/index.php?rest_route=\/wp\/v2\/product\/9929\/revisions"}],"predecessor-version":[{"id":14398,"href":"https:\/\/royalswiss.myskydoowebsite.com\/index.php?rest_route=\/wp\/v2\/product\/9929\/revisions\/14398"}],"wp:featuredmedia":[{"embeddable":true,"href":"https:\/\/royalswiss.myskydoowebsite.com\/index.php?rest_route=\/wp\/v2\/media\/9936"}],"wp:attachment":[{"href":"https:\/\/royalswiss.myskydoowebsite.com\/index.php?rest_route=%2Fwp%2Fv2%2Fmedia&parent=9929"}],"wp:term":[{"taxonomy":"product_brand","embeddable":true,"href":"https:\/\/royalswiss.myskydoowebsite.com\/index.php?rest_route=%2Fwp%2Fv2%2Fproduct_brand&post=9929"},{"taxonomy":"product_cat","embeddable":true,"href":"https:\/\/royalswiss.myskydoowebsite.com\/index.php?rest_route=%2Fwp%2Fv2%2Fproduct_cat&post=9929"},{"taxonomy":"product_tag","embeddable":true,"href":"https:\/\/royalswiss.myskydoowebsite.com\/index.php?rest_route=%2Fwp%2Fv2%2Fproduct_tag&post=9929"}],"curies":[{"name":"wp","href":"https:\/\/api.w.org\/{rel}","templated":true}]}}