{"id":9894,"date":"2020-03-04T17:50:23","date_gmt":"2020-03-04T16:50:23","guid":{"rendered":"https:\/\/royalswiss.myskydoowebsite.com\/?post_type=product&#038;p=9894"},"modified":"2022-09-15T18:15:59","modified_gmt":"2022-09-15T16:15:59","slug":"grill-pain","status":"publish","type":"product","link":"https:\/\/royalswiss.myskydoowebsite.com\/?product=grill-pain","title":{"rendered":"Mini Grill Pain"},"content":{"rendered":"<p>Griller des\u00a0<strong>petits pa<\/strong>ins, des\u00a0<strong>toasts<\/strong>, des\u00a0<strong>tranches de pain<\/strong>\u00a0ou des\u00a0<strong>pains pitta<\/strong>\u00a0sortis du cong\u00e9lateur ? Rendez tous vos\u00a0<strong>pains croustillants<\/strong> \u00e0 l\u2019aide de notre super <strong>grille-pain Royal Swiss<\/strong>.<\/p>\n<p><strong>Rapide et \u00e0 votre go\u00fbt<\/strong><\/p>\n<ul>\n<li>Le grille-pain\u00a0<strong>Royal Swiss <\/strong>est \u00e9quip\u00e9 de\u00a0<strong>2 fentes<\/strong>\u00a0vous permettant de griller 2 tranches de pain en m\u00eame temps.<\/li>\n<li>Vous adaptez la puissance de dorage selon le go\u00fbt de chacun gr\u00e2ce au\u00a0<strong>thermostat et ses 6 positions<\/strong>.<\/li>\n<\/ul>\n<p>&nbsp;<\/p>\n<p><img fetchpriority=\"high\" decoding=\"async\" class=\"alignnone wp-image-9911\" src=\"https:\/\/royalswiss.myskydoowebsite.com\/wp-content\/uploads\/2020\/03\/j-300x257.png\" alt=\"\" width=\"341\" height=\"292\" srcset=\"https:\/\/royalswiss.myskydoowebsite.com\/wp-content\/uploads\/2020\/03\/j-300x257.png 300w, https:\/\/royalswiss.myskydoowebsite.com\/wp-content\/uploads\/2020\/03\/j-768x659.png 768w, https:\/\/royalswiss.myskydoowebsite.com\/wp-content\/uploads\/2020\/03\/j-555x476.png 555w, https:\/\/royalswiss.myskydoowebsite.com\/wp-content\/uploads\/2020\/03\/j.png 825w\" sizes=\"(max-width: 341px) 100vw, 341px\" \/><\/p>\n<p>&nbsp;<\/p>\n<h6><strong>Garantie 2 ans\u00a0(les retours sont aux frais du client)<\/strong><\/h6>\n<h6><strong>Vous pouvez nous retourner votre achat en ligne si :<\/strong><\/h6>\n<ul>\n<li>\n<h6><strong>Votre produit a \u00e9t\u00e9 livr\u00e9 il y a moins de 7 jours.<\/strong><\/h6>\n<\/li>\n<li>\n<h6><strong>Vous \u00eates toujours en possession de l&#8217;emballage d&rsquo;origine et de son contenu original au complet.<\/strong><\/h6>\n<\/li>\n<li>\n<h6><strong>Vous n&rsquo;avez pas utilis\u00e9 l&rsquo;objet et celui-ci est toujours dans son emballage<\/strong><\/h6>\n<\/li>\n<li>\n<h6><strong>Vous avez re\u00e7u un produit incorrect ou inappropri\u00e9 et que l&#8217;emballage n&rsquo;est pas ouvert.<\/strong><\/h6>\n<h6><\/h6>\n<\/li>\n<\/ul>\n<h6><strong>(Les frais de\u00a0retour\u00a0sont \u00e0 la charge du client, sauf en cas d&rsquo;erreur de notre part et le remboursement se fera seulement apr\u00e8s la r\u00e9ception de nos\u00a0articles)<\/strong><\/h6>\n<p>&nbsp;<\/p>\n","protected":false},"excerpt":{"rendered":"<p>&nbsp;<\/p>\n<ul>\n<li>Le grille-pain\u00a0<strong>Royal Swiss <\/strong>est \u00e9quip\u00e9 de\u00a0<strong>2 fentes<\/strong>\u00a0vous permettant de griller 2 tranches de pain en m\u00eame temps.<\/li>\n<li>Vous adaptez la puissance de dorage selon le go\u00fbt de chacun gr\u00e2ce au\u00a0<strong>thermostat et ses 6 positions<\/strong>.<\/li>\n<li>Puissance : 700 Watts<\/li>\n<\/ul>\n<p><img decoding=\"async\" class=\"wp-image-9910 aligncenter\" src=\"https:\/\/royalswiss.myskydoowebsite.com\/wp-content\/uploads\/2020\/03\/Capture-300x147.png\" alt=\"\" width=\"394\" height=\"193\" srcset=\"https:\/\/royalswiss.myskydoowebsite.com\/wp-content\/uploads\/2020\/03\/Capture-300x147.png 300w, https:\/\/royalswiss.myskydoowebsite.com\/wp-content\/uploads\/2020\/03\/Capture-1024x503.png 1024w, https:\/\/royalswiss.myskydoowebsite.com\/wp-content\/uploads\/2020\/03\/Capture-768x377.png 768w, https:\/\/royalswiss.myskydoowebsite.com\/wp-content\/uploads\/2020\/03\/Capture-1536x755.png 1536w, https:\/\/royalswiss.myskydoowebsite.com\/wp-content\/uploads\/2020\/03\/Capture-555x273.png 555w, https:\/\/royalswiss.myskydoowebsite.com\/wp-content\/uploads\/2020\/03\/Capture.png 1866w\" sizes=\"(max-width: 394px) 100vw, 394px\" \/><\/p>\n","protected":false},"featured_media":9896,"comment_status":"open","ping_status":"closed","template":"","meta":[],"product_brand":[],"product_cat":[56,33,1558],"product_tag":[],"class_list":{"0":"post-9894","1":"product","2":"type-product","3":"status-publish","4":"has-post-thumbnail","6":"product_cat-electromenager","7":"product_cat-petit-electromenager","8":"product_cat-plancha-panini","10":"first","11":"instock","12":"sale","13":"taxable","14":"shipping-taxable","15":"purchasable","16":"product-type-simple"},"_links":{"self":[{"href":"https:\/\/royalswiss.myskydoowebsite.com\/index.php?rest_route=\/wp\/v2\/product\/9894","targetHints":{"allow":["GET"]}}],"collection":[{"href":"https:\/\/royalswiss.myskydoowebsite.com\/index.php?rest_route=\/wp\/v2\/product"}],"about":[{"href":"https:\/\/royalswiss.myskydoowebsite.com\/index.php?rest_route=\/wp\/v2\/types\/product"}],"replies":[{"embeddable":true,"href":"https:\/\/royalswiss.myskydoowebsite.com\/index.php?rest_route=%2Fwp%2Fv2%2Fcomments&post=9894"}],"version-history":[{"count":7,"href":"https:\/\/royalswiss.myskydoowebsite.com\/index.php?rest_route=\/wp\/v2\/product\/9894\/revisions"}],"predecessor-version":[{"id":14401,"href":"https:\/\/royalswiss.myskydoowebsite.com\/index.php?rest_route=\/wp\/v2\/product\/9894\/revisions\/14401"}],"wp:featuredmedia":[{"embeddable":true,"href":"https:\/\/royalswiss.myskydoowebsite.com\/index.php?rest_route=\/wp\/v2\/media\/9896"}],"wp:attachment":[{"href":"https:\/\/royalswiss.myskydoowebsite.com\/index.php?rest_route=%2Fwp%2Fv2%2Fmedia&parent=9894"}],"wp:term":[{"taxonomy":"product_brand","embeddable":true,"href":"https:\/\/royalswiss.myskydoowebsite.com\/index.php?rest_route=%2Fwp%2Fv2%2Fproduct_brand&post=9894"},{"taxonomy":"product_cat","embeddable":true,"href":"https:\/\/royalswiss.myskydoowebsite.com\/index.php?rest_route=%2Fwp%2Fv2%2Fproduct_cat&post=9894"},{"taxonomy":"product_tag","embeddable":true,"href":"https:\/\/royalswiss.myskydoowebsite.com\/index.php?rest_route=%2Fwp%2Fv2%2Fproduct_tag&post=9894"}],"curies":[{"name":"wp","href":"https:\/\/api.w.org\/{rel}","templated":true}]}}