{"id":9870,"date":"2020-03-04T17:07:11","date_gmt":"2020-03-04T16:07:11","guid":{"rendered":"https:\/\/royalswiss.myskydoowebsite.com\/?post_type=product&#038;p=9870"},"modified":"2022-07-27T19:26:43","modified_gmt":"2022-07-27T17:26:43","slug":"couscoussier-en-pierre-4-6-8-et-10-litres","status":"publish","type":"product","link":"https:\/\/royalswiss.myskydoowebsite.com\/?product=couscoussier-en-pierre-4-6-8-et-10-litres","title":{"rendered":"Couscoussier en Pierre ,  4 &#8211; 8 ou 10 Litres"},"content":{"rendered":"<p>Couscoussier en pierre\u00a0 4 &#8211; 8\u00a0 ou 10 litres<\/p>\n<p>Le couscoussier convient \u00e0 la pr\u00e9paration du couscous, mais aussi \u00e0 la cuisson \u00e0 la vapeur de l\u00e9gumes, pommes de terre, poisson, viande ou riz.<br \/>\nIl y a un panier \u00e0 vapeur dans lequel vous pouvez ins\u00e9rer l&rsquo;aliment que vous souhaitez cuire \u00e0 la vapeur. ( aucune fuite d&rsquo;eau )<br \/>\nCela pr\u00e9sente plusieurs avantages, par exemple que les vitamines, l&rsquo;ar\u00f4me, les min\u00e9raux et le go\u00fbt sont mieux conserv\u00e9s.<br \/>\nCela est aussi tr\u00e8s sain.<\/p>\n<p>&nbsp;<\/p>\n<p>D\u00e9tails du produit:<\/p>\n<p>Couleur disponible : NOIR<br \/>\nAvec couvercle\u00a0 \u00a0 \u00a0 \u00a0 \u00a0: oui ( en verre tremp\u00e9 )<br \/>\nconvient pour tous les feux ( \u00a0induction \u00e9lectrique | Halog\u00e8ne | C\u00e9ramique au gaz )<br \/>\nVa au lave-vaisselle : oui<br \/>\nVa au micro-ondes : Oui<\/p>\n","protected":false},"excerpt":{"rendered":"<p>Couscoussier en pierre\u00a0 4 &#8211; 8\u00a0 ou 10 litres Le couscoussier convient \u00e0 la pr\u00e9paration du couscous, mais aussi \u00e0 la cuisson \u00e0 la vapeur de l\u00e9gumes, pommes de terre, poisson, viande ou riz. Il y a un panier \u00e0 vapeur dans lequel vous pouvez ins\u00e9rer l&rsquo;aliment que vous souhaitez cuire \u00e0 la vapeur. ( [&hellip;]<\/p>\n","protected":false},"featured_media":12879,"comment_status":"open","ping_status":"closed","template":"","meta":[],"product_brand":[],"product_cat":[399,21],"product_tag":[1492,1493,1494],"class_list":{"0":"post-9870","1":"product","2":"type-product","3":"status-publish","4":"has-post-thumbnail","6":"product_cat-couscoussier-cocotte","7":"product_cat-cuisine","8":"product_tag-1492","9":"product_tag-1493","10":"product_tag-1494","12":"first","13":"instock","14":"sale","15":"taxable","16":"shipping-taxable","17":"purchasable","18":"product-type-variable"},"_links":{"self":[{"href":"https:\/\/royalswiss.myskydoowebsite.com\/index.php?rest_route=\/wp\/v2\/product\/9870","targetHints":{"allow":["GET"]}}],"collection":[{"href":"https:\/\/royalswiss.myskydoowebsite.com\/index.php?rest_route=\/wp\/v2\/product"}],"about":[{"href":"https:\/\/royalswiss.myskydoowebsite.com\/index.php?rest_route=\/wp\/v2\/types\/product"}],"replies":[{"embeddable":true,"href":"https:\/\/royalswiss.myskydoowebsite.com\/index.php?rest_route=%2Fwp%2Fv2%2Fcomments&post=9870"}],"version-history":[{"count":13,"href":"https:\/\/royalswiss.myskydoowebsite.com\/index.php?rest_route=\/wp\/v2\/product\/9870\/revisions"}],"predecessor-version":[{"id":14287,"href":"https:\/\/royalswiss.myskydoowebsite.com\/index.php?rest_route=\/wp\/v2\/product\/9870\/revisions\/14287"}],"wp:featuredmedia":[{"embeddable":true,"href":"https:\/\/royalswiss.myskydoowebsite.com\/index.php?rest_route=\/wp\/v2\/media\/12879"}],"wp:attachment":[{"href":"https:\/\/royalswiss.myskydoowebsite.com\/index.php?rest_route=%2Fwp%2Fv2%2Fmedia&parent=9870"}],"wp:term":[{"taxonomy":"product_brand","embeddable":true,"href":"https:\/\/royalswiss.myskydoowebsite.com\/index.php?rest_route=%2Fwp%2Fv2%2Fproduct_brand&post=9870"},{"taxonomy":"product_cat","embeddable":true,"href":"https:\/\/royalswiss.myskydoowebsite.com\/index.php?rest_route=%2Fwp%2Fv2%2Fproduct_cat&post=9870"},{"taxonomy":"product_tag","embeddable":true,"href":"https:\/\/royalswiss.myskydoowebsite.com\/index.php?rest_route=%2Fwp%2Fv2%2Fproduct_tag&post=9870"}],"curies":[{"name":"wp","href":"https:\/\/api.w.org\/{rel}","templated":true}]}}