{"id":9638,"date":"2020-02-26T18:41:55","date_gmt":"2020-02-26T17:41:55","guid":{"rendered":"https:\/\/royalswiss.myskydoowebsite.com\/?post_type=product&#038;p=9638"},"modified":"2022-09-15T18:16:04","modified_gmt":"2022-09-15T16:16:04","slug":"centrifugeuse-4-en-1","status":"publish","type":"product","link":"https:\/\/royalswiss.myskydoowebsite.com\/?product=centrifugeuse-4-en-1","title":{"rendered":"Centrifugeuse 4 en 1"},"content":{"rendered":"<table align=\"center\">\n<tbody>\n<tr>\n<td>\n<div id=\"ds_div\">\n<div>\u00a0<span style=\"font-family: Arial\">\u00a0 \u00a0 \u00a0 \u00a0 \u00a0 \u00a0 \u00a0 \u00a0 \u00a0 \u00a0 \u00a0 \u00a0 \u00a0 \u00a0 \u00a0 \u00a0 \u00a0 \u00a0 \u00a0 \u00a0 \u00a0 \u00a0 \u00a0 \u00a0 \u00a0 \u00a0 \u00a0 \u00a0 \u00a0 \u00a0 \u00a0 \u00a0 \u00a0 \u00a0 \u00a0 \u00a0 \u00a0 \u00a0 \u00a0 \u00a0 \u00a0 \u00a0 \u00a0 \u00a0 \u00a0 \u00a0 \u00a0 \u00a0 \u00a0<\/span><\/div>\n<div>Extracteur (centrifugeuse) de jus de fruits et l\u00e9gumes + Blender + hachoir + moulin \u00e0 caf\u00e9.<\/div>\n<div>qualit\u00e9 nutritive !<\/div>\n<div><span style=\"font-family: Arial\">Mettre le fruit entier, il n\u2019est pas n\u00e9cessaire de le couper<\/span><\/div>\n<div><span style=\"font-family: Arial\">Simple et \u00e9l\u00e9gante<\/span><\/div>\n<div><span style=\"font-family: Arial\">protection anti surchauffe<\/span><\/div>\n<div><span style=\"font-family: Arial\">\u00a0<\/span><\/div>\n<div><span style=\"font-family: Arial\">Marque ROYAL SWISS\u00a0 \u00a0 \u00a0<\/span><\/div>\n<div><span style=\"font-family: Arial\">\u00a0\u00a0 \u00a0 \u00a0 \u00a0 \u00a0 \u00a0 \u00a0 \u00a0 \u00a0 \u00a0 \u00a0 \u00a0 \u00a0 \u00a0 \u00a0 \u00a0 \u00a0 \u00a0 \u00a0 \u00a0 \u00a0 \u00a0 \u00a0 \u00a0 \u00a0 \u00a0 \u00a0 \u00a0 \u00a0 \u00a0 \u00a0 \u00a0 \u00a0 \u00a0 \u00a0 \u00a0 \u00a0 \u00a0 \u00a0 \u00a0 \u00a0 \u00a0 \u00a0 \u00a0 \u00a0 \u00a0 \u00a0 \u00a0 \u00a0 \u00a0 \u00a0 \u00a0 \u00a0 \u00a0 \u00a0 \u00a0 \u00a0 \u00a0 \u00a0 \u00a0 \u00a0 \u00a0 \u00a0 \u00a0 \u00a0 \u00a0 \u00a0 \u00a0 \u00a0 \u00a0 \u00a0 \u00a0 \u00a0 \u00a0 \u00a0 \u00a0 \u00a0 \u00a0 \u00a0 \u00a0 \u00a0 \u00a0<\/span><\/div>\n<div><span style=\"font-family: Arial\">\u00a0Presse-agrumes automatique professionnel dans un bo\u00eetier en inox de haute qualit\u00e9<\/span><\/div>\n<div><span style=\"font-family: Arial\">Jus de fruits et de l\u00e9gumes pr\u00e9par\u00e9s rapidement et fra\u00eechement<\/span><\/div>\n<div><span style=\"font-family: Arial\">Riche en min\u00e9raux essentiels pour le bien-\u00eatre, la forme physique et la sant\u00e9<\/span><\/div>\n<div><span style=\"font-family: Arial\">30% plus de jus et de vitamines<\/span><\/div>\n<div><span style=\"font-family: Arial\">Bec de remplissage extra large (75 mm \u00d8)<\/span><\/div>\n<div><span style=\"font-family: Arial\">Extrait le jus de pommes, carottes et autres fruits en quelques secondes sans avoir \u00e0 les hacher<\/span><\/div>\n<div><span style=\"font-family: Arial\">Moteur puissant de 900 watts max.<\/span><\/div>\n<div><span style=\"font-family: Arial\">R\u00e9cipient \u00e0 p\u00e2te \u00e0 grand volume (capacit\u00e9 d&rsquo;environ 2,0 litres)<\/span><\/div>\n<div><span style=\"font-family: Arial\">Bec verseur en acier inoxydable ouvert<\/span><\/div>\n<div><span style=\"font-family: Arial\">Bec verseur anti-gouttes flexible &#8211; sans \u00e9claboussures ni essuyage<\/span><\/div>\n<div><span style=\"font-family: Arial\">2 r\u00e9glages de vitesse (0-1-2)<\/span><\/div>\n<div><span style=\"font-family: Arial\">Serrure avec interrupteur de s\u00e9curit\u00e9<\/span><\/div>\n<div><span style=\"font-family: Arial\">Tamis en acier inoxydable pour les meilleurs jus<\/span><\/div>\n<div><span style=\"font-family: Arial\">Peut \u00eatre compl\u00e8tement d\u00e9mont\u00e9 &#8211; nettoyage rapide et facile<\/span><\/div>\n<div><span style=\"font-family: Arial\">Haute stabilit\u00e9<\/span><\/div>\n<div><\/div>\n<div><span style=\"font-family: Arial\">Puissance absorb\u00e9e: 900 W max.<\/span><\/div>\n<\/div>\n<\/td>\n<\/tr>\n<\/tbody>\n<\/table>\n<p>&nbsp;<\/p>\n","protected":false},"excerpt":{"rendered":"<p>\u00a0\u00a0 \u00a0 \u00a0 \u00a0 \u00a0 \u00a0 \u00a0 \u00a0 \u00a0 \u00a0 \u00a0 \u00a0 \u00a0 \u00a0 \u00a0 \u00a0 \u00a0 \u00a0 \u00a0 \u00a0 \u00a0 \u00a0 \u00a0 \u00a0 \u00a0 \u00a0 \u00a0 \u00a0 \u00a0 \u00a0 \u00a0 \u00a0 \u00a0 \u00a0 \u00a0 \u00a0 \u00a0 \u00a0 \u00a0 \u00a0 \u00a0 \u00a0 \u00a0 \u00a0 \u00a0 \u00a0 \u00a0 \u00a0 \u00a0 Extracteur (centrifugeuse) de jus de fruits [&hellip;]<\/p>\n","protected":false},"featured_media":9641,"comment_status":"open","ping_status":"closed","template":"","meta":[],"product_brand":[],"product_cat":[1554,56,33,15],"product_tag":[],"class_list":{"0":"post-9638","1":"product","2":"type-product","3":"status-publish","4":"has-post-thumbnail","6":"product_cat-centrifugeuse","7":"product_cat-electromenager","8":"product_cat-petit-electromenager","9":"product_cat-uncategorized","11":"first","12":"instock","13":"sale","14":"taxable","15":"shipping-taxable","16":"purchasable","17":"product-type-simple"},"_links":{"self":[{"href":"https:\/\/royalswiss.myskydoowebsite.com\/index.php?rest_route=\/wp\/v2\/product\/9638","targetHints":{"allow":["GET"]}}],"collection":[{"href":"https:\/\/royalswiss.myskydoowebsite.com\/index.php?rest_route=\/wp\/v2\/product"}],"about":[{"href":"https:\/\/royalswiss.myskydoowebsite.com\/index.php?rest_route=\/wp\/v2\/types\/product"}],"replies":[{"embeddable":true,"href":"https:\/\/royalswiss.myskydoowebsite.com\/index.php?rest_route=%2Fwp%2Fv2%2Fcomments&post=9638"}],"version-history":[{"count":6,"href":"https:\/\/royalswiss.myskydoowebsite.com\/index.php?rest_route=\/wp\/v2\/product\/9638\/revisions"}],"predecessor-version":[{"id":14405,"href":"https:\/\/royalswiss.myskydoowebsite.com\/index.php?rest_route=\/wp\/v2\/product\/9638\/revisions\/14405"}],"wp:featuredmedia":[{"embeddable":true,"href":"https:\/\/royalswiss.myskydoowebsite.com\/index.php?rest_route=\/wp\/v2\/media\/9641"}],"wp:attachment":[{"href":"https:\/\/royalswiss.myskydoowebsite.com\/index.php?rest_route=%2Fwp%2Fv2%2Fmedia&parent=9638"}],"wp:term":[{"taxonomy":"product_brand","embeddable":true,"href":"https:\/\/royalswiss.myskydoowebsite.com\/index.php?rest_route=%2Fwp%2Fv2%2Fproduct_brand&post=9638"},{"taxonomy":"product_cat","embeddable":true,"href":"https:\/\/royalswiss.myskydoowebsite.com\/index.php?rest_route=%2Fwp%2Fv2%2Fproduct_cat&post=9638"},{"taxonomy":"product_tag","embeddable":true,"href":"https:\/\/royalswiss.myskydoowebsite.com\/index.php?rest_route=%2Fwp%2Fv2%2Fproduct_tag&post=9638"}],"curies":[{"name":"wp","href":"https:\/\/api.w.org\/{rel}","templated":true}]}}