{"id":8497,"date":"2020-01-22T13:13:06","date_gmt":"2020-01-22T12:13:06","guid":{"rendered":"https:\/\/royalswiss.myskydoowebsite.com\/?post_type=product&#038;p=8497"},"modified":"2022-07-27T19:26:43","modified_gmt":"2022-07-27T17:26:43","slug":"marmite-interieur-facon-pierre","status":"publish","type":"product","link":"https:\/\/royalswiss.myskydoowebsite.com\/?product=marmite-interieur-facon-pierre","title":{"rendered":"Marmite int\u00e9rieur fa\u00e7on pierre"},"content":{"rendered":"<p>Nos marmites en int\u00e9rieur fa\u00e7on pierre poss\u00e8dent un rev\u00eatement anti-adh\u00e9rent de haute performance pour une cuisine saine et sans mati\u00e8re grasse.<\/p>\n<p>Elles sont raffin\u00e9s, design, \u00e9l\u00e9gantes et c\u2019est l\u2019article indispensable dans votre cuisine. Gr\u00e2ce \u00e0 un fond \u00e9pais, ces marmites en pierre ne se d\u00e9forment pas avec le temps. Ces marmites en pierre vous permettent d\u2019avoir une cuisson rapide et homog\u00e8ne quelque soit le feu utilis\u00e9.<\/p>\n<p>Elles conviennent parfaitement pour dorer, saisir ou frire vos aliments. Avec le rev\u00eatement anti-adh\u00e9sif vous conserverez le go\u00fbt authentique des aliments comme sur une pierre naturelle, sans ajout de mati\u00e8re grasse.<\/p>\n<p>Les marmites avec int\u00e9rieur en pierre sont compatible pour tous feux y compris l\u2019induction et se nettoient tr\u00e8s facilement.<\/p>\n","protected":false},"excerpt":{"rendered":"<p>Nos marmites en int\u00e9rieur fa\u00e7on pierre poss\u00e8dent un rev\u00eatement anti-adh\u00e9rent de haute performance pour une cuisine saine et sans mati\u00e8re grasse. Elles sont raffin\u00e9s, design, \u00e9l\u00e9gantes et c\u2019est l\u2019article indispensable dans votre cuisine. Gr\u00e2ce \u00e0 un fond \u00e9pais, ces marmites en pierre ne se d\u00e9forment pas avec le temps. Ces marmites en pierre vous permettent [&hellip;]<\/p>\n","protected":false},"featured_media":8499,"comment_status":"open","ping_status":"closed","template":"","meta":[],"product_brand":[],"product_cat":[38,21],"product_tag":[],"class_list":{"0":"post-8497","1":"product","2":"type-product","3":"status-publish","4":"has-post-thumbnail","6":"product_cat-casseroles-marmitte","7":"product_cat-cuisine","9":"first","10":"instock","11":"sale","12":"taxable","13":"shipping-taxable","14":"purchasable","15":"product-type-variable"},"_links":{"self":[{"href":"https:\/\/royalswiss.myskydoowebsite.com\/index.php?rest_route=\/wp\/v2\/product\/8497","targetHints":{"allow":["GET"]}}],"collection":[{"href":"https:\/\/royalswiss.myskydoowebsite.com\/index.php?rest_route=\/wp\/v2\/product"}],"about":[{"href":"https:\/\/royalswiss.myskydoowebsite.com\/index.php?rest_route=\/wp\/v2\/types\/product"}],"replies":[{"embeddable":true,"href":"https:\/\/royalswiss.myskydoowebsite.com\/index.php?rest_route=%2Fwp%2Fv2%2Fcomments&post=8497"}],"version-history":[{"count":6,"href":"https:\/\/royalswiss.myskydoowebsite.com\/index.php?rest_route=\/wp\/v2\/product\/8497\/revisions"}],"predecessor-version":[{"id":14289,"href":"https:\/\/royalswiss.myskydoowebsite.com\/index.php?rest_route=\/wp\/v2\/product\/8497\/revisions\/14289"}],"wp:featuredmedia":[{"embeddable":true,"href":"https:\/\/royalswiss.myskydoowebsite.com\/index.php?rest_route=\/wp\/v2\/media\/8499"}],"wp:attachment":[{"href":"https:\/\/royalswiss.myskydoowebsite.com\/index.php?rest_route=%2Fwp%2Fv2%2Fmedia&parent=8497"}],"wp:term":[{"taxonomy":"product_brand","embeddable":true,"href":"https:\/\/royalswiss.myskydoowebsite.com\/index.php?rest_route=%2Fwp%2Fv2%2Fproduct_brand&post=8497"},{"taxonomy":"product_cat","embeddable":true,"href":"https:\/\/royalswiss.myskydoowebsite.com\/index.php?rest_route=%2Fwp%2Fv2%2Fproduct_cat&post=8497"},{"taxonomy":"product_tag","embeddable":true,"href":"https:\/\/royalswiss.myskydoowebsite.com\/index.php?rest_route=%2Fwp%2Fv2%2Fproduct_tag&post=8497"}],"curies":[{"name":"wp","href":"https:\/\/api.w.org\/{rel}","templated":true}]}}