{"id":7003,"date":"2019-12-04T15:38:00","date_gmt":"2019-12-04T14:38:00","guid":{"rendered":"https:\/\/royalswiss.myskydoowebsite.com\/?post_type=product&#038;p=7003"},"modified":"2022-11-17T15:57:18","modified_gmt":"2022-11-17T14:57:18","slug":"hachoir-verre-ou-inox-1-8-litres","status":"publish","type":"product","link":"https:\/\/royalswiss.myskydoowebsite.com\/?product=hachoir-verre-ou-inox-1-8-litres","title":{"rendered":"Hachoir, verre ou inox 1.8 Litres"},"content":{"rendered":"<p>Pr\u00e9parer des plats maison devient un jeu d\u2019enfant Des oignons, herbes, noix, et autres parfaitement hach\u00e9s Un assistant culinaire non n\u00e9gligeable. Il peut hacher tout ce que vous voulez : l\u00e9gumes, herbes, noix, etc. en quelques secondes. Gr\u00e2ce \u00e0 son fonctionnement par simple pression et \u00e0 sa taille compacte, hacher n\u2019a jamais \u00e9t\u00e9 aussi simple.<\/p>\n<p>Puissance\u00a0 : 300 Watts<\/p>\n<p>&nbsp;<\/p>\n<p>&nbsp;<\/p>\n<h6><strong>Garantie 2 ans\u00a0 \u00a0( les retours sont aux frais du client )<\/strong><\/h6>\n<h6><strong><em>Vous pouvez nous retourner votre achat en ligne si :<\/em><\/strong><\/h6>\n<ul>\n<li>\n<h6><strong>Votre produit a \u00e9t\u00e9 livr\u00e9 il y a moins de 7 jours.<\/strong><\/h6>\n<\/li>\n<li>\n<h6><strong>Vous \u00eates toujours en possession de l&#8217;emballage d&rsquo;origine et de son contenu original au complet.<\/strong><\/h6>\n<\/li>\n<li>\n<h6><strong>Vous n&rsquo;avez pas utilis\u00e9 l&rsquo;objet et celui ci est toujours dans son emballage\u00a0<\/strong><\/h6>\n<\/li>\n<li>\n<h6><strong>Vous avez re\u00e7u un produit incorrect ou inappropri\u00e9 et que l&#8217;emballage n&rsquo;est pas ouvert.<\/strong><\/h6>\n<\/li>\n<li>\n<h6><strong>(\u00a0\u00a0Les frais de\u00a0retour\u00a0sont \u00e0 la charge du client, sauf en cas d&rsquo;erreur de notre part et le remboursement se fera seulement apr\u00e8s la r\u00e9ception de nos\u00a0articles\u00a0)\u00a0<\/strong><\/h6>\n<\/li>\n<\/ul>\n","protected":false},"excerpt":{"rendered":"<p>Pr\u00e9parer des plats maison devient un jeu d\u2019enfant Des oignons, herbes, noix, et autres parfaitement hach\u00e9s Un assistant culinaire non n\u00e9gligeable. Il peut hacher tout ce que vous voulez : l\u00e9gumes, herbes, noix, etc. en quelques secondes. Gr\u00e2ce \u00e0 son fonctionnement par simple pression et \u00e0 sa taille compacte, hacher n\u2019a jamais \u00e9t\u00e9 aussi simple. [&hellip;]<\/p>\n","protected":false},"featured_media":12932,"comment_status":"open","ping_status":"closed","template":"","meta":[],"product_brand":[],"product_cat":[56,1552,33,15],"product_tag":[1498,1499],"class_list":{"0":"post-7003","1":"product","2":"type-product","3":"status-publish","4":"has-post-thumbnail","6":"product_cat-electromenager","7":"product_cat-mixer","8":"product_cat-petit-electromenager","9":"product_cat-uncategorized","10":"product_tag-1498","11":"product_tag-1499","13":"first","14":"instock","15":"sale","16":"taxable","17":"shipping-taxable","18":"purchasable","19":"product-type-variable"},"_links":{"self":[{"href":"https:\/\/royalswiss.myskydoowebsite.com\/index.php?rest_route=\/wp\/v2\/product\/7003","targetHints":{"allow":["GET"]}}],"collection":[{"href":"https:\/\/royalswiss.myskydoowebsite.com\/index.php?rest_route=\/wp\/v2\/product"}],"about":[{"href":"https:\/\/royalswiss.myskydoowebsite.com\/index.php?rest_route=\/wp\/v2\/types\/product"}],"replies":[{"embeddable":true,"href":"https:\/\/royalswiss.myskydoowebsite.com\/index.php?rest_route=%2Fwp%2Fv2%2Fcomments&post=7003"}],"version-history":[{"count":3,"href":"https:\/\/royalswiss.myskydoowebsite.com\/index.php?rest_route=\/wp\/v2\/product\/7003\/revisions"}],"predecessor-version":[{"id":12934,"href":"https:\/\/royalswiss.myskydoowebsite.com\/index.php?rest_route=\/wp\/v2\/product\/7003\/revisions\/12934"}],"wp:featuredmedia":[{"embeddable":true,"href":"https:\/\/royalswiss.myskydoowebsite.com\/index.php?rest_route=\/wp\/v2\/media\/12932"}],"wp:attachment":[{"href":"https:\/\/royalswiss.myskydoowebsite.com\/index.php?rest_route=%2Fwp%2Fv2%2Fmedia&parent=7003"}],"wp:term":[{"taxonomy":"product_brand","embeddable":true,"href":"https:\/\/royalswiss.myskydoowebsite.com\/index.php?rest_route=%2Fwp%2Fv2%2Fproduct_brand&post=7003"},{"taxonomy":"product_cat","embeddable":true,"href":"https:\/\/royalswiss.myskydoowebsite.com\/index.php?rest_route=%2Fwp%2Fv2%2Fproduct_cat&post=7003"},{"taxonomy":"product_tag","embeddable":true,"href":"https:\/\/royalswiss.myskydoowebsite.com\/index.php?rest_route=%2Fwp%2Fv2%2Fproduct_tag&post=7003"}],"curies":[{"name":"wp","href":"https:\/\/api.w.org\/{rel}","templated":true}]}}