{"id":6768,"date":"2019-11-27T13:30:55","date_gmt":"2019-11-27T12:30:55","guid":{"rendered":"https:\/\/royalswiss.myskydoowebsite.com\/?post_type=product&#038;p=6768"},"modified":"2023-02-03T20:52:33","modified_gmt":"2023-02-03T19:52:33","slug":"set-de-3-poeles-en-pierre-poignee-detachable","status":"publish","type":"product","link":"https:\/\/royalswiss.myskydoowebsite.com\/?product=set-de-3-poeles-en-pierre-poignee-detachable","title":{"rendered":"Set de 3 po\u00eales en pierre &#8211; poign\u00e9e d\u00e9tachable"},"content":{"rendered":"<p><em>Cuisinez comme des pros avec le Set de po\u00eale Royal Swiss rev\u00eatement marbre et poign\u00e9e amovible Le design l\u00e9ger et durable est compos\u00e9 d\u2019un rev\u00eatement antiadh\u00e9sif, les po\u00eales passent au lave-vaisselle et sont antibact\u00e9rien. <\/em><\/p>\n<p><em>Ce produit est fabriqu\u00e9 en mat\u00e9riel de haute qualit\u00e9. Il se r\u00e9chauffe rapidement, qui plus est tr\u00e8s \u00e9conomique en \u00e9nergie. Gr\u00e2ce \u00e0 son rev\u00eatement Antiadh\u00e9sif vous avez besoin de moins d\u2019huile, cela rend vos plats saints afin de vous garder en bonne sant\u00e9.<\/em><\/p>\n<p><em>\u00a0Excellente r\u00e9partition de la chaleur<\/em><\/p>\n<p><em>Caract\u00e9ristiques : <\/em><\/p>\n<ul>\n<li><em>Convient pour tous feux y compris l\u2019induction<\/em><\/li>\n<li><em>Antibact\u00e9rien <\/em><\/li>\n<li><em>L\u00e9ger et robuste<\/em><\/li>\n<li><em>Passe au lave-vaisselle <\/em><\/li>\n<li><em>Mat\u00e9riaux : rev\u00eatement Marbre <\/em><\/li>\n<li><em>Disponible dans les couleurs : noir, gris rouge et cr\u00e8me. <\/em><\/li>\n<li><em>D\u00e9tails du produit : 1 x po\u00eale \u00d8 28 cm \u2022 1 x po\u00eale \u00d8 24 cm \u2022 1 x po\u00eale \u00d8 20 cm <\/em><\/li>\n<li><em>L\u2019ensemble est livr\u00e9 dans une bo\u00eete s\u00fbre et pratique. <\/em><\/li>\n<li><em>Conseils d\u2019entretien : Le rev\u00eatement en c\u00e9ramique permet de favoriser le c\u00f4t\u00e9 anti adh\u00e9sif et veille \u00e0 ce que m\u00eame le nettoyage devient un jeu d\u2019enfant. Passe au lave-vaisselle (lavage \u00e0 la main recommand\u00e9 pour une dur\u00e9e de vie rallong\u00e9e) <\/em><\/li>\n<\/ul>\n<p><em>\u00a0\/!\\ ne pas utiliser de produits abrasifs.\u00a0 Prudence avec le rev\u00eatement antiadh\u00e9sif\u00a0: un couvert en m\u00e9tal peut la rayer.<\/em><\/p>\n","protected":false},"excerpt":{"rendered":"<p>Cuisinez comme des pros avec le Set de po\u00eale Royal Swiss rev\u00eatement marbre et poign\u00e9e amovible Le design l\u00e9ger et durable est compos\u00e9 d\u2019un rev\u00eatement antiadh\u00e9sif, les po\u00eales passent au lave-vaisselle et sont antibact\u00e9rien. Ce produit est fabriqu\u00e9 en mat\u00e9riel de haute qualit\u00e9. Il se r\u00e9chauffe rapidement, qui plus est tr\u00e8s \u00e9conomique en \u00e9nergie. Gr\u00e2ce [&hellip;]<\/p>\n","protected":false},"featured_media":12886,"comment_status":"open","ping_status":"closed","template":"","meta":[],"product_brand":[],"product_cat":[21,53],"product_tag":[1495],"class_list":{"0":"post-6768","1":"product","2":"type-product","3":"status-publish","4":"has-post-thumbnail","6":"product_cat-cuisine","7":"product_cat-poele","8":"product_tag-1495","10":"first","11":"instock","12":"sale","13":"taxable","14":"shipping-taxable","15":"purchasable","16":"product-type-variable"},"_links":{"self":[{"href":"https:\/\/royalswiss.myskydoowebsite.com\/index.php?rest_route=\/wp\/v2\/product\/6768","targetHints":{"allow":["GET"]}}],"collection":[{"href":"https:\/\/royalswiss.myskydoowebsite.com\/index.php?rest_route=\/wp\/v2\/product"}],"about":[{"href":"https:\/\/royalswiss.myskydoowebsite.com\/index.php?rest_route=\/wp\/v2\/types\/product"}],"replies":[{"embeddable":true,"href":"https:\/\/royalswiss.myskydoowebsite.com\/index.php?rest_route=%2Fwp%2Fv2%2Fcomments&post=6768"}],"version-history":[{"count":2,"href":"https:\/\/royalswiss.myskydoowebsite.com\/index.php?rest_route=\/wp\/v2\/product\/6768\/revisions"}],"predecessor-version":[{"id":7705,"href":"https:\/\/royalswiss.myskydoowebsite.com\/index.php?rest_route=\/wp\/v2\/product\/6768\/revisions\/7705"}],"wp:featuredmedia":[{"embeddable":true,"href":"https:\/\/royalswiss.myskydoowebsite.com\/index.php?rest_route=\/wp\/v2\/media\/12886"}],"wp:attachment":[{"href":"https:\/\/royalswiss.myskydoowebsite.com\/index.php?rest_route=%2Fwp%2Fv2%2Fmedia&parent=6768"}],"wp:term":[{"taxonomy":"product_brand","embeddable":true,"href":"https:\/\/royalswiss.myskydoowebsite.com\/index.php?rest_route=%2Fwp%2Fv2%2Fproduct_brand&post=6768"},{"taxonomy":"product_cat","embeddable":true,"href":"https:\/\/royalswiss.myskydoowebsite.com\/index.php?rest_route=%2Fwp%2Fv2%2Fproduct_cat&post=6768"},{"taxonomy":"product_tag","embeddable":true,"href":"https:\/\/royalswiss.myskydoowebsite.com\/index.php?rest_route=%2Fwp%2Fv2%2Fproduct_tag&post=6768"}],"curies":[{"name":"wp","href":"https:\/\/api.w.org\/{rel}","templated":true}]}}