{"id":6732,"date":"2019-11-25T13:23:25","date_gmt":"2019-11-25T12:23:25","guid":{"rendered":"https:\/\/royalswiss.myskydoowebsite.com\/?post_type=product&#038;p=6732"},"modified":"2022-07-27T19:36:16","modified_gmt":"2022-07-27T17:36:16","slug":"set-de-5-marmites-en-inox","status":"publish","type":"product","link":"https:\/\/royalswiss.myskydoowebsite.com\/?product=set-de-5-marmites-en-inox","title":{"rendered":"Set de 5 marmites en inox"},"content":{"rendered":"<p>Cette batterie de cuisine en inox vous permettras de concocter tout type de plat sans difficult\u00e9. Allant sur tout type de feux, gaz, \u00e9lectrique, induction, vitro-c\u00e9ramique, elle n\u2019aura aucun mal \u00e0 int\u00e9gr\u00e9 votre cuisine. Une fois la cuisine termin\u00e9 laisser votre lave-vaisselle s\u2019occuper du nettoyage.<\/p>\n<p>Cette batterie est compos\u00e9 de:<\/p>\n<p>1 Marmite\u00a0 de\u00a0 20*8CM<\/p>\n<p>1 Marmite\u00a0 de 22*9CM<\/p>\n<p>1 Marmite de 24*10CM<\/p>\n<p>1 Marmite de 26*11CM<\/p>\n<p>1 Marmite de 28*12CM<\/p>\n","protected":false},"excerpt":{"rendered":"<p>&nbsp;<\/p>\n<p>Cette batterie est compos\u00e9 de:<\/p>\n<p>1 Marmite\u00a0 de\u00a0 20*8CM<\/p>\n<p>1 Marmite\u00a0 de 22*9CM<\/p>\n<p>1 Marmite de 24*10CM<\/p>\n<p>1 Marmite de 26*11CM<\/p>\n<p>1 Marmite de 28*12CM<\/p>\n","protected":false},"featured_media":6733,"comment_status":"open","ping_status":"closed","template":"","meta":[],"product_brand":[],"product_cat":[41,38,21],"product_tag":[1515],"class_list":{"0":"post-6732","1":"product","2":"type-product","3":"status-publish","4":"has-post-thumbnail","6":"product_cat-batterie-de-cuisine","7":"product_cat-casseroles-marmitte","8":"product_cat-cuisine","9":"product_tag-1515","11":"first","12":"instock","13":"sale","14":"taxable","15":"shipping-taxable","16":"purchasable","17":"product-type-simple"},"_links":{"self":[{"href":"https:\/\/royalswiss.myskydoowebsite.com\/index.php?rest_route=\/wp\/v2\/product\/6732","targetHints":{"allow":["GET"]}}],"collection":[{"href":"https:\/\/royalswiss.myskydoowebsite.com\/index.php?rest_route=\/wp\/v2\/product"}],"about":[{"href":"https:\/\/royalswiss.myskydoowebsite.com\/index.php?rest_route=\/wp\/v2\/types\/product"}],"replies":[{"embeddable":true,"href":"https:\/\/royalswiss.myskydoowebsite.com\/index.php?rest_route=%2Fwp%2Fv2%2Fcomments&post=6732"}],"version-history":[{"count":3,"href":"https:\/\/royalswiss.myskydoowebsite.com\/index.php?rest_route=\/wp\/v2\/product\/6732\/revisions"}],"predecessor-version":[{"id":13891,"href":"https:\/\/royalswiss.myskydoowebsite.com\/index.php?rest_route=\/wp\/v2\/product\/6732\/revisions\/13891"}],"wp:featuredmedia":[{"embeddable":true,"href":"https:\/\/royalswiss.myskydoowebsite.com\/index.php?rest_route=\/wp\/v2\/media\/6733"}],"wp:attachment":[{"href":"https:\/\/royalswiss.myskydoowebsite.com\/index.php?rest_route=%2Fwp%2Fv2%2Fmedia&parent=6732"}],"wp:term":[{"taxonomy":"product_brand","embeddable":true,"href":"https:\/\/royalswiss.myskydoowebsite.com\/index.php?rest_route=%2Fwp%2Fv2%2Fproduct_brand&post=6732"},{"taxonomy":"product_cat","embeddable":true,"href":"https:\/\/royalswiss.myskydoowebsite.com\/index.php?rest_route=%2Fwp%2Fv2%2Fproduct_cat&post=6732"},{"taxonomy":"product_tag","embeddable":true,"href":"https:\/\/royalswiss.myskydoowebsite.com\/index.php?rest_route=%2Fwp%2Fv2%2Fproduct_tag&post=6732"}],"curies":[{"name":"wp","href":"https:\/\/api.w.org\/{rel}","templated":true}]}}