{"id":6670,"date":"2019-11-22T20:33:21","date_gmt":"2019-11-22T19:33:21","guid":{"rendered":"https:\/\/royalswiss.myskydoowebsite.com\/?post_type=product&#038;p=6670"},"modified":"2022-10-13T14:40:55","modified_gmt":"2022-10-13T12:40:55","slug":"bmw-gt6","status":"publish","type":"product","link":"https:\/\/royalswiss.myskydoowebsite.com\/?product=bmw-gt6","title":{"rendered":"Bmw Gt6"},"content":{"rendered":"<p>CONDUITE AVEC T\u00c9L\u00c9COMMANDE PARENTALE 2.4 ghz soft start , d\u00e9marrage progressif sans accoups et bouton stop afin d&rsquo;arr\u00eater le v\u00e9hicule plus rapidement<br \/>\nPOUR ENFANTS A PARTIR DE 2 ANS<\/p>\n<p>CONDUITE SANS T\u00c9L\u00c9COMMANDE\u00a0 POSSIBLE CAR IL Y A UNE\u00a0 Fonction acc\u00e9l\u00e9rateur p\u00e9dale \/volant<br \/>\nBatterie :<br \/>\n12 volts 7 amp\u00e8res<br \/>\nVitesse max du v\u00e9hicule :<br \/>\n7<br \/>\nSurfaces d\u2019utilisation : Asphalte, gravier, pelouses et autres surfaces planes et dures<br \/>\nPuissance des moteurs :\u00a0 2 moteurs arri\u00e8re<br \/>\nAutonomie : 40-60 min<br \/>\nPneus : plastique<br \/>\nEclairage :\u00a0 Feux avant Feux arri\u00e8res tableau de bord<br \/>\nInterface Audio :\u00a0 USB Prise Jack mp3 SD CARD<br \/>\nDimensions du v\u00e9hicule :\u00a0 106x64x51cm<br \/>\nPoids du v\u00e9hicule :\u00a0 14<br \/>\nLargeur du si\u00e8ge : 34<br \/>\nPortes Ouvrantes : OUI<br \/>\nColoris : Noir<\/p>\n<p>S\u00e9curit\u00e9s comprises :<br \/>\nBouton stop sur la t\u00e9l\u00e9commande 3 vitesses r\u00e9glables sur t\u00e9l\u00e9commande charge maximum autoris\u00e9e 35 kg ceinture de s\u00e9curit\u00e9 hanches<br \/>\nInclus \u00e9galement :<br \/>\nCommandes sonores sur le volant (klaxon, son du moteur, m\u00e9lodies) Chargeur de batterie indicateur digital batterie<\/p>\n<p>&nbsp;<\/p>\n<h6><strong>Garantie 2 ans\u00a0(les retours sont aux frais du client)<\/strong><\/h6>\n<h6><strong>Vous pouvez nous retourner votre achat en ligne si :<\/strong><\/h6>\n<ul>\n<li>\n<h6><strong>Votre produit a \u00e9t\u00e9 livr\u00e9 il y a moins de 7 jours.<\/strong><\/h6>\n<\/li>\n<li>\n<h6><strong>Vous \u00eates toujours en possession de l\u2019emballage d\u2019origine et de son contenu original au complet.<\/strong><\/h6>\n<\/li>\n<li>\n<h6><strong>Vous n\u2019avez pas utilis\u00e9 l\u2019objet et celui-ci est toujours dans son emballage<\/strong><\/h6>\n<\/li>\n<li>\n<h6><strong>Vous avez re\u00e7u un produit incorrect ou inappropri\u00e9 et que l\u2019emballage n\u2019est pas ouvert.<\/strong><\/h6>\n<h6><\/h6>\n<\/li>\n<\/ul>\n<h6><strong>(Les frais de\u00a0retour\u00a0sont \u00e0 la charge du client, sauf en cas d\u2019erreur de notre part et le remboursement se fera seulement apr\u00e8s la r\u00e9ception de nos\u00a0articles)<\/strong><\/h6>\n","protected":false},"excerpt":{"rendered":"<p>CONDUITE AVEC T\u00c9L\u00c9COMMANDE PARENTALE 2.4 ghz soft start , d\u00e9marrage progressif sans accoups et bouton stop afin d&rsquo;arr\u00eater le v\u00e9hicule plus rapidement POUR ENFANTS A PARTIR DE 2 ANS CONDUITE SANS T\u00c9L\u00c9COMMANDE\u00a0 POSSIBLE CAR IL Y A UNE\u00a0 Fonction acc\u00e9l\u00e9rateur p\u00e9dale \/volant Batterie : 12 volts 7 amp\u00e8res Vitesse max du v\u00e9hicule : 7 Surfaces [&hellip;]<\/p>\n","protected":false},"featured_media":14953,"comment_status":"open","ping_status":"closed","template":"","meta":[],"product_brand":[],"product_cat":[30,40],"product_tag":[],"class_list":{"0":"post-6670","1":"product","2":"type-product","3":"status-publish","4":"has-post-thumbnail","6":"product_cat-enfants","7":"product_cat-electriquevoiture","9":"first","10":"instock","11":"sale","12":"taxable","13":"shipping-taxable","14":"purchasable","15":"product-type-variable"},"_links":{"self":[{"href":"https:\/\/royalswiss.myskydoowebsite.com\/index.php?rest_route=\/wp\/v2\/product\/6670","targetHints":{"allow":["GET"]}}],"collection":[{"href":"https:\/\/royalswiss.myskydoowebsite.com\/index.php?rest_route=\/wp\/v2\/product"}],"about":[{"href":"https:\/\/royalswiss.myskydoowebsite.com\/index.php?rest_route=\/wp\/v2\/types\/product"}],"replies":[{"embeddable":true,"href":"https:\/\/royalswiss.myskydoowebsite.com\/index.php?rest_route=%2Fwp%2Fv2%2Fcomments&post=6670"}],"version-history":[{"count":4,"href":"https:\/\/royalswiss.myskydoowebsite.com\/index.php?rest_route=\/wp\/v2\/product\/6670\/revisions"}],"predecessor-version":[{"id":14960,"href":"https:\/\/royalswiss.myskydoowebsite.com\/index.php?rest_route=\/wp\/v2\/product\/6670\/revisions\/14960"}],"wp:featuredmedia":[{"embeddable":true,"href":"https:\/\/royalswiss.myskydoowebsite.com\/index.php?rest_route=\/wp\/v2\/media\/14953"}],"wp:attachment":[{"href":"https:\/\/royalswiss.myskydoowebsite.com\/index.php?rest_route=%2Fwp%2Fv2%2Fmedia&parent=6670"}],"wp:term":[{"taxonomy":"product_brand","embeddable":true,"href":"https:\/\/royalswiss.myskydoowebsite.com\/index.php?rest_route=%2Fwp%2Fv2%2Fproduct_brand&post=6670"},{"taxonomy":"product_cat","embeddable":true,"href":"https:\/\/royalswiss.myskydoowebsite.com\/index.php?rest_route=%2Fwp%2Fv2%2Fproduct_cat&post=6670"},{"taxonomy":"product_tag","embeddable":true,"href":"https:\/\/royalswiss.myskydoowebsite.com\/index.php?rest_route=%2Fwp%2Fv2%2Fproduct_tag&post=6670"}],"curies":[{"name":"wp","href":"https:\/\/api.w.org\/{rel}","templated":true}]}}