{"id":6647,"date":"2019-11-22T19:51:02","date_gmt":"2019-11-22T18:51:02","guid":{"rendered":"https:\/\/royalswiss.myskydoowebsite.com\/?post_type=product&#038;p=6647"},"modified":"2022-11-16T13:37:03","modified_gmt":"2022-11-16T12:37:03","slug":"mercedes-benz-4-x-4-unimog-2-places","status":"publish","type":"product","link":"https:\/\/royalswiss.myskydoowebsite.com\/?product=mercedes-benz-4-x-4-unimog-2-places","title":{"rendered":"Mercedes Benz &#8211; 4 X 4 UNIMOG  &#8211; 2 places"},"content":{"rendered":"<div id=\"descContent\" class=\"fpBlk testSep\" data-cs-override-id=\"Descriptif\">\n<table class=\"fpDescTb fpDescTbPub\">\n<tbody>\n<tr>\n<th colspan=\"2\">Informations g\u00e9n\u00e9rales sur le produit<\/th>\n<\/tr>\n<tr>\n<td>Marque<\/td>\n<td>\u00a0 Mercedes UNIMOG<\/td>\n<\/tr>\n<tr>\n<td>Nom du produit<\/td>\n<td>Voiture \u00e9lectrique miniature Mercedes-Benz UNIMOG<\/td>\n<\/tr>\n<tr>\n<td>Cat\u00e9gorie<\/td>\n<td>VOITURE ELECTRIQUE \/ Buggy ENFANT<\/td>\n<\/tr>\n<tr>\n<th colspan=\"2\">G\u00e9n\u00e9ral<\/th>\n<\/tr>\n<tr>\n<td>Mod\u00e8le<\/td>\n<td>Mercedes Benz Unimog<\/td>\n<\/tr>\n<tr>\n<td>Type de Produit<\/td>\n<td>voiture \u00e9lectrique pour les enfants<\/td>\n<\/tr>\n<tr>\n<td>Age (A partir de)<\/td>\n<td>3 ans<\/td>\n<\/tr>\n<tr>\n<td>Age (Jusqu&rsquo;\u00e0)<\/td>\n<td>6 ans<\/td>\n<\/tr>\n<tr>\n<td>Poids (A partir de)<\/td>\n<td>32 kg<\/td>\n<\/tr>\n<tr>\n<td>Couleur principale<\/td>\n<td>Noir &#8211; Blanc<\/td>\n<\/tr>\n<tr>\n<th colspan=\"2\">Caract\u00e9ristiques du produit<\/th>\n<\/tr>\n<tr>\n<td>Description du produit<\/td>\n<td>MOD\u00c8LE 2019<br \/>\nVoiture g\u00e9ante MERCEDES UNIMOG AVEC T\u00c9L\u00c9COMMANDE 2,4 GHz, batterie 12V \/ 14Ah, d\u00e9marrage en douceur<br \/>\net transmission 4X4<br \/>\nLe Mercedes-Benz Unimog convient \u00e0 deux enfants gr\u00e2ce \u00e0 son \u00e9norme si\u00e8ge double \u00e9quip\u00e9 de ceintures<br \/>\nde s\u00e9curit\u00e9 r\u00e9glables.<br \/>\nLa voiture a des moteurs sur chaque roue et essieux suspendus, assurant une traction int\u00e9grale permanente (4 X 4).<br \/>\nLa voiture est \u00e9galement \u00e9quip\u00e9e de lumi\u00e8res LED. Unit\u00e9 audio innovante avec musique moderne, radio,<br \/>\nUSB, entr\u00e9e Aux et mode Bluetooth.<br \/>\nLes moteurs 4 x 35W, traction int\u00e9grale, 2 avant et 1 arri\u00e8re, le rend appropri\u00e9 pour la conduite hors route.<br \/>\nPossibilit\u00e9 m\u00eame pour les petits enfants &#8211; gr\u00e2ce \u00e0 la vitesse r\u00e9duite et au d\u00e9marrage en douceur !!!<br \/>\nLorsque la p\u00e9dale d&rsquo;acc\u00e9l\u00e9rateur est enfonc\u00e9e, la voiture commence \u00e0 rouler et l&rsquo;acc\u00e9l\u00e9ration est contr\u00f4l\u00e9e \u00e9lectroniquement afin qu&rsquo;elle soit douce. De ce fait, lorsque vous appuyez sur la p\u00e9dale, il n\u2019y a pas de jerk d\u00e9sagr\u00e9able lors du d\u00e9marrage.<\/td>\n<\/tr>\n<tr>\n<td>Nombre de placess<\/td>\n<td>2<\/td>\n<\/tr>\n<tr>\n<td>Fonctions<\/td>\n<td>Batterie: 12V 14ah * 1<br \/>\nMoteurs: 35w * 4<br \/>\nCapacit\u00e9 maximale: 40KGS<br \/>\nAge: 3-6 ans<br \/>\nVitesse: 3-6 km \/ h<br \/>\nTaille du produit: 130 * 85 * 84cm<br \/>\nTaille d&#8217;emballage: 128 * 80 * 46cm<br \/>\nPoids brut: 32.8kgs<br \/>\nPoids net: 27,8 kg<\/td>\n<\/tr>\n<tr>\n<th colspan=\"2\">Poids et Dimensions<\/th>\n<\/tr>\n<tr>\n<td>Dimensions<\/td>\n<td>130 x 85 x 84 cm<\/td>\n<\/tr>\n<tr>\n<th colspan=\"2\">Alimentation<\/th>\n<\/tr>\n<tr>\n<td>Piles fournies<\/td>\n<td>Oui<\/td>\n<\/tr>\n<tr>\n<td>Nombre et type de piles<\/td>\n<td>12V \/ 14Ah<\/td>\n<\/tr>\n<tr>\n<th colspan=\"2\">Garantie<\/th>\n<\/tr>\n<tr>\n<td><\/td>\n<td>\n<h6><strong>Garantie 2 ans\u00a0 sauf pour le moteur et batterie 6 mois (les retours sont aux frais du client)<\/strong><\/h6>\n<h6><strong>Vous pouvez nous retourner votre achat en ligne si :<\/strong><\/h6>\n<ul>\n<li>\n<h6><strong>Votre produit a \u00e9t\u00e9 livr\u00e9 il y a moins de 7 jours.<\/strong><\/h6>\n<\/li>\n<li>\n<h6><strong>Vous \u00eates toujours en possession de l\u2019emballage d\u2019origine et de son contenu original au complet.<\/strong><\/h6>\n<\/li>\n<li>\n<h6><strong>Vous n\u2019avez pas utilis\u00e9 l\u2019objet et celui-ci est toujours dans son emballage<\/strong><\/h6>\n<\/li>\n<li>\n<h6><strong>Vous avez re\u00e7u un produit incorrect ou inappropri\u00e9 et que l\u2019emballage n\u2019est pas ouvert.<\/strong><\/h6>\n<h6><\/h6>\n<\/li>\n<\/ul>\n<h6><strong>(Les frais de\u00a0retour\u00a0sont \u00e0 la charge du client, sauf en cas d\u2019erreur de notre part et le remboursement se fera seulement apr\u00e8s la r\u00e9ception de nos\u00a0articles)<\/strong><\/h6>\n<\/td>\n<\/tr>\n<\/tbody>\n<\/table>\n<\/div>\n<div><\/div>\n<div><\/div>\n<div><\/div>\n<div id=\"8029440\" class=\"jsPertSwCarousel\" data-on-load-event=\"\"><\/div>\n","protected":false},"excerpt":{"rendered":"<p>Informations g\u00e9n\u00e9rales sur le produit Marque \u00a0 Mercedes UNIMOG Nom du produit Voiture \u00e9lectrique miniature Mercedes-Benz UNIMOG Cat\u00e9gorie VOITURE ELECTRIQUE \/ Buggy ENFANT G\u00e9n\u00e9ral Mod\u00e8le Mercedes Benz Unimog Type de Produit voiture \u00e9lectrique pour les enfants Age (A partir de) 3 ans Age (Jusqu&rsquo;\u00e0) 6 ans Poids (A partir de) 32 kg Couleur principale Noir [&hellip;]<\/p>\n","protected":false},"featured_media":14969,"comment_status":"open","ping_status":"closed","template":"","meta":[],"product_brand":[],"product_cat":[30,40],"product_tag":[],"class_list":{"0":"post-6647","1":"product","2":"type-product","3":"status-publish","4":"has-post-thumbnail","6":"product_cat-enfants","7":"product_cat-electriquevoiture","9":"first","10":"instock","11":"sale","12":"taxable","13":"shipping-taxable","14":"purchasable","15":"product-type-variable"},"_links":{"self":[{"href":"https:\/\/royalswiss.myskydoowebsite.com\/index.php?rest_route=\/wp\/v2\/product\/6647","targetHints":{"allow":["GET"]}}],"collection":[{"href":"https:\/\/royalswiss.myskydoowebsite.com\/index.php?rest_route=\/wp\/v2\/product"}],"about":[{"href":"https:\/\/royalswiss.myskydoowebsite.com\/index.php?rest_route=\/wp\/v2\/types\/product"}],"replies":[{"embeddable":true,"href":"https:\/\/royalswiss.myskydoowebsite.com\/index.php?rest_route=%2Fwp%2Fv2%2Fcomments&post=6647"}],"version-history":[{"count":2,"href":"https:\/\/royalswiss.myskydoowebsite.com\/index.php?rest_route=\/wp\/v2\/product\/6647\/revisions"}],"predecessor-version":[{"id":11129,"href":"https:\/\/royalswiss.myskydoowebsite.com\/index.php?rest_route=\/wp\/v2\/product\/6647\/revisions\/11129"}],"wp:featuredmedia":[{"embeddable":true,"href":"https:\/\/royalswiss.myskydoowebsite.com\/index.php?rest_route=\/wp\/v2\/media\/14969"}],"wp:attachment":[{"href":"https:\/\/royalswiss.myskydoowebsite.com\/index.php?rest_route=%2Fwp%2Fv2%2Fmedia&parent=6647"}],"wp:term":[{"taxonomy":"product_brand","embeddable":true,"href":"https:\/\/royalswiss.myskydoowebsite.com\/index.php?rest_route=%2Fwp%2Fv2%2Fproduct_brand&post=6647"},{"taxonomy":"product_cat","embeddable":true,"href":"https:\/\/royalswiss.myskydoowebsite.com\/index.php?rest_route=%2Fwp%2Fv2%2Fproduct_cat&post=6647"},{"taxonomy":"product_tag","embeddable":true,"href":"https:\/\/royalswiss.myskydoowebsite.com\/index.php?rest_route=%2Fwp%2Fv2%2Fproduct_tag&post=6647"}],"curies":[{"name":"wp","href":"https:\/\/api.w.org\/{rel}","templated":true}]}}