{"id":6641,"date":"2019-11-22T19:33:14","date_gmt":"2019-11-22T18:33:14","guid":{"rendered":"https:\/\/royalswiss.myskydoowebsite.com\/?post_type=product&#038;p=6641"},"modified":"2022-10-18T13:16:52","modified_gmt":"2022-10-18T11:16:52","slug":"bentley-continental-super-sports-12-volts","status":"publish","type":"product","link":"https:\/\/royalswiss.myskydoowebsite.com\/?product=bentley-continental-super-sports-12-volts","title":{"rendered":"Bentley Continental Super sports 12 Volts"},"content":{"rendered":"<p>Nouveaut\u00e9 pour ce superbe Continental SUPERSPORT 4&#215;4 de la marque officielle Bentley<br \/>\nTrait\u00e9e en d\u00e9tail, sans pour autant n\u00e9gliger le respect des normes de s\u00e9curit\u00e9 les plus strictes pour les enfants.<\/p>\n<p>CONDUITE AVEC T\u00c9L\u00c9COMMANDE \u2013 RADIOCOMMANDE PARENTALE 2.4 ghz soft start , d\u00e9marrage progressif sans accoups et bouton stop afin d arr\u00eater le v\u00e9hicule plus rapidement<\/p>\n<p>CONDUITE SANS T\u00c9L\u00c9COMMANDE Fonction acc\u00e9l\u00e9rateur p\u00e9dale \/volant<br \/>\nPOUR ENFANTS A PARTIR DE 2 ANS<\/p>\n<p>Lecteur MP3 avec contr\u00f4le de volume + usb &#8211; Sd<br \/>\nCeinture de s\u00e9curit\u00e9 3 points d attache<br \/>\nPortes Ouvrantes-Si\u00e8ges cuir<br \/>\npeinture m\u00e9tal Age :<br \/>\n2 a 6 ans<br \/>\nBatterie :<br \/>\n12 volts 7 amp\u00e8res<br \/>\nNombre de places :<br \/>\n1 grande place si\u00e8ge simili cuir<br \/>\nVitesse max du v\u00e9hicule :<br \/>\n7<br \/>\nSurfaces d\u2019utilisation :<br \/>\nAsphalte, gravier, pelouses et autres surfaces planes et dures<br \/>\nPuissance des moteurs :<br \/>\n2 moteurs arri\u00e8re 2&#215;45 w soit 90 watts<br \/>\nAutonomie :\u00a0 60-80 min temps de recharge 6 a 8 heures<br \/>\nPneus : Pneus en gommes EVA<br \/>\nD\u00e9marrage : D\u00e9marrage bouton<br \/>\nSuspensions :\u00a0 OUI<br \/>\nEclairage :\u00a0 Feux avant et arri\u00e8res +\u00a0 tableau de bord<br \/>\nInterface Audio : USB Prise Jack mp3 SD CARD<br \/>\nDimensions du v\u00e9hicule :\u00a0 134x69x34<br \/>\nPoids du v\u00e9hicule :\u00a0 28<br \/>\nLargeur du si\u00e8ge :\u00a0 47<br \/>\nPortes Ouvrantes : OUI<br \/>\nCouleurs : Noir ou Blanc<br \/>\nS\u00e9curit\u00e9s comprises :<br \/>\nBouton stop sur la t\u00e9l\u00e9commande 3 vitesses r\u00e9glables sur t\u00e9l\u00e9commande charge maximum autoris\u00e9e 35 kg ceinture de s\u00e9curit\u00e9 3 points d attache Freinage automatique<br \/>\nInclus \u00e9galement :<br \/>\nCommandes sonores sur le volant (klaxon, son du moteur, m\u00e9lodies) Chargeur de batterie indicateur digital batterie<\/p>\n<p>&nbsp;<\/p>\n<p>&nbsp;<\/p>\n<p>&nbsp;<\/p>\n<h6><strong>Garantie 2 ans\u00a0(les retours sont aux frais du client)<\/strong><\/h6>\n<h6><strong>Vous pouvez nous retourner votre achat en ligne si :<\/strong><\/h6>\n<ul>\n<li>\n<h6><strong>Votre produit a \u00e9t\u00e9 livr\u00e9 il y a moins de 7 jours.<\/strong><\/h6>\n<\/li>\n<li>\n<h6><strong>Vous \u00eates toujours en possession de l\u2019emballage d\u2019origine et de son contenu original au complet.<\/strong><\/h6>\n<\/li>\n<li>\n<h6><strong>Vous n\u2019avez pas utilis\u00e9 l\u2019objet et celui-ci est toujours dans son emballage<\/strong><\/h6>\n<\/li>\n<li>\n<h6><strong>Vous avez re\u00e7u un produit incorrect ou inappropri\u00e9 et que l\u2019emballage n\u2019est pas ouvert.<\/strong><\/h6>\n<h6><\/h6>\n<\/li>\n<\/ul>\n<h6><strong>(Les frais de\u00a0retour\u00a0sont \u00e0 la charge du client, sauf en cas d\u2019erreur de notre part et le remboursement se fera seulement apr\u00e8s la r\u00e9ception de nos\u00a0articles)<\/strong><\/h6>\n","protected":false},"excerpt":{"rendered":"<p>Nouveaut\u00e9 pour ce superbe Continental SUPERSPORT 4&#215;4 de la marque officielle Bentley Trait\u00e9e en d\u00e9tail, sans pour autant n\u00e9gliger le respect des normes de s\u00e9curit\u00e9 les plus strictes pour les enfants. CONDUITE AVEC T\u00c9L\u00c9COMMANDE \u2013 RADIOCOMMANDE PARENTALE 2.4 ghz soft start , d\u00e9marrage progressif sans accoups et bouton stop afin d arr\u00eater le v\u00e9hicule plus [&hellip;]<\/p>\n","protected":false},"featured_media":14963,"comment_status":"open","ping_status":"closed","template":"","meta":[],"product_brand":[],"product_cat":[30,15,40],"product_tag":[],"class_list":{"0":"post-6641","1":"product","2":"type-product","3":"status-publish","4":"has-post-thumbnail","6":"product_cat-enfants","7":"product_cat-uncategorized","8":"product_cat-electriquevoiture","10":"first","11":"instock","12":"sale","13":"taxable","14":"shipping-taxable","15":"purchasable","16":"product-type-variable"},"_links":{"self":[{"href":"https:\/\/royalswiss.myskydoowebsite.com\/index.php?rest_route=\/wp\/v2\/product\/6641","targetHints":{"allow":["GET"]}}],"collection":[{"href":"https:\/\/royalswiss.myskydoowebsite.com\/index.php?rest_route=\/wp\/v2\/product"}],"about":[{"href":"https:\/\/royalswiss.myskydoowebsite.com\/index.php?rest_route=\/wp\/v2\/types\/product"}],"replies":[{"embeddable":true,"href":"https:\/\/royalswiss.myskydoowebsite.com\/index.php?rest_route=%2Fwp%2Fv2%2Fcomments&post=6641"}],"version-history":[{"count":2,"href":"https:\/\/royalswiss.myskydoowebsite.com\/index.php?rest_route=\/wp\/v2\/product\/6641\/revisions"}],"predecessor-version":[{"id":14968,"href":"https:\/\/royalswiss.myskydoowebsite.com\/index.php?rest_route=\/wp\/v2\/product\/6641\/revisions\/14968"}],"wp:featuredmedia":[{"embeddable":true,"href":"https:\/\/royalswiss.myskydoowebsite.com\/index.php?rest_route=\/wp\/v2\/media\/14963"}],"wp:attachment":[{"href":"https:\/\/royalswiss.myskydoowebsite.com\/index.php?rest_route=%2Fwp%2Fv2%2Fmedia&parent=6641"}],"wp:term":[{"taxonomy":"product_brand","embeddable":true,"href":"https:\/\/royalswiss.myskydoowebsite.com\/index.php?rest_route=%2Fwp%2Fv2%2Fproduct_brand&post=6641"},{"taxonomy":"product_cat","embeddable":true,"href":"https:\/\/royalswiss.myskydoowebsite.com\/index.php?rest_route=%2Fwp%2Fv2%2Fproduct_cat&post=6641"},{"taxonomy":"product_tag","embeddable":true,"href":"https:\/\/royalswiss.myskydoowebsite.com\/index.php?rest_route=%2Fwp%2Fv2%2Fproduct_tag&post=6641"}],"curies":[{"name":"wp","href":"https:\/\/api.w.org\/{rel}","templated":true}]}}