{"id":6504,"date":"2019-10-24T16:26:48","date_gmt":"2019-10-24T14:26:48","guid":{"rendered":"https:\/\/royalswiss.myskydoowebsite.com\/?post_type=product&#038;p=6504"},"modified":"2022-09-05T16:46:31","modified_gmt":"2022-09-05T14:46:31","slug":"set-de-3-marmites-gros-volume","status":"publish","type":"product","link":"https:\/\/royalswiss.myskydoowebsite.com\/?product=set-de-3-marmites-gros-volume","title":{"rendered":"Set de 3 Marmites Gros Volume 30 Litres &#8211; 41 Litres &#8211; 54 Litres"},"content":{"rendered":"<p>Cette batterie de cuisine en inox vous permettras de concocter tout type de plat sans difficult\u00e9 et surtout en tr\u00e8s grosse quantit\u00e9. id\u00e9al pour \u00e9v\u00e9nement, f\u00eate, anniversaire, mariage, Allant sur tout type de feux, gaz, \u00e9lectrique, induction, vitro-c\u00e9ramique, elle n\u2019aura aucun mal \u00e0 int\u00e9gr\u00e9 votre cuisine.<\/p>\n<p>Composition :<\/p>\n<ul>\n<li>1 marmite de 30 Litres<\/li>\n<li>1 marmite de 41 Litres<\/li>\n<li>1 marmite de 54 Litres<\/li>\n<\/ul>\n<p>&nbsp;<\/p>\n","protected":false},"excerpt":{"rendered":"<p>&nbsp;<\/p>\n<p>Composition :<\/p>\n<ul>\n<li>1 marmite de 30 Litres<\/li>\n<li>1 marmite de 41 Litres<\/li>\n<li>1 marmite de 54 Litres<\/li>\n<\/ul>\n","protected":false},"featured_media":14292,"comment_status":"open","ping_status":"closed","template":"","meta":[],"product_brand":[],"product_cat":[38,21],"product_tag":[898],"class_list":{"0":"post-6504","1":"product","2":"type-product","3":"status-publish","4":"has-post-thumbnail","6":"product_cat-casseroles-marmitte","7":"product_cat-cuisine","8":"product_tag-898","10":"first","11":"instock","12":"sale","13":"taxable","14":"shipping-taxable","15":"purchasable","16":"product-type-simple"},"_links":{"self":[{"href":"https:\/\/royalswiss.myskydoowebsite.com\/index.php?rest_route=\/wp\/v2\/product\/6504","targetHints":{"allow":["GET"]}}],"collection":[{"href":"https:\/\/royalswiss.myskydoowebsite.com\/index.php?rest_route=\/wp\/v2\/product"}],"about":[{"href":"https:\/\/royalswiss.myskydoowebsite.com\/index.php?rest_route=\/wp\/v2\/types\/product"}],"replies":[{"embeddable":true,"href":"https:\/\/royalswiss.myskydoowebsite.com\/index.php?rest_route=%2Fwp%2Fv2%2Fcomments&post=6504"}],"version-history":[{"count":2,"href":"https:\/\/royalswiss.myskydoowebsite.com\/index.php?rest_route=\/wp\/v2\/product\/6504\/revisions"}],"predecessor-version":[{"id":6509,"href":"https:\/\/royalswiss.myskydoowebsite.com\/index.php?rest_route=\/wp\/v2\/product\/6504\/revisions\/6509"}],"wp:featuredmedia":[{"embeddable":true,"href":"https:\/\/royalswiss.myskydoowebsite.com\/index.php?rest_route=\/wp\/v2\/media\/14292"}],"wp:attachment":[{"href":"https:\/\/royalswiss.myskydoowebsite.com\/index.php?rest_route=%2Fwp%2Fv2%2Fmedia&parent=6504"}],"wp:term":[{"taxonomy":"product_brand","embeddable":true,"href":"https:\/\/royalswiss.myskydoowebsite.com\/index.php?rest_route=%2Fwp%2Fv2%2Fproduct_brand&post=6504"},{"taxonomy":"product_cat","embeddable":true,"href":"https:\/\/royalswiss.myskydoowebsite.com\/index.php?rest_route=%2Fwp%2Fv2%2Fproduct_cat&post=6504"},{"taxonomy":"product_tag","embeddable":true,"href":"https:\/\/royalswiss.myskydoowebsite.com\/index.php?rest_route=%2Fwp%2Fv2%2Fproduct_tag&post=6504"}],"curies":[{"name":"wp","href":"https:\/\/api.w.org\/{rel}","templated":true}]}}