{"id":6497,"date":"2019-10-24T15:46:35","date_gmt":"2019-10-24T13:46:35","guid":{"rendered":"https:\/\/royalswiss.myskydoowebsite.com\/?post_type=product&#038;p=6497"},"modified":"2022-07-27T19:36:22","modified_gmt":"2022-07-27T17:36:22","slug":"set-de-3-marmites-profonde","status":"publish","type":"product","link":"https:\/\/royalswiss.myskydoowebsite.com\/?product=set-de-3-marmites-profonde","title":{"rendered":"Set de 3 Marmites profonde"},"content":{"rendered":"<p>Cette batterie de cuisine en inox vous permettras de concocter tout type de plat sans difficult\u00e9. Allant sur tout type de feux, gaz, \u00e9lectrique, induction, vitro-c\u00e9ramique, elle n\u2019aura aucun mal \u00e0 int\u00e9gr\u00e9 votre cuisine. Une fois la cuisine termin\u00e9 laisser votre lave-vaisselle s\u2019occuper des casseroles afin qu\u2019il soit pr\u00eat de les nettoyer au mieux.<\/p>\n<p>Composition :<\/p>\n<ul>\n<li>1 marmite de 30 cm (16L)<\/li>\n<li>1 marmite de 32 cm (19L)<\/li>\n<li>1 marmite de 34cm (22.5L)<\/li>\n<\/ul>\n","protected":false},"excerpt":{"rendered":"<p>&nbsp;<\/p>\n<p>Composition :<\/p>\n<ul>\n<li>1 marmite de 30 cm (16L)<\/li>\n<li>1 marmite de 32 cm (19L)<\/li>\n<li>1 marmite de 34cm (22.5L)<\/li>\n<\/ul>\n","protected":false},"featured_media":6501,"comment_status":"open","ping_status":"closed","template":"","meta":[],"product_brand":[],"product_cat":[38,21],"product_tag":[363],"class_list":{"0":"post-6497","1":"product","2":"type-product","3":"status-publish","4":"has-post-thumbnail","6":"product_cat-casseroles-marmitte","7":"product_cat-cuisine","8":"product_tag-363","10":"first","11":"instock","12":"sale","13":"taxable","14":"shipping-taxable","15":"purchasable","16":"product-type-simple"},"_links":{"self":[{"href":"https:\/\/royalswiss.myskydoowebsite.com\/index.php?rest_route=\/wp\/v2\/product\/6497","targetHints":{"allow":["GET"]}}],"collection":[{"href":"https:\/\/royalswiss.myskydoowebsite.com\/index.php?rest_route=\/wp\/v2\/product"}],"about":[{"href":"https:\/\/royalswiss.myskydoowebsite.com\/index.php?rest_route=\/wp\/v2\/types\/product"}],"replies":[{"embeddable":true,"href":"https:\/\/royalswiss.myskydoowebsite.com\/index.php?rest_route=%2Fwp%2Fv2%2Fcomments&post=6497"}],"version-history":[{"count":1,"href":"https:\/\/royalswiss.myskydoowebsite.com\/index.php?rest_route=\/wp\/v2\/product\/6497\/revisions"}],"predecessor-version":[{"id":6503,"href":"https:\/\/royalswiss.myskydoowebsite.com\/index.php?rest_route=\/wp\/v2\/product\/6497\/revisions\/6503"}],"wp:featuredmedia":[{"embeddable":true,"href":"https:\/\/royalswiss.myskydoowebsite.com\/index.php?rest_route=\/wp\/v2\/media\/6501"}],"wp:attachment":[{"href":"https:\/\/royalswiss.myskydoowebsite.com\/index.php?rest_route=%2Fwp%2Fv2%2Fmedia&parent=6497"}],"wp:term":[{"taxonomy":"product_brand","embeddable":true,"href":"https:\/\/royalswiss.myskydoowebsite.com\/index.php?rest_route=%2Fwp%2Fv2%2Fproduct_brand&post=6497"},{"taxonomy":"product_cat","embeddable":true,"href":"https:\/\/royalswiss.myskydoowebsite.com\/index.php?rest_route=%2Fwp%2Fv2%2Fproduct_cat&post=6497"},{"taxonomy":"product_tag","embeddable":true,"href":"https:\/\/royalswiss.myskydoowebsite.com\/index.php?rest_route=%2Fwp%2Fv2%2Fproduct_tag&post=6497"}],"curies":[{"name":"wp","href":"https:\/\/api.w.org\/{rel}","templated":true}]}}