{"id":6480,"date":"2019-10-19T01:44:03","date_gmt":"2019-10-18T23:44:03","guid":{"rendered":"https:\/\/royalswiss.myskydoowebsite.com\/?post_type=product&#038;p=6480"},"modified":"2021-09-07T13:04:45","modified_gmt":"2021-09-07T11:04:45","slug":"pompe-a-eau-thermique-essence","status":"publish","type":"product","link":"https:\/\/royalswiss.myskydoowebsite.com\/?product=pompe-a-eau-thermique-essence","title":{"rendered":"Pompe \u00e0 eau thermique ( essence )"},"content":{"rendered":"<p>La Pompe \u00e0 eau Kraft World est une pompe \u00e0 eau puissante et \u00e9conome qui fonctionne \u00e0 l\u00b4essence et s\u2019av\u00e8re id\u00e9ale pour traiter les grosses quantit\u00e9s d \u00b4eau. Elle dispose de connectiques pour tuyau d\u00b4eau de 3\u2033.<\/p>\n<p>Le moteur robuste \u00e0 essence et \u00e0 4 temps de 6,5 CV \/ 4,78 kW de puissance vous permet de vous passer de courant \u00e9lectrique. Avec son rendement de 60.000L par heure (1000L par minute) cette pompe \u00e0 eau est id\u00e9ale pour les travaux de jardin, pour arroser les espaces verts ou pour vider les piscines. Son rendement est en outre r\u00e9glable en continu. Un filtre contenu dans la livraison permet \u00e9galement d\u00b4utiliser la pompe pour vider les bassins, fontaines, citernes, etc..<\/p>\n<p>La pompe \u00e0 eau d\u00e9marre en tirant son c\u00e2ble. L\u00b4appareil dispose \u00e9galement d\u00b4une s\u00e9curit\u00e9 contre le manque d\u00b4essence pour plus de s\u00e9curit\u00e9 concernant le moteur. Le montage tr\u00e8s simple facilite l\u00b4utilisation et l\u00b4entretien de l \u00b4appareil. Sa forme compacte et son ch\u00e2ssis en acier stable la pr\u00e9disposent \u00e0 une utilisation mobile.<\/p>\n<p>La livraison ne contient ni essence, ni p\u00e9trole. A utiliser seulement avec de l\u00b4essence sans plomb!<\/p>\n<p>&nbsp;<\/p>\n<h6><strong>(les retours sont aux frais du client)<\/strong><\/h6>\n<h6><strong>Vous pouvez nous retourner votre achat en ligne si :<\/strong><\/h6>\n<ul>\n<li>\n<h6><strong>Votre produit a \u00e9t\u00e9 livr\u00e9 il y a moins de 7 jours.<\/strong><\/h6>\n<\/li>\n<li>\n<h6><strong>Vous \u00eates toujours en possession de l&#8217;emballage d&rsquo;origine et de son contenu original au complet.<\/strong><\/h6>\n<\/li>\n<li>\n<h6><strong>Vous n&rsquo;avez pas utilis\u00e9 l&rsquo;objet et celui-ci est toujours dans son emballage<\/strong><\/h6>\n<\/li>\n<li>\n<h6><strong>Vous avez re\u00e7u un produit incorrect ou inappropri\u00e9 et que l&#8217;emballage n&rsquo;est pas ouvert.<\/strong><\/h6>\n<h6><\/h6>\n<\/li>\n<\/ul>\n<h6><strong>(Les frais de\u00a0retour\u00a0sont \u00e0 la charge du client, sauf en cas d&rsquo;erreur de notre part et le remboursement se fera seulement apr\u00e8s la r\u00e9ception de nos\u00a0articles)<\/strong><\/h6>\n<h6><\/h6>\n","protected":false},"excerpt":{"rendered":"<p>&nbsp;<\/p>\n<p><strong>Caract\u00e9ristiques principales : (Voir Description plus bas)\u00a0<\/strong><\/p>\n<ul>\n<li>000 l\/h<\/li>\n<li>Connectique tuyau 3\u2033<\/li>\n<li>Moteur puissant<\/li>\n<li>Ventilateur de refroidissement<\/li>\n<li>Appareil hautement qualitatif<\/li>\n<li>D\u00e9marrage via tirage de c\u00e2ble<\/li>\n<li>S\u00e9curit\u00e9 contre le manque d\u00b4essence<\/li>\n<li>Moteur : Moteur \u00e0 essence, 4 temps, refroidi par air<\/li>\n<li>Capacit\u00e9 : 196 ccm<\/li>\n<li>Puissance : 6,5 CV \/ 4,78 kW<\/li>\n<li>Carburant : Essence sans plomb<\/li>\n<li>Capacit\u00e9 r\u00e9servoir : 3,6 Litre<\/li>\n<li>Quantit\u00e9 huile : 0,6 Litre<\/li>\n<li>Autonomie : 8-9 heures<\/li>\n<\/ul>\n<p><strong>Donn\u00e9es techniques<\/strong><\/p>\n<ul>\n<li>Rendement: 60.000 l\/h<\/li>\n<li>Hauteur d\u2019eau max.: 30m<\/li>\n<li>Hauteur d\u2019aspiration max.: 7m<\/li>\n<li>Connection du tuyau: 3\u2033<\/li>\n<li>Dimensions (L x l x H): 510 x 380 x 405 mm<\/li>\n<li>Poids: 24,7 kg<\/li>\n<li>Marque Pro Kraft Belgium<\/li>\n<li>Type de carburantEssence<\/li>\n<li>Technologie moteur4 temps<\/li>\n<li>Caract\u00e9ristiques Portable<\/li>\n<li>Hauteur de refoulement 7 m<\/li>\n<li>Diam\u00e8tre de connection76.2 mm<\/li>\n<li>Puissance nominale6.5 HP<\/li>\n<li>7 kg<\/li>\n<\/ul>\n","protected":false},"featured_media":10977,"comment_status":"open","ping_status":"closed","template":"","meta":[],"product_brand":[],"product_cat":[32],"product_tag":[154],"class_list":{"0":"post-6480","1":"product","2":"type-product","3":"status-publish","4":"has-post-thumbnail","6":"product_cat-outil","7":"product_tag-154","9":"first","10":"instock","11":"sale","12":"taxable","13":"shipping-taxable","14":"purchasable","15":"product-type-simple"},"_links":{"self":[{"href":"https:\/\/royalswiss.myskydoowebsite.com\/index.php?rest_route=\/wp\/v2\/product\/6480","targetHints":{"allow":["GET"]}}],"collection":[{"href":"https:\/\/royalswiss.myskydoowebsite.com\/index.php?rest_route=\/wp\/v2\/product"}],"about":[{"href":"https:\/\/royalswiss.myskydoowebsite.com\/index.php?rest_route=\/wp\/v2\/types\/product"}],"replies":[{"embeddable":true,"href":"https:\/\/royalswiss.myskydoowebsite.com\/index.php?rest_route=%2Fwp%2Fv2%2Fcomments&post=6480"}],"version-history":[{"count":1,"href":"https:\/\/royalswiss.myskydoowebsite.com\/index.php?rest_route=\/wp\/v2\/product\/6480\/revisions"}],"predecessor-version":[{"id":6483,"href":"https:\/\/royalswiss.myskydoowebsite.com\/index.php?rest_route=\/wp\/v2\/product\/6480\/revisions\/6483"}],"wp:featuredmedia":[{"embeddable":true,"href":"https:\/\/royalswiss.myskydoowebsite.com\/index.php?rest_route=\/wp\/v2\/media\/10977"}],"wp:attachment":[{"href":"https:\/\/royalswiss.myskydoowebsite.com\/index.php?rest_route=%2Fwp%2Fv2%2Fmedia&parent=6480"}],"wp:term":[{"taxonomy":"product_brand","embeddable":true,"href":"https:\/\/royalswiss.myskydoowebsite.com\/index.php?rest_route=%2Fwp%2Fv2%2Fproduct_brand&post=6480"},{"taxonomy":"product_cat","embeddable":true,"href":"https:\/\/royalswiss.myskydoowebsite.com\/index.php?rest_route=%2Fwp%2Fv2%2Fproduct_cat&post=6480"},{"taxonomy":"product_tag","embeddable":true,"href":"https:\/\/royalswiss.myskydoowebsite.com\/index.php?rest_route=%2Fwp%2Fv2%2Fproduct_tag&post=6480"}],"curies":[{"name":"wp","href":"https:\/\/api.w.org\/{rel}","templated":true}]}}