{"id":6474,"date":"2019-10-19T01:22:42","date_gmt":"2019-10-18T23:22:42","guid":{"rendered":"https:\/\/royalswiss.myskydoowebsite.com\/?post_type=product&#038;p=6474"},"modified":"2021-09-07T13:09:23","modified_gmt":"2021-09-07T11:09:23","slug":"disqueuse-meuleuse-24-volts","status":"publish","type":"product","link":"https:\/\/royalswiss.myskydoowebsite.com\/?product=disqueuse-meuleuse-24-volts","title":{"rendered":"Disqueuse , meuleuse 24 Volts , 2 batteries"},"content":{"rendered":"<p>La d\u00e9coupe de tubes m\u00e9talliques ou de dalles de pierre devient un jeux d&rsquo;enfants.\u00a0 la meuleuse d\u2019angle Kraft World 24 Volts est tr\u00e8s compacte et mince, de sorte qu\u2019elle tienne bien dans la main et qu\u2019elle soit confortable \u00e0 utiliser. Quelle que soit l\u2019intensit\u00e9 de votre travail, la meuleuse est prot\u00e9g\u00e9e de fa\u00e7on optimale contre la poussi\u00e8re et le gravier qui s\u2019en d\u00e9gagent, de sorte qu\u2019elle dure des ann\u00e9es. Le disque de meulage ou d\u2019\u00e9barbage de 125 millim\u00e8tres tourne \u00e0 une vitesse \u00e0 vide de 7 000 tours par minute. La s\u00e9curit\u00e9 de l\u2019utilisateur est prise en compte en \u00e9quipant l\u2019appareil d\u2019une protection de red\u00e9marrage qui emp\u00eache le d\u00e9marrage intempestif de la machine.<\/p>\n<p>&nbsp;<\/p>\n<p>&nbsp;<\/p>\n<h6><strong>Garantie 2 ans\u00a0(les retours sont aux frais du client)<\/strong><\/h6>\n<h6><strong>Vous pouvez nous retourner votre achat en ligne si :<\/strong><\/h6>\n<ul>\n<li>\n<h6><strong>Votre produit a \u00e9t\u00e9 livr\u00e9 il y a moins de 7 jours.<\/strong><\/h6>\n<\/li>\n<li>\n<h6><strong>Vous \u00eates toujours en possession de l&#8217;emballage d&rsquo;origine et de son contenu original au complet.<\/strong><\/h6>\n<\/li>\n<li>\n<h6><strong>Vous n&rsquo;avez pas utilis\u00e9 l&rsquo;objet et celui-ci est toujours dans son emballage<\/strong><\/h6>\n<\/li>\n<li>\n<h6><strong>Vous avez re\u00e7u un produit incorrect ou inappropri\u00e9 et que l&#8217;emballage n&rsquo;est pas ouvert.<\/strong><\/h6>\n<h6><\/h6>\n<\/li>\n<\/ul>\n<h6><strong>(Les frais de\u00a0retour\u00a0sont \u00e0 la charge du client, sauf en cas d&rsquo;erreur de notre part et le remboursement se fera seulement apr\u00e8s la r\u00e9ception de nos\u00a0articles)<\/strong><\/h6>\n<h6><\/h6>\n<p>&nbsp;<\/p>\n","protected":false},"excerpt":{"rendered":"<p>Sp\u00e9cificit\u00e9s : ( voir Description plus bas )<\/p>\n<ul>\n<li>Voltage : 24 volt<\/li>\n<li>Diam\u00e8tre du disque : 125 mm<\/li>\n<li>Capacit\u00e9 de la batterie : 3.0 Ah lithium \u2013Li-ion Batterie (charge en 1h )<\/li>\n<li>Vitesse \u00e0 vide : 7000 rpm<\/li>\n<li>Fil de broche : M14<\/li>\n<li>Se recharge rapidement en 1H<\/li>\n<li>Poign\u00e9e \u00e0 deux positions<\/li>\n<li>Interrupteur de verrouillage<\/li>\n<li>Poign\u00e9e souple<\/li>\n<li>1 Batterie suppl\u00e9mentaire possible<\/li>\n<\/ul>\n","protected":false},"featured_media":10969,"comment_status":"open","ping_status":"closed","template":"","meta":[],"product_brand":[],"product_cat":[32],"product_tag":[],"class_list":{"0":"post-6474","1":"product","2":"type-product","3":"status-publish","4":"has-post-thumbnail","6":"product_cat-outil","8":"first","9":"instock","10":"sale","11":"taxable","12":"shipping-taxable","13":"purchasable","14":"product-type-simple"},"_links":{"self":[{"href":"https:\/\/royalswiss.myskydoowebsite.com\/index.php?rest_route=\/wp\/v2\/product\/6474","targetHints":{"allow":["GET"]}}],"collection":[{"href":"https:\/\/royalswiss.myskydoowebsite.com\/index.php?rest_route=\/wp\/v2\/product"}],"about":[{"href":"https:\/\/royalswiss.myskydoowebsite.com\/index.php?rest_route=\/wp\/v2\/types\/product"}],"replies":[{"embeddable":true,"href":"https:\/\/royalswiss.myskydoowebsite.com\/index.php?rest_route=%2Fwp%2Fv2%2Fcomments&post=6474"}],"version-history":[{"count":4,"href":"https:\/\/royalswiss.myskydoowebsite.com\/index.php?rest_route=\/wp\/v2\/product\/6474\/revisions"}],"predecessor-version":[{"id":12991,"href":"https:\/\/royalswiss.myskydoowebsite.com\/index.php?rest_route=\/wp\/v2\/product\/6474\/revisions\/12991"}],"wp:featuredmedia":[{"embeddable":true,"href":"https:\/\/royalswiss.myskydoowebsite.com\/index.php?rest_route=\/wp\/v2\/media\/10969"}],"wp:attachment":[{"href":"https:\/\/royalswiss.myskydoowebsite.com\/index.php?rest_route=%2Fwp%2Fv2%2Fmedia&parent=6474"}],"wp:term":[{"taxonomy":"product_brand","embeddable":true,"href":"https:\/\/royalswiss.myskydoowebsite.com\/index.php?rest_route=%2Fwp%2Fv2%2Fproduct_brand&post=6474"},{"taxonomy":"product_cat","embeddable":true,"href":"https:\/\/royalswiss.myskydoowebsite.com\/index.php?rest_route=%2Fwp%2Fv2%2Fproduct_cat&post=6474"},{"taxonomy":"product_tag","embeddable":true,"href":"https:\/\/royalswiss.myskydoowebsite.com\/index.php?rest_route=%2Fwp%2Fv2%2Fproduct_tag&post=6474"}],"curies":[{"name":"wp","href":"https:\/\/api.w.org\/{rel}","templated":true}]}}