{"id":6471,"date":"2019-10-19T01:05:20","date_gmt":"2019-10-18T23:05:20","guid":{"rendered":"https:\/\/royalswiss.myskydoowebsite.com\/?post_type=product&#038;p=6471"},"modified":"2021-09-07T13:09:57","modified_gmt":"2021-09-07T11:09:57","slug":"debroussailleuse-multifonction-thermique-4-en-1","status":"publish","type":"product","link":"https:\/\/royalswiss.myskydoowebsite.com\/?product=debroussailleuse-multifonction-thermique-4-en-1","title":{"rendered":"D\u00e9broussailleuse Multifonction thermique 4 en 1"},"content":{"rendered":"<p>Notre d\u00e9broussailleuse multifonction 4 en 1 est un outil complet et polyvalent, permettant d\u2019assurer toutes les t\u00e2ches d\u2019entretien de vos espaces verts. Gr\u00e2ce \u00e0 un syst\u00e8me d\u2019emmanchement simple et rapide, vous pouvez adapter l\u2019\u00e9l\u00e9ment de votre choix (tron\u00e7onneuse, d\u00e9broussailleuse \u00e0 fil, d\u00e9broussailleuse \u00e0 lame, taille-haies). Il est \u00e9quip\u00e9 d\u2019une pompe d\u2019amor\u00e7age pour un d\u00e9marrage sans effort. Livr\u00e9 avec une rallonge pour acc\u00e9der aux endroits les plus difficiles.<\/p>\n<p>&nbsp;<\/p>\n<h6><strong>Garantie 2 ans\u00a0(les retours sont aux frais du client)<\/strong><\/h6>\n<h6><strong>Vous pouvez nous retourner votre achat en ligne si :<\/strong><\/h6>\n<ul>\n<li>\n<h6><strong>Votre produit a \u00e9t\u00e9 livr\u00e9 il y a moins de 7 jours.<\/strong><\/h6>\n<\/li>\n<li>\n<h6><strong>Vous \u00eates toujours en possession de l&#8217;emballage d&rsquo;origine et de son contenu original au complet.<\/strong><\/h6>\n<\/li>\n<li>\n<h6><strong>Vous n&rsquo;avez pas utilis\u00e9 l&rsquo;objet et celui-ci est toujours dans son emballage<\/strong><\/h6>\n<\/li>\n<li>\n<h6><strong>Vous avez re\u00e7u un produit incorrect ou inappropri\u00e9 et que l&#8217;emballage n&rsquo;est pas ouvert.<\/strong><\/h6>\n<h6><\/h6>\n<\/li>\n<\/ul>\n<h6><strong>(Les frais de\u00a0retour\u00a0sont \u00e0 la charge du client, sauf en cas d&rsquo;erreur de notre part et le remboursement se fera seulement apr\u00e8s la r\u00e9ception de nos\u00a0articles)<\/strong><\/h6>\n<h6><\/h6>\n","protected":false},"excerpt":{"rendered":"<p>&nbsp;<\/p>\n<h6><strong>Caract\u00e9ristiques techniques<\/strong> : ( Voir Description plus bas )<\/h6>\n<ul>\n<li>Marque Belge : Kraft World<\/li>\n<li>4 en 1\u00a0: tron\u00e7onneuse, d\u00e9broussailleuse \u00e0 fil, d\u00e9broussailleuse \u00e0 lame, taille-haies<\/li>\n<li>Moteur : 2 temps refroidi par air<\/li>\n<li>Homologation : CE, T\u00dcV, GS<\/li>\n<li>Cylindr\u00e9e : 52 cm3<\/li>\n<li>Puissance : 3 CV (2.2 kW)<\/li>\n<li>Dispositif de d\u00e9marrage facile<\/li>\n<li>Carburant : M\u00e9lange SP95 ou SP98 + 2,5% d\u2019huile de synth\u00e8se pour moteur 2 temps<\/li>\n<li>Volume du r\u00e9servoir d\u2019essence : 1 litre<\/li>\n<li>Arbre de transmission : Cardan en acier 9 cannelures<\/li>\n<li>Poids: 8.7 kg (poids total hors carburant)<\/li>\n<li>Notice en Fran\u00e7ais : Oui<\/li>\n<li>\u00c9l\u00e9ment \u00e9lagueuse : Guide tron\u00e7onneuse : 30 cm Cha\u00eene 44 maillons 3\/8 \u2013 1.3<\/li>\n<li>Longueur totale : 215 cm (ou 315 cm avec la rallonge) Prot\u00e8ge guide<\/li>\n<li>\u00c9l\u00e9ment taille-haies : Longueur de lame : 45 cm Longueur totale : 230 cm (ou 330 cm avec la rallonge) \u00c9cartement des dents : 24 mm La lame du taille-haies est r\u00e9glable sous tous les angles, appropri\u00e9 pour la taille horizontale et verticale<\/li>\n<li>\u00c9l\u00e9ment d\u00e9broussailleuse : L\u2019\u00e9l\u00e9ment d\u00e9broussailleuse dispose d\u2019une t\u00eate unique sur laquelle vous pouvez adapter : \u2013 Le double fil de coupe (2.4 mm) semi-automatique \u2013 La lame de fauchage \u00e0 3 dents<\/li>\n<li>Contenu du colis : D\u00e9broussailleuse 4 en 1 + tous les \u00e9l\u00e9ments et accessoires d\u00e9crits ci-dessus Rallonge 1 m\u00e8tre Cha\u00eene pour tron\u00e7onneuse Sangle de transport Bidon pour m\u00e9lange Cl\u00e9 \u00e0 bougie et tournevis Prot\u00e8ge guide<\/li>\n<\/ul>\n","protected":false},"featured_media":6472,"comment_status":"open","ping_status":"closed","template":"","meta":[],"product_brand":[],"product_cat":[32],"product_tag":[],"class_list":{"0":"post-6471","1":"product","2":"type-product","3":"status-publish","4":"has-post-thumbnail","6":"product_cat-outil","8":"first","9":"instock","10":"sale","11":"taxable","12":"shipping-taxable","13":"purchasable","14":"product-type-simple"},"_links":{"self":[{"href":"https:\/\/royalswiss.myskydoowebsite.com\/index.php?rest_route=\/wp\/v2\/product\/6471","targetHints":{"allow":["GET"]}}],"collection":[{"href":"https:\/\/royalswiss.myskydoowebsite.com\/index.php?rest_route=\/wp\/v2\/product"}],"about":[{"href":"https:\/\/royalswiss.myskydoowebsite.com\/index.php?rest_route=\/wp\/v2\/types\/product"}],"replies":[{"embeddable":true,"href":"https:\/\/royalswiss.myskydoowebsite.com\/index.php?rest_route=%2Fwp%2Fv2%2Fcomments&post=6471"}],"version-history":[{"count":2,"href":"https:\/\/royalswiss.myskydoowebsite.com\/index.php?rest_route=\/wp\/v2\/product\/6471\/revisions"}],"predecessor-version":[{"id":11233,"href":"https:\/\/royalswiss.myskydoowebsite.com\/index.php?rest_route=\/wp\/v2\/product\/6471\/revisions\/11233"}],"wp:featuredmedia":[{"embeddable":true,"href":"https:\/\/royalswiss.myskydoowebsite.com\/index.php?rest_route=\/wp\/v2\/media\/6472"}],"wp:attachment":[{"href":"https:\/\/royalswiss.myskydoowebsite.com\/index.php?rest_route=%2Fwp%2Fv2%2Fmedia&parent=6471"}],"wp:term":[{"taxonomy":"product_brand","embeddable":true,"href":"https:\/\/royalswiss.myskydoowebsite.com\/index.php?rest_route=%2Fwp%2Fv2%2Fproduct_brand&post=6471"},{"taxonomy":"product_cat","embeddable":true,"href":"https:\/\/royalswiss.myskydoowebsite.com\/index.php?rest_route=%2Fwp%2Fv2%2Fproduct_cat&post=6471"},{"taxonomy":"product_tag","embeddable":true,"href":"https:\/\/royalswiss.myskydoowebsite.com\/index.php?rest_route=%2Fwp%2Fv2%2Fproduct_tag&post=6471"}],"curies":[{"name":"wp","href":"https:\/\/api.w.org\/{rel}","templated":true}]}}