{"id":6459,"date":"2019-10-19T00:37:23","date_gmt":"2019-10-18T22:37:23","guid":{"rendered":"https:\/\/royalswiss.myskydoowebsite.com\/?post_type=product&#038;p=6459"},"modified":"2021-09-07T13:11:32","modified_gmt":"2021-09-07T11:11:32","slug":"poste-a-souder","status":"publish","type":"product","link":"https:\/\/royalswiss.myskydoowebsite.com\/?product=poste-a-souder","title":{"rendered":"Poste \u00e0 Souder"},"content":{"rendered":"<p>efficacit\u00e9, \u00e9conomie d\u2019\u00e9nergie, arc compact et stable, bon effet de soudage, tension \u00e0 vide \u00e9lev\u00e9e, bonne capacit\u00e9 de compensation de force et multi-usage. Il peut souder l\u2019acier inoxydable, l\u2019acier alli\u00e9, l\u2019acier au carbone, le cuivre et d\u2019autres m\u00e9taux de couleur. Il peut s\u2019appliquer \u00e0 des \u00e9lectrodes de sp\u00e9cifications et de mat\u00e9riaux diff\u00e9rents, notamment l\u2019acidit\u00e9, l\u2019alcalescence et les fibres. Il peut s\u2019appliquer en haute altitude, en plein air et \u00e0 l\u2019int\u00e9rieur et \u00e0 l\u2019ext\u00e9rieur. Compar\u00e9 aux m\u00eames produits de la maison et \u00e0 l\u2019\u00e9tranger, il est compact, l\u00e9ger, facile \u00e0 installer et \u00e0 utiliser.<\/p>\n<p>&nbsp;<\/p>\n<h6><strong>Garantie 2 ans\u00a0(les retours sont aux frais du client)<\/strong><\/h6>\n<h6><strong>Vous pouvez nous retourner votre achat en ligne si :<\/strong><\/h6>\n<ul>\n<li>\n<h6><strong>Votre produit a \u00e9t\u00e9 livr\u00e9 il y a moins de 7 jours.<\/strong><\/h6>\n<\/li>\n<li>\n<h6><strong>Vous \u00eates toujours en possession de l&#8217;emballage d&rsquo;origine et de son contenu original au complet.<\/strong><\/h6>\n<\/li>\n<li>\n<h6><strong>Vous n&rsquo;avez pas utilis\u00e9 l&rsquo;objet et celui-ci est toujours dans son emballage<\/strong><\/h6>\n<\/li>\n<li>\n<h6><strong>Vous avez re\u00e7u un produit incorrect ou inappropri\u00e9 et que l&#8217;emballage n&rsquo;est pas ouvert.<\/strong><\/h6>\n<h6><\/h6>\n<\/li>\n<\/ul>\n<h6><strong>(Les frais de\u00a0retour\u00a0sont \u00e0 la charge du client, sauf en cas d&rsquo;erreur de notre part et le remboursement se fera seulement apr\u00e8s la r\u00e9ception de nos\u00a0articles)<\/strong><\/h6>\n<p>&nbsp;<\/p>\n","protected":false},"excerpt":{"rendered":"<p>&nbsp;<\/p>\n<p>Sp\u00e9cificit\u00e9\u00a0:<\/p>\n<ul>\n<li>Tension d\u2019alimentation : 220 (V)<\/li>\n<li>Fr\u00e9quence : 50\/60(Hz)<\/li>\n<li>Amp\u00e9rage 300, 250 ou 200<\/li>\n<li>Tension \u00e0 vide : 70(V)<\/li>\n<li>Courant de sortie : 20-300 (A)<\/li>\n<li>Cycle d\u2019utilisation : 60 (%)<\/li>\n<li>Perte \u00e0 vide : 40 (W)<\/li>\n<li>Efficacit\u00e9 : 0.85 Facteur de puissance : 0.93<\/li>\n<li>Niveau d\u2019isolation : F Protection de la maison : IP21<\/li>\n<\/ul>\n","protected":false},"featured_media":6467,"comment_status":"open","ping_status":"closed","template":"","meta":[],"product_brand":[],"product_cat":[32],"product_tag":[157,158,159],"class_list":{"0":"post-6459","1":"product","2":"type-product","3":"status-publish","4":"has-post-thumbnail","6":"product_cat-outil","7":"product_tag-157","8":"product_tag-158","9":"product_tag-159","11":"first","12":"instock","13":"sale","14":"taxable","15":"shipping-taxable","16":"purchasable","17":"product-type-variable"},"_links":{"self":[{"href":"https:\/\/royalswiss.myskydoowebsite.com\/index.php?rest_route=\/wp\/v2\/product\/6459","targetHints":{"allow":["GET"]}}],"collection":[{"href":"https:\/\/royalswiss.myskydoowebsite.com\/index.php?rest_route=\/wp\/v2\/product"}],"about":[{"href":"https:\/\/royalswiss.myskydoowebsite.com\/index.php?rest_route=\/wp\/v2\/types\/product"}],"replies":[{"embeddable":true,"href":"https:\/\/royalswiss.myskydoowebsite.com\/index.php?rest_route=%2Fwp%2Fv2%2Fcomments&post=6459"}],"version-history":[{"count":3,"href":"https:\/\/royalswiss.myskydoowebsite.com\/index.php?rest_route=\/wp\/v2\/product\/6459\/revisions"}],"predecessor-version":[{"id":6470,"href":"https:\/\/royalswiss.myskydoowebsite.com\/index.php?rest_route=\/wp\/v2\/product\/6459\/revisions\/6470"}],"wp:featuredmedia":[{"embeddable":true,"href":"https:\/\/royalswiss.myskydoowebsite.com\/index.php?rest_route=\/wp\/v2\/media\/6467"}],"wp:attachment":[{"href":"https:\/\/royalswiss.myskydoowebsite.com\/index.php?rest_route=%2Fwp%2Fv2%2Fmedia&parent=6459"}],"wp:term":[{"taxonomy":"product_brand","embeddable":true,"href":"https:\/\/royalswiss.myskydoowebsite.com\/index.php?rest_route=%2Fwp%2Fv2%2Fproduct_brand&post=6459"},{"taxonomy":"product_cat","embeddable":true,"href":"https:\/\/royalswiss.myskydoowebsite.com\/index.php?rest_route=%2Fwp%2Fv2%2Fproduct_cat&post=6459"},{"taxonomy":"product_tag","embeddable":true,"href":"https:\/\/royalswiss.myskydoowebsite.com\/index.php?rest_route=%2Fwp%2Fv2%2Fproduct_tag&post=6459"}],"curies":[{"name":"wp","href":"https:\/\/api.w.org\/{rel}","templated":true}]}}