{"id":6449,"date":"2019-10-18T20:58:51","date_gmt":"2019-10-18T18:58:51","guid":{"rendered":"https:\/\/royalswiss.myskydoowebsite.com\/?post_type=product&#038;p=6449"},"modified":"2021-09-07T13:19:02","modified_gmt":"2021-09-07T11:19:02","slug":"marteau-pic-perforateur-perceuse","status":"publish","type":"product","link":"https:\/\/royalswiss.myskydoowebsite.com\/?product=marteau-pic-perforateur-perceuse","title":{"rendered":"coffret Perforateur Perceuse Sans Fil &#8211; Deux Batteries 24V\/ 3Ah"},"content":{"rendered":"<p>Energie \u00e0 l\u2019impact: 1.8 J<\/p>\n<div class=\"col-6 bg-secondary\">\n<div class=\"py-2\">Battements par minute: 4850<\/div>\n<\/div>\n<p>Charge rapide<\/p>\n<p>Dans la boite: 2 batteries + Chargeur + accessoires<\/p>\n<p>&nbsp;<\/p>\n<h6><strong>Garantie 2 ans\u00a0(les retours sont aux frais du client)<\/strong><\/h6>\n<h6><strong>Vous pouvez nous retourner votre achat en ligne si :<\/strong><\/h6>\n<ul>\n<li>\n<h6><strong>Votre produit a \u00e9t\u00e9 livr\u00e9 il y a moins de 7 jours.<\/strong><\/h6>\n<\/li>\n<li>\n<h6><strong>Vous \u00eates toujours en possession de l&#8217;emballage d&rsquo;origine et de son contenu original au complet.<\/strong><\/h6>\n<\/li>\n<li>\n<h6><strong>Vous n&rsquo;avez pas utilis\u00e9 l&rsquo;objet et celui-ci est toujours dans son emballage<\/strong><\/h6>\n<\/li>\n<li>\n<h6><strong>Vous avez re\u00e7u un produit incorrect ou inappropri\u00e9 et que l&#8217;emballage n&rsquo;est pas ouvert.<\/strong><\/h6>\n<h6><\/h6>\n<\/li>\n<\/ul>\n<h6><strong>(Les frais de\u00a0retour\u00a0sont \u00e0 la charge du client, sauf en cas d&rsquo;erreur de notre part et le remboursement se fera seulement apr\u00e8s la r\u00e9ception de nos\u00a0articles)<\/strong><\/h6>\n","protected":false},"excerpt":{"rendered":"<p>&nbsp;<\/p>\n<p>Sp\u00e9cification :<\/p>\n<ul>\n<li>230V\/50Hz Tension<\/li>\n<li>Fr\u00e9quence du chargeur 24V<\/li>\n<li>Tension nominale 0-550rpm<\/li>\n<li>Vitesse de rotation 1er 19+1 Positions de couple<\/li>\n<li>1 heure Temps de charge 1200mAh Capacit\u00e9 de la batterie Ni-CD<\/li>\n<li>Type de batterie 24Nm Couple max<\/li>\n<li>10mm Capacit\u00e9 de per\u00e7age acier<\/li>\n<li>20mm Capacit\u00e9 de per\u00e7age bois<\/li>\n<li>Type de mandrin\u00a0: Mandrin auto serrant Sanou<\/li>\n<\/ul>\n","protected":false},"featured_media":10973,"comment_status":"open","ping_status":"closed","template":"","meta":[],"product_brand":[],"product_cat":[32],"product_tag":[71],"class_list":{"0":"post-6449","1":"product","2":"type-product","3":"status-publish","4":"has-post-thumbnail","6":"product_cat-outil","7":"product_tag-71","9":"first","10":"instock","11":"sale","12":"taxable","13":"shipping-taxable","14":"purchasable","15":"product-type-simple"},"_links":{"self":[{"href":"https:\/\/royalswiss.myskydoowebsite.com\/index.php?rest_route=\/wp\/v2\/product\/6449","targetHints":{"allow":["GET"]}}],"collection":[{"href":"https:\/\/royalswiss.myskydoowebsite.com\/index.php?rest_route=\/wp\/v2\/product"}],"about":[{"href":"https:\/\/royalswiss.myskydoowebsite.com\/index.php?rest_route=\/wp\/v2\/types\/product"}],"replies":[{"embeddable":true,"href":"https:\/\/royalswiss.myskydoowebsite.com\/index.php?rest_route=%2Fwp%2Fv2%2Fcomments&post=6449"}],"version-history":[{"count":4,"href":"https:\/\/royalswiss.myskydoowebsite.com\/index.php?rest_route=\/wp\/v2\/product\/6449\/revisions"}],"predecessor-version":[{"id":10976,"href":"https:\/\/royalswiss.myskydoowebsite.com\/index.php?rest_route=\/wp\/v2\/product\/6449\/revisions\/10976"}],"wp:featuredmedia":[{"embeddable":true,"href":"https:\/\/royalswiss.myskydoowebsite.com\/index.php?rest_route=\/wp\/v2\/media\/10973"}],"wp:attachment":[{"href":"https:\/\/royalswiss.myskydoowebsite.com\/index.php?rest_route=%2Fwp%2Fv2%2Fmedia&parent=6449"}],"wp:term":[{"taxonomy":"product_brand","embeddable":true,"href":"https:\/\/royalswiss.myskydoowebsite.com\/index.php?rest_route=%2Fwp%2Fv2%2Fproduct_brand&post=6449"},{"taxonomy":"product_cat","embeddable":true,"href":"https:\/\/royalswiss.myskydoowebsite.com\/index.php?rest_route=%2Fwp%2Fv2%2Fproduct_cat&post=6449"},{"taxonomy":"product_tag","embeddable":true,"href":"https:\/\/royalswiss.myskydoowebsite.com\/index.php?rest_route=%2Fwp%2Fv2%2Fproduct_tag&post=6449"}],"curies":[{"name":"wp","href":"https:\/\/api.w.org\/{rel}","templated":true}]}}