{"id":6444,"date":"2019-10-18T15:58:16","date_gmt":"2019-10-18T13:58:16","guid":{"rendered":"https:\/\/royalswiss.myskydoowebsite.com\/?post_type=product&#038;p=6444"},"modified":"2021-09-07T13:19:06","modified_gmt":"2021-09-07T11:19:06","slug":"boulonneuse-a-choc-24v","status":"publish","type":"product","link":"https:\/\/royalswiss.myskydoowebsite.com\/?product=boulonneuse-a-choc-24v","title":{"rendered":"Boulonneuse \u00e0 choc 24V &#8211; 2 Batteries"},"content":{"rendered":"<p><strong><em>Robuste moteur d\u00e9livrant un couple de serrage de 280 Nm et jusqu\u2019\u00e0 2200 impacts par minute. 280Nm en couple de desserrage. Coffret portable en plastique assurant une excellente solidit\u00e9, rigidit\u00e9 et durabilit\u00e9.<\/em><\/strong><\/p>\n<p><strong><em>Accessoires fournis : 1 batterie rechargeable + chargeur + 4 Socket + bo\u00eete de carton<\/em><\/strong><\/p>\n<p>&nbsp;<\/p>\n<h6><strong>Garantie 2 ans\u00a0(les retours sont aux frais du client)<\/strong><\/h6>\n<h6><strong>Vous pouvez nous retourner votre achat en ligne si :<\/strong><\/h6>\n<ul>\n<li>\n<h6><strong>Votre produit a \u00e9t\u00e9 livr\u00e9 il y a moins de 7 jours.<\/strong><\/h6>\n<\/li>\n<li>\n<h6><strong>Vous \u00eates toujours en possession de l&#8217;emballage d&rsquo;origine et de son contenu original au complet.<\/strong><\/h6>\n<\/li>\n<li>\n<h6><strong>Vous n&rsquo;avez pas utilis\u00e9 l&rsquo;objet et celui-ci est toujours dans son emballage<\/strong><\/h6>\n<\/li>\n<li>\n<h6><strong>Vous avez re\u00e7u un produit incorrect ou inappropri\u00e9 et que l&#8217;emballage n&rsquo;est pas ouvert.<\/strong><\/h6>\n<h6><\/h6>\n<\/li>\n<\/ul>\n<h6><strong>(Les frais de\u00a0retour\u00a0sont \u00e0 la charge du client, sauf en cas d&rsquo;erreur de notre part et le remboursement se fera seulement apr\u00e8s la r\u00e9ception de nos\u00a0articles)<\/strong><\/h6>\n","protected":false},"excerpt":{"rendered":"<p>&nbsp;<\/p>\n<p>Sp\u00e9cification :<\/p>\n<ul>\n<li>Boulonneuse a choc sans fil<\/li>\n<li>Rotation avant et arri\u00e8re<\/li>\n<li>Force de couple max. 280 Nm<\/li>\n<li>Commutateur ergonomique<\/li>\n<li>Moteur puissant pour un usage prolong\u00e9<\/li>\n<li>Housse de transport pratique<\/li>\n<li>1 heure de recharge rapide<\/li>\n<li>Douilles : 17mm, 19mm, 21mm et 23mm<\/li>\n<li>1 batteries Li-ion 24V<\/li>\n<li>Vitesse (RPM): 0-2800 \/ min I<\/li>\n<li>Impacts par minute : 0-3500 \/ min<\/li>\n<li>Longueur totale : 147mm (5-3 \/ 4 \u201c)<\/li>\n<li>Poids net : 1,8 kg<\/li>\n<li>Voltage : DC 24V<\/li>\n<li>Batterie au lithium-ion 4000mAh<\/li>\n<\/ul>\n","protected":false},"featured_media":6448,"comment_status":"open","ping_status":"closed","template":"","meta":[],"product_brand":[],"product_cat":[32,15],"product_tag":[70],"class_list":{"0":"post-6444","1":"product","2":"type-product","3":"status-publish","4":"has-post-thumbnail","6":"product_cat-outil","7":"product_cat-uncategorized","8":"product_tag-70","10":"first","11":"instock","12":"sale","13":"taxable","14":"shipping-taxable","15":"purchasable","16":"product-type-simple"},"_links":{"self":[{"href":"https:\/\/royalswiss.myskydoowebsite.com\/index.php?rest_route=\/wp\/v2\/product\/6444","targetHints":{"allow":["GET"]}}],"collection":[{"href":"https:\/\/royalswiss.myskydoowebsite.com\/index.php?rest_route=\/wp\/v2\/product"}],"about":[{"href":"https:\/\/royalswiss.myskydoowebsite.com\/index.php?rest_route=\/wp\/v2\/types\/product"}],"replies":[{"embeddable":true,"href":"https:\/\/royalswiss.myskydoowebsite.com\/index.php?rest_route=%2Fwp%2Fv2%2Fcomments&post=6444"}],"version-history":[{"count":3,"href":"https:\/\/royalswiss.myskydoowebsite.com\/index.php?rest_route=\/wp\/v2\/product\/6444\/revisions"}],"predecessor-version":[{"id":12993,"href":"https:\/\/royalswiss.myskydoowebsite.com\/index.php?rest_route=\/wp\/v2\/product\/6444\/revisions\/12993"}],"wp:featuredmedia":[{"embeddable":true,"href":"https:\/\/royalswiss.myskydoowebsite.com\/index.php?rest_route=\/wp\/v2\/media\/6448"}],"wp:attachment":[{"href":"https:\/\/royalswiss.myskydoowebsite.com\/index.php?rest_route=%2Fwp%2Fv2%2Fmedia&parent=6444"}],"wp:term":[{"taxonomy":"product_brand","embeddable":true,"href":"https:\/\/royalswiss.myskydoowebsite.com\/index.php?rest_route=%2Fwp%2Fv2%2Fproduct_brand&post=6444"},{"taxonomy":"product_cat","embeddable":true,"href":"https:\/\/royalswiss.myskydoowebsite.com\/index.php?rest_route=%2Fwp%2Fv2%2Fproduct_cat&post=6444"},{"taxonomy":"product_tag","embeddable":true,"href":"https:\/\/royalswiss.myskydoowebsite.com\/index.php?rest_route=%2Fwp%2Fv2%2Fproduct_tag&post=6444"}],"curies":[{"name":"wp","href":"https:\/\/api.w.org\/{rel}","templated":true}]}}