{"id":6435,"date":"2019-10-17T18:39:47","date_gmt":"2019-10-17T16:39:47","guid":{"rendered":"https:\/\/royalswiss.myskydoowebsite.com\/?post_type=product&#038;p=6435"},"modified":"2021-09-07T13:19:40","modified_gmt":"2021-09-07T11:19:40","slug":"set-de-de-visseuse-perceuse-a-choc-sans-fil","status":"publish","type":"product","link":"https:\/\/royalswiss.myskydoowebsite.com\/?product=set-de-de-visseuse-perceuse-a-choc-sans-fil","title":{"rendered":"set de de visseuse &#8211; Perceuse \u00e0 choc sans fil"},"content":{"rendered":"<p>Le kit de perceuse sans fil lithium-ion Kraf TWorld Professional-line est une perceuse et un tournevis avec unit\u00e9 portative \u00e0 double usage rotative qui vous permet d\u2019effectuer plusieurs op\u00e9rations de pairage deux fois plus vite avec la moiti\u00e9 des tracas. Pr\u00e9parez-vous pour une exp\u00e9rience de bricolage plus rapide et plus agr\u00e9able avec la perceuse sans fil innovante. Emball\u00e9 avec une puissance de 18V, il vous aide \u00e0 percer comme un pro gr\u00e2ce \u00e0 l\u2019engrenage rapide qui fournit la puissance dont vous avez besoin pour affronter n\u2019importe quel projet facilement. \u00e0 l\u2019engrenage \u00e0 2 vitesses qui fournit la puissance dont vous avez besoin pour aborder n\u2019importe quel projet avec facilit\u00e9. Le jeu de perceuses sans fil compact et l\u00e9ger est \u00e9quip\u00e9 d\u2019un contr\u00f4le de couple \u00e9lectronique pr\u00e9cis qui emp\u00eache le d\u00e9capage de vos vis et \u00e9limine tout risque d\u2019endommagement de votre surface de travail ou de vos mat\u00e9riaux. Les mandrins sans cl\u00e9 peuvent \u00eatre charg\u00e9s avec les bits dont vous avez besoin pour s\u2019attaquer efficacement \u00e0 votre projet. Plus besoin de t\u00e2tonner pour trouver des cl\u00e9s en vrac. Un moteur r\u00e9versible \u00e0 vitesse variable fournit assez de puissance pour g\u00e9rer la plupart des travaux de forage, de conduite ou de fixation dans la maison. Conception variable \u00e0 2 vitesses (0-450 tr \/ min et 0-1 600 tr \/ min) pour une large gamme d\u2019applications de per\u00e7age, de conduite et de martelage, permettant aux utilisateurs d\u2019effectuer des ajustements de couple pr\u00e9cis et de choisir le niveau de performance requis pour diverses applications. Caract\u00e9ristiques: Mandrin sans cl\u00e9, 18 + 1 r\u00e9glage de couple Deux piles d\u2019emballage, une charge d\u2019une heure L\u00e9ger et compact Travail plus efficace et efficient Assortiment d\u2019accessoires polyvalent Le mandrin m\u00e9tallique sans cl\u00e9 de grande taille et tout en m\u00e9tal permet Changement facile \u00e0 une main de tournevis et de forets. Variable \u00e0 2 vitesses Design ergonomique sans fil 18V Poign\u00e9e confortable<\/p>\n<p>&nbsp;<\/p>\n<h6><strong>Garantie 2 ans\u00a0(les retours sont aux frais du client)<\/strong><\/h6>\n<h6><strong>Vous pouvez nous retourner votre achat en ligne si :<\/strong><\/h6>\n<ul>\n<li>\n<h6><strong>Votre produit a \u00e9t\u00e9 livr\u00e9 il y a moins de 7 jours.<\/strong><\/h6>\n<\/li>\n<li>\n<h6><strong>Vous \u00eates toujours en possession de l&#8217;emballage d&rsquo;origine et de son contenu original au complet.<\/strong><\/h6>\n<\/li>\n<li>\n<h6><strong>Vous n&rsquo;avez pas utilis\u00e9 l&rsquo;objet et celui-ci est toujours dans son emballage<\/strong><\/h6>\n<\/li>\n<li>\n<h6><strong>Vous avez re\u00e7u un produit incorrect ou inappropri\u00e9 et que l&#8217;emballage n&rsquo;est pas ouvert.<\/strong><\/h6>\n<h6><\/h6>\n<\/li>\n<\/ul>\n<h6><strong>(Les frais de\u00a0retour\u00a0sont \u00e0 la charge du client, sauf en cas d&rsquo;erreur de notre part et le remboursement se fera seulement apr\u00e8s la r\u00e9ception de nos\u00a0articles)<\/strong><\/h6>\n","protected":false},"excerpt":{"rendered":"<p>&nbsp;<\/p>\n<p>Sp\u00e9cifications :<\/p>\n<ul>\n<li>Couleur: Noir &amp; Bleu \/ Jaune<\/li>\n<li>Mesure : 41cm x 12cm x 30cm<\/li>\n<li>Mat\u00e9riaux: Acier de haute qualit\u00e9<\/li>\n<li>Vitesse: 0-350 \/ 0-1350rpm<\/li>\n<li>batteries au lithium-ion de 1300 mAh<\/li>\n<li>Voltage\u00a0: 18 Volts<\/li>\n<\/ul>\n","protected":false},"featured_media":6437,"comment_status":"open","ping_status":"closed","template":"","meta":[],"product_brand":[],"product_cat":[32],"product_tag":[69],"class_list":{"0":"post-6435","1":"product","2":"type-product","3":"status-publish","4":"has-post-thumbnail","6":"product_cat-outil","7":"product_tag-69","9":"first","10":"instock","11":"sale","12":"taxable","13":"shipping-taxable","14":"purchasable","15":"product-type-simple"},"_links":{"self":[{"href":"https:\/\/royalswiss.myskydoowebsite.com\/index.php?rest_route=\/wp\/v2\/product\/6435","targetHints":{"allow":["GET"]}}],"collection":[{"href":"https:\/\/royalswiss.myskydoowebsite.com\/index.php?rest_route=\/wp\/v2\/product"}],"about":[{"href":"https:\/\/royalswiss.myskydoowebsite.com\/index.php?rest_route=\/wp\/v2\/types\/product"}],"replies":[{"embeddable":true,"href":"https:\/\/royalswiss.myskydoowebsite.com\/index.php?rest_route=%2Fwp%2Fv2%2Fcomments&post=6435"}],"version-history":[{"count":3,"href":"https:\/\/royalswiss.myskydoowebsite.com\/index.php?rest_route=\/wp\/v2\/product\/6435\/revisions"}],"predecessor-version":[{"id":6446,"href":"https:\/\/royalswiss.myskydoowebsite.com\/index.php?rest_route=\/wp\/v2\/product\/6435\/revisions\/6446"}],"wp:featuredmedia":[{"embeddable":true,"href":"https:\/\/royalswiss.myskydoowebsite.com\/index.php?rest_route=\/wp\/v2\/media\/6437"}],"wp:attachment":[{"href":"https:\/\/royalswiss.myskydoowebsite.com\/index.php?rest_route=%2Fwp%2Fv2%2Fmedia&parent=6435"}],"wp:term":[{"taxonomy":"product_brand","embeddable":true,"href":"https:\/\/royalswiss.myskydoowebsite.com\/index.php?rest_route=%2Fwp%2Fv2%2Fproduct_brand&post=6435"},{"taxonomy":"product_cat","embeddable":true,"href":"https:\/\/royalswiss.myskydoowebsite.com\/index.php?rest_route=%2Fwp%2Fv2%2Fproduct_cat&post=6435"},{"taxonomy":"product_tag","embeddable":true,"href":"https:\/\/royalswiss.myskydoowebsite.com\/index.php?rest_route=%2Fwp%2Fv2%2Fproduct_tag&post=6435"}],"curies":[{"name":"wp","href":"https:\/\/api.w.org\/{rel}","templated":true}]}}