{"id":6431,"date":"2019-10-17T18:26:36","date_gmt":"2019-10-17T16:26:36","guid":{"rendered":"https:\/\/royalswiss.myskydoowebsite.com\/?post_type=product&#038;p=6431"},"modified":"2022-06-22T13:27:06","modified_gmt":"2022-06-22T11:27:06","slug":"set-de-cle-a-pipe-19-pcs","status":"publish","type":"product","link":"https:\/\/royalswiss.myskydoowebsite.com\/?product=set-de-cle-a-pipe-19-pcs","title":{"rendered":"Set de Cl\u00e9 \u00e0 Pipe 19 Pcs"},"content":{"rendered":"<p>Cet ensemble de cl\u00e9s \u00e0 douilles de 19 pi\u00e8ces de type L couvre compl\u00e8tement toutes les douilles hexagonales et contient \u00e0 la fois des mesures en pouces et m\u00e9triques. Il est parfait pour installer des pneus de voiture, serrer des poign\u00e9es de porte, r\u00e9parer des bicyclettes ou assembler des meubles. La poign\u00e9e parfaite et la forme ergonomique offrent une grande prise en main confortable, la pointe pr\u00e9cise assure un ajustement plus s\u00fbr. Il est utile d\u2019ouvrir le moteur et les types de machines, id\u00e9al. Caract\u00e9ristiques: Les poign\u00e9es sont ergonomiques et disposent d\u2019un m\u00e9canisme d\u2019inversion de marche \u00e0 commande manuelle facile \u00e0 utiliser \u00c9tui de transport robuste et durable pour un rangement et une mobilit\u00e9 ais\u00e9s La version rapide permet \u00e0 l\u2019utilisateur de supprimer des extensions ou des sockets d\u2019une seule main Finition enti\u00e8rement polie en chrome pour une protection anti-corrosion Corps en chrome vanadium forg\u00e9 pour le couple, la force et la durabilit\u00e9 Acier robuste de qualit\u00e9 automobile qui ne rouillera pas et ne se corrodera pas Haute intensit\u00e9 et excellente durabilit\u00e9. Satisfait ou d\u00e9passe les sp\u00e9cifications ANSI Un outil essentiel pour la maison ou le bureau, qui vous ferait \u00e9conomiser d\u2019innombrables heures. Poign\u00e9e antid\u00e9rapante et en forme de L, tr\u00e8s pratique pour un usage horizontal et vertical. Il a \u00e9t\u00e9 fait de haute duret\u00e9 en acier au chrome vanadium, qui est de bonne qualit\u00e9, flexible et solide. \/ li&gt; Sp\u00e9cification: Couleur: Inoxydable Mesure: 37cm x 42cm x 10cm Mat\u00e9riaux: Acier alli\u00e9 chrome vanadium L\u2019ensemble de cl\u00e9s en L de 19 pi\u00e8ces comprend: Cl\u00e9 \u00e0 douille de type L de 6 mm Cl\u00e9 \u00e0 douille de type L de 7 mm Cl\u00e9 \u00e0 douille de type L 9 mm Cl\u00e9 \u00e0 douille de type L de 10 mm Cl\u00e9 \u00e0 douille de type L de 11 mm Cl\u00e9 \u00e0 douille de 12 mm de type L Cl\u00e9 \u00e0 douille de type L de 13 mm Cl\u00e9 \u00e0 douille de type L de 14 mm Cl\u00e9 \u00e0 douille de type L de 15 mm Cl\u00e9 \u00e0 douille de type L 16 mm Cl\u00e9 \u00e0 douille de type L de 17 mm Cl\u00e9 \u00e0 douille de type L 18 mm Cl\u00e9 \u00e0 douille de type L 19 mm Cl\u00e9 \u00e0 douille de type L 22 mm Cl\u00e9 \u00e0 douille de type L de 24 mm Cl\u00e9 \u00e0 douille de type L 27 mm Cl\u00e9 \u00e0 douille de type L 30mm Cl\u00e9 \u00e0 douille de 32 mm de type L pour l\u2019\u00e9lectricien, m\u00e9canicien et atelier de r\u00e9paration pour son polyvalent. Avec un grand choix de douilles SAE et de dimensions m\u00e9triques et d\u2019outils d\u2019entra\u00eenement, l\u2019ensemble d\u2019outils de m\u00e9canique professionnelle de 19 pi\u00e8ces a exactement ce dont vous avez besoin pour effectuer vos travaux de r\u00e9paration et d\u2019entretien. Comprend un \u00e9tui de transport robuste. Super petite bo\u00eete \u00e0 outils portable sur une \u00e9tape ci-dessous en qualit\u00e9. Ceux-ci sont bons pour l\u2019automobile, la marine, le RV ou dans votre bo\u00eete \u00e0 outils. La bo\u00eete garde les outils bien serr\u00e9s et organis\u00e9s. Trousse d\u2019outils de secours en acier tr\u00e8s durable, une bonne aide pour changer votre roue de secours.<\/p>\n","protected":false},"excerpt":{"rendered":"<p>Cet ensemble de cl\u00e9s \u00e0 douilles de 19 pi\u00e8ces de type L couvre compl\u00e8tement toutes les douilles hexagonales et contient \u00e0 la fois des mesures en pouces et m\u00e9triques. Il est parfait pour installer des pneus de voiture, serrer des poign\u00e9es de porte, r\u00e9parer des bicyclettes ou assembler des meubles. La poign\u00e9e parfaite et la [&hellip;]<\/p>\n","protected":false},"featured_media":6433,"comment_status":"open","ping_status":"closed","template":"","meta":[],"product_brand":[],"product_cat":[32],"product_tag":[68],"class_list":{"0":"post-6431","1":"product","2":"type-product","3":"status-publish","4":"has-post-thumbnail","6":"product_cat-outil","7":"product_tag-68","9":"first","10":"outofstock","11":"sale","12":"taxable","13":"shipping-taxable","14":"purchasable","15":"product-type-simple"},"_links":{"self":[{"href":"https:\/\/royalswiss.myskydoowebsite.com\/index.php?rest_route=\/wp\/v2\/product\/6431","targetHints":{"allow":["GET"]}}],"collection":[{"href":"https:\/\/royalswiss.myskydoowebsite.com\/index.php?rest_route=\/wp\/v2\/product"}],"about":[{"href":"https:\/\/royalswiss.myskydoowebsite.com\/index.php?rest_route=\/wp\/v2\/types\/product"}],"replies":[{"embeddable":true,"href":"https:\/\/royalswiss.myskydoowebsite.com\/index.php?rest_route=%2Fwp%2Fv2%2Fcomments&post=6431"}],"version-history":[{"count":2,"href":"https:\/\/royalswiss.myskydoowebsite.com\/index.php?rest_route=\/wp\/v2\/product\/6431\/revisions"}],"predecessor-version":[{"id":13908,"href":"https:\/\/royalswiss.myskydoowebsite.com\/index.php?rest_route=\/wp\/v2\/product\/6431\/revisions\/13908"}],"wp:featuredmedia":[{"embeddable":true,"href":"https:\/\/royalswiss.myskydoowebsite.com\/index.php?rest_route=\/wp\/v2\/media\/6433"}],"wp:attachment":[{"href":"https:\/\/royalswiss.myskydoowebsite.com\/index.php?rest_route=%2Fwp%2Fv2%2Fmedia&parent=6431"}],"wp:term":[{"taxonomy":"product_brand","embeddable":true,"href":"https:\/\/royalswiss.myskydoowebsite.com\/index.php?rest_route=%2Fwp%2Fv2%2Fproduct_brand&post=6431"},{"taxonomy":"product_cat","embeddable":true,"href":"https:\/\/royalswiss.myskydoowebsite.com\/index.php?rest_route=%2Fwp%2Fv2%2Fproduct_cat&post=6431"},{"taxonomy":"product_tag","embeddable":true,"href":"https:\/\/royalswiss.myskydoowebsite.com\/index.php?rest_route=%2Fwp%2Fv2%2Fproduct_tag&post=6431"}],"curies":[{"name":"wp","href":"https:\/\/api.w.org\/{rel}","templated":true}]}}