{"id":6424,"date":"2019-10-15T15:25:40","date_gmt":"2019-10-15T13:25:40","guid":{"rendered":"https:\/\/royalswiss.myskydoowebsite.com\/?post_type=product&#038;p=6424"},"modified":"2021-09-07T13:22:02","modified_gmt":"2021-09-07T11:22:02","slug":"set-de-13-pieces-cle-a-engrenage-flexible","status":"publish","type":"product","link":"https:\/\/royalswiss.myskydoowebsite.com\/?product=set-de-13-pieces-cle-a-engrenage-flexible","title":{"rendered":"Set de 13 pi\u00e8ces cl\u00e9 \u00e0 engrenage flexible"},"content":{"rendered":"<p><strong><em>La t\u00eate flexible pratique s\u2019incline jusqu\u2019\u00e0 180 degr\u00e9s \u00e0 n\u2019importe quel intervalle pour un excellent acc\u00e8s aux fixations, et elle a une conception de rondelle \u00e0 ressort qui fournit une tension de t\u00eate continue. Le rayon de la cl\u00e9 dentel\u00e9e vous permet de sentir dans quelle direction tirer. Ils offrent le facile de 5 degr\u00e9s de mouvement pour tourner les attaches, contre 30 degr\u00e9s sur les cl\u00e9s mixtes standard. La conception de la t\u00eate d\u2019extr\u00e9mit\u00e9 de la petite bo\u00eete \u00e0 cliquet permet l\u2019acc\u00e8s aux endroits restreints o\u00f9 une cl\u00e9 \u00e0 cliquet ne convient pas. L\u2019extr\u00e9mit\u00e9 ouverte permet le cliquetis des \u00e9crous et des boulons sans enlever la cl\u00e9 de la fixation, rendant les travaux plus rapides et plus faciles. Cet ensemble est livr\u00e9 avec un casier \u00e0 cl\u00e9 qui maintient les cl\u00e9s en place pour faciliter le transport et le stockage. Notre cl\u00e9 \u00e0 cliquet extra-pr\u00e9cise est plus rapide \u00e0 utiliser dans les espaces restreints qu\u2019une cl\u00e9 standard, car elle vous permet d\u2019avoir un contact continu avec le boulon pendant que vous le serrez. En repla\u00e7ant les boulons dans des espaces \u00e9troits et sombres, vous tuez votre productivit\u00e9. Dans nos tests, nous avons constat\u00e9 d\u2019\u00e9normes am\u00e9liorations de vitesse dans les espaces restreints par rapport \u00e0 notre cl\u00e9 standard. De plus, nos points de contact sont con\u00e7us pour saisir rapidement les zones critiques de la fixation afin de supporter un transfert de force maximal tout en \u00e9vitant les arrondis. Caract\u00e9ristiques: Plus rapide dans les espaces restreints que notre cl\u00e9 standard Cl\u00e9 \u00e0 cliquet s\u00fbre, durable et confortable Augmentez la longueur pour acc\u00e9der aux fixations difficiles \u00e0 atteindre Plus forte adh\u00e9rence sur les attaches, \u00e9liminant presque l\u2019arrondi des fixations Le rayon de la cl\u00e9 dentel\u00e9e vous permet de sentir dans quel sens tirer La vis de r\u00e9glage permet de r\u00e9gler la tension de la t\u00eate souhait\u00e9e 13 positions de verrouillage avec t\u00eate flexible et un levier actionn\u00e9 par doigt avec des options de \u201cverrouillage\u201d ou \u201cnon verrouillage\u201d positions &lt; \/ span&gt;<\/em><\/strong><\/p>\n<p>Sp\u00e9cifications :<\/p>\n<p>Couleur: Compartiment noir et chrome poli<\/p>\n<p>Mesure: 42cm x 36cm x 7cm<\/p>\n<p>Mat\u00e9riaux: Bo\u00eete PU de haute qualit\u00e9 et acier au vanadium<\/p>\n<p>L\u2019ensemble de cl\u00e9s \u00e0 engrenage flexible de 13 pi\u00e8ces comprend: 8mm Gearwrench 10mm Gearwrench 12mm Gearwrench 13mm Gearwrench 14mm Gearwrench 17mm Gearwrench 19mm Gearwrench 21mm Gearwrench 22mm Gearwrench 24mm Gearwrench 27mm Gearwrench 30mm Gearwrench 32mm Gearwrench<\/p>\n","protected":false},"excerpt":{"rendered":"<p>La t\u00eate flexible pratique s\u2019incline jusqu\u2019\u00e0 180 degr\u00e9s \u00e0 n\u2019importe quel intervalle pour un excellent acc\u00e8s aux fixations, et elle a une conception de rondelle \u00e0 ressort qui fournit une tension de t\u00eate continue. Le rayon de la cl\u00e9 dentel\u00e9e vous permet de sentir dans quelle direction tirer. Ils offrent le facile de 5 degr\u00e9s [&hellip;]<\/p>\n","protected":false},"featured_media":6425,"comment_status":"open","ping_status":"closed","template":"","meta":[],"product_brand":[],"product_cat":[32],"product_tag":[66],"class_list":{"0":"post-6424","1":"product","2":"type-product","3":"status-publish","4":"has-post-thumbnail","6":"product_cat-outil","7":"product_tag-66","9":"first","10":"instock","11":"sale","12":"taxable","13":"shipping-taxable","14":"purchasable","15":"product-type-simple"},"_links":{"self":[{"href":"https:\/\/royalswiss.myskydoowebsite.com\/index.php?rest_route=\/wp\/v2\/product\/6424","targetHints":{"allow":["GET"]}}],"collection":[{"href":"https:\/\/royalswiss.myskydoowebsite.com\/index.php?rest_route=\/wp\/v2\/product"}],"about":[{"href":"https:\/\/royalswiss.myskydoowebsite.com\/index.php?rest_route=\/wp\/v2\/types\/product"}],"replies":[{"embeddable":true,"href":"https:\/\/royalswiss.myskydoowebsite.com\/index.php?rest_route=%2Fwp%2Fv2%2Fcomments&post=6424"}],"version-history":[{"count":1,"href":"https:\/\/royalswiss.myskydoowebsite.com\/index.php?rest_route=\/wp\/v2\/product\/6424\/revisions"}],"predecessor-version":[{"id":6426,"href":"https:\/\/royalswiss.myskydoowebsite.com\/index.php?rest_route=\/wp\/v2\/product\/6424\/revisions\/6426"}],"wp:featuredmedia":[{"embeddable":true,"href":"https:\/\/royalswiss.myskydoowebsite.com\/index.php?rest_route=\/wp\/v2\/media\/6425"}],"wp:attachment":[{"href":"https:\/\/royalswiss.myskydoowebsite.com\/index.php?rest_route=%2Fwp%2Fv2%2Fmedia&parent=6424"}],"wp:term":[{"taxonomy":"product_brand","embeddable":true,"href":"https:\/\/royalswiss.myskydoowebsite.com\/index.php?rest_route=%2Fwp%2Fv2%2Fproduct_brand&post=6424"},{"taxonomy":"product_cat","embeddable":true,"href":"https:\/\/royalswiss.myskydoowebsite.com\/index.php?rest_route=%2Fwp%2Fv2%2Fproduct_cat&post=6424"},{"taxonomy":"product_tag","embeddable":true,"href":"https:\/\/royalswiss.myskydoowebsite.com\/index.php?rest_route=%2Fwp%2Fv2%2Fproduct_tag&post=6424"}],"curies":[{"name":"wp","href":"https:\/\/api.w.org\/{rel}","templated":true}]}}