{"id":6414,"date":"2019-10-15T14:56:20","date_gmt":"2019-10-15T12:56:20","guid":{"rendered":"https:\/\/royalswiss.myskydoowebsite.com\/?post_type=product&#038;p=6414"},"modified":"2022-12-27T23:24:33","modified_gmt":"2022-12-27T22:24:33","slug":"set-de-22-pieces-cle-plate","status":"publish","type":"product","link":"https:\/\/royalswiss.myskydoowebsite.com\/?product=set-de-22-pieces-cle-plate","title":{"rendered":"Set de 22 pi\u00e8ces cl\u00e9 plate"},"content":{"rendered":"<p><strong><em>Un ensemble qui regroupe 22 cl\u00e9s en en chrome vanadium Les cl\u00e9s ont une taille entre 6 et 32 \u200b\u200bmm. Le set est bien rang\u00e9 dans un coffret pratique verrouillable en acier, ce qui facilite autant le transport que le stockage.<\/em><\/strong><\/p>\n","protected":false},"excerpt":{"rendered":"<p>Un ensemble qui regroupe 22 cl\u00e9s en en chrome vanadium Les cl\u00e9s ont une taille entre 6 et 32 \u200b\u200bmm. Le set est bien rang\u00e9 dans un coffret pratique verrouillable en acier, ce qui facilite autant le transport que le stockage.<\/p>\n","protected":false},"featured_media":6415,"comment_status":"open","ping_status":"closed","template":"","meta":[],"product_brand":[],"product_cat":[32],"product_tag":[65],"class_list":{"0":"post-6414","1":"product","2":"type-product","3":"status-publish","4":"has-post-thumbnail","6":"product_cat-outil","7":"product_tag-65","9":"first","10":"instock","11":"sale","12":"taxable","13":"shipping-taxable","14":"purchasable","15":"product-type-simple"},"_links":{"self":[{"href":"https:\/\/royalswiss.myskydoowebsite.com\/index.php?rest_route=\/wp\/v2\/product\/6414","targetHints":{"allow":["GET"]}}],"collection":[{"href":"https:\/\/royalswiss.myskydoowebsite.com\/index.php?rest_route=\/wp\/v2\/product"}],"about":[{"href":"https:\/\/royalswiss.myskydoowebsite.com\/index.php?rest_route=\/wp\/v2\/types\/product"}],"replies":[{"embeddable":true,"href":"https:\/\/royalswiss.myskydoowebsite.com\/index.php?rest_route=%2Fwp%2Fv2%2Fcomments&post=6414"}],"version-history":[{"count":1,"href":"https:\/\/royalswiss.myskydoowebsite.com\/index.php?rest_route=\/wp\/v2\/product\/6414\/revisions"}],"predecessor-version":[{"id":6417,"href":"https:\/\/royalswiss.myskydoowebsite.com\/index.php?rest_route=\/wp\/v2\/product\/6414\/revisions\/6417"}],"wp:featuredmedia":[{"embeddable":true,"href":"https:\/\/royalswiss.myskydoowebsite.com\/index.php?rest_route=\/wp\/v2\/media\/6415"}],"wp:attachment":[{"href":"https:\/\/royalswiss.myskydoowebsite.com\/index.php?rest_route=%2Fwp%2Fv2%2Fmedia&parent=6414"}],"wp:term":[{"taxonomy":"product_brand","embeddable":true,"href":"https:\/\/royalswiss.myskydoowebsite.com\/index.php?rest_route=%2Fwp%2Fv2%2Fproduct_brand&post=6414"},{"taxonomy":"product_cat","embeddable":true,"href":"https:\/\/royalswiss.myskydoowebsite.com\/index.php?rest_route=%2Fwp%2Fv2%2Fproduct_cat&post=6414"},{"taxonomy":"product_tag","embeddable":true,"href":"https:\/\/royalswiss.myskydoowebsite.com\/index.php?rest_route=%2Fwp%2Fv2%2Fproduct_tag&post=6414"}],"curies":[{"name":"wp","href":"https:\/\/api.w.org\/{rel}","templated":true}]}}