{"id":6411,"date":"2019-10-15T14:41:12","date_gmt":"2019-10-15T12:41:12","guid":{"rendered":"https:\/\/royalswiss.myskydoowebsite.com\/?post_type=product&#038;p=6411"},"modified":"2021-09-07T13:24:02","modified_gmt":"2021-09-07T11:24:02","slug":"boite-a-outils-sur-roulette-299-pieces","status":"publish","type":"product","link":"https:\/\/royalswiss.myskydoowebsite.com\/?product=boite-a-outils-sur-roulette-299-pieces","title":{"rendered":"Bo\u00eete  \u00e0 outils sur roulette  299 pi\u00e8ces"},"content":{"rendered":"<p>Un assortiment complet d\u2019outils indispensables pour le bricolage vous attend.\u00a0 Cette mallette \u00e0 outils Kraftworld contient 299 outils soigneusement r\u00e9partis et organis\u00e9s dans quatre compartiments. Avec cette mallette compl\u00e8te, vous trouverez ce qu\u2019il vous faut rapidement pour r\u00e9soudre vos petits soucis en un tour de main. Tr\u00e8s compacte, la mallette dispose \u00e9galement de roulettes et d\u2019une poign\u00e9e t\u00e9lescopique pour l\u2019emmener sur tous vos chantiers, que vous soyez un professionnel ou un particulier.<\/p>\n<p>Compartiment 1\u00a0:<\/p>\n<ul>\n<li>9 x cl\u00e9 mixte \u00e0 cliquet 8-9-10-11-12-13-14-15-17MM<\/li>\n<li>1 x 6\u2033 pince \u00e0 joint<\/li>\n<li>1 x 6\u2033 pince \u00e0 long bec<\/li>\n<li>1 x 9.5\u201c pince de pompe \u00e0 eau<\/li>\n<li>1 x 8\u201c cl\u00e9 \u00e0 molette<\/li>\n<li>1 x 6\u2033 pince coupante de c\u00f4t\u00e9<\/li>\n<\/ul>\n<p>Compartiment 2\u00a0:<\/p>\n<ul>\n<li>11 x tournevis \uff08-\uff093*75 3*100 5*75 6*100 6*38MM (+)3*75 3*100 5*75 6*100 6*38 8*150MM<\/li>\n<li>3 x H tournevis\uff08-\uff094*100 5.5*125MM (+\uff094*100MM<\/li>\n<li>1 x 100-250V testeur \u00e9lectrique<\/li>\n<li>6 x tournevis de pr\u00e9cision<\/li>\n<li>24 x embouts 25MM (-)3,4,5,6,7(+)0,1,2,3,4,PZ1,PZ2 H3,4,5,6,7,8,T10,15,20,25,30,35<\/li>\n<li>1 x manom\u00e8tre pour pneus<\/li>\n<li>1 x poign\u00e9e de pilote de bit<\/li>\n<li>1 x hexagonales cl\u00e9s<\/li>\n<\/ul>\n<p>Compartiment 3\u00a0:<\/p>\n<ul>\n<li>15 x Hex Socket Inserts 1\/4 4, 4.5, 5, 5.5, 6,6.5, 7,7.5, 8, 9, 10, 11, 12, 13, 14mm<\/li>\n<li>14 x Hex Socket Inserts 1\/2 8, 9, 10, 11, 12, 13, 14, 15, 16, 17, 18, 19, 20, 30mm<\/li>\n<li>2 x 1\/4 Barre d\u2019extension<\/li>\n<li>2 x 1\/2 Barre d\u2019extension<\/li>\n<li>1 x 1\/4 Joint universel<\/li>\n<li>1 x 1\/2 Joint universel<\/li>\n<li>1 x Barre d\u2019extension flexible<\/li>\n<li>1 x Glissant T-barre \u00bc<\/li>\n<li>1 x Glissant T-barre \u00bd<\/li>\n<li>2 x 1\/2 Spark Plug Socket, 16mm and 21mm<\/li>\n<li>1 x 1\/4 Spinner Handle<\/li>\n<li>1 x Poign\u00e9e \u00e0 cliquet 1\/2 drive<\/li>\n<li>1 x Poign\u00e9e \u00e0 cliquet 1\/4 drive<\/li>\n<\/ul>\n<p>Compartiment 4\u00a0:<\/p>\n<ul>\n<li>1 x 10Y ruban isolent<\/li>\n<li>1 x 8\u2033 pince \u00e0 sertir<\/li>\n<li>1 x 7\u2033 pince bloquante<\/li>\n<li>1 x 12oz arrache-clou<\/li>\n<li>1 x 10\u201cNiveau<\/li>\n<li>2 x clip en plastique<\/li>\n<li>1 x couteau<\/li>\n<li>166 x attache assortiment dans une bo\u00eete en plastique<\/li>\n<li>1 x manom\u00e8tre<\/li>\n<li>1 x pistolet \u00e0 colle<\/li>\n<li>4 x autocollant de colle<\/li>\n<li>1 x Mallette noire avec les coins dor\u00e9s<\/li>\n<li>Mesures: 37.5X22X53CM<\/li>\n<li>Poids: 15\/14KGS<\/li>\n<\/ul>\n<h6><\/h6>\n<h6><strong>Garantie 2 ans\u00a0(les retours sont aux frais du client)<\/strong><\/h6>\n<h6><strong>Vous pouvez nous retourner votre achat en ligne si :<\/strong><\/h6>\n<ul>\n<li>\n<h6><strong>Votre produit a \u00e9t\u00e9 livr\u00e9 il y a moins de 7 jours.<\/strong><\/h6>\n<\/li>\n<li>\n<h6><strong>Vous \u00eates toujours en possession de l&#8217;emballage d&rsquo;origine et de son contenu original au complet.<\/strong><\/h6>\n<\/li>\n<li>\n<h6><strong>Vous n&rsquo;avez pas utilis\u00e9 l&rsquo;objet et celui-ci est toujours dans son emballage<\/strong><\/h6>\n<\/li>\n<li>\n<h6><strong>Vous avez re\u00e7u un produit incorrect ou inappropri\u00e9 et que l&#8217;emballage n&rsquo;est pas ouvert.<\/strong><\/h6>\n<h6><\/h6>\n<\/li>\n<\/ul>\n<h6><strong>(Les frais de\u00a0retour\u00a0sont \u00e0 la charge du client, sauf en cas d&rsquo;erreur de notre part et le remboursement se fera seulement apr\u00e8s la r\u00e9ception de nos\u00a0articles)<\/strong><\/h6>\n","protected":false},"excerpt":{"rendered":"<p>Un assortiment complet d\u2019outils indispensables pour le bricolage vous attend.\u00a0 Cette mallette \u00e0 outils Kraftworld contient 299 outils soigneusement r\u00e9partis et organis\u00e9s dans quatre compartiments. Avec cette mallette compl\u00e8te, vous trouverez ce qu\u2019il vous faut rapidement pour r\u00e9soudre vos petits soucis en un tour de main. Tr\u00e8s compacte, la mallette dispose \u00e9galement de roulettes et [&hellip;]<\/p>\n","protected":false},"featured_media":6412,"comment_status":"open","ping_status":"closed","template":"","meta":[],"product_brand":[],"product_cat":[32],"product_tag":[64],"class_list":{"0":"post-6411","1":"product","2":"type-product","3":"status-publish","4":"has-post-thumbnail","6":"product_cat-outil","7":"product_tag-64","9":"first","10":"instock","11":"sale","12":"taxable","13":"shipping-taxable","14":"purchasable","15":"product-type-simple"},"_links":{"self":[{"href":"https:\/\/royalswiss.myskydoowebsite.com\/index.php?rest_route=\/wp\/v2\/product\/6411","targetHints":{"allow":["GET"]}}],"collection":[{"href":"https:\/\/royalswiss.myskydoowebsite.com\/index.php?rest_route=\/wp\/v2\/product"}],"about":[{"href":"https:\/\/royalswiss.myskydoowebsite.com\/index.php?rest_route=\/wp\/v2\/types\/product"}],"replies":[{"embeddable":true,"href":"https:\/\/royalswiss.myskydoowebsite.com\/index.php?rest_route=%2Fwp%2Fv2%2Fcomments&post=6411"}],"version-history":[{"count":1,"href":"https:\/\/royalswiss.myskydoowebsite.com\/index.php?rest_route=\/wp\/v2\/product\/6411\/revisions"}],"predecessor-version":[{"id":6413,"href":"https:\/\/royalswiss.myskydoowebsite.com\/index.php?rest_route=\/wp\/v2\/product\/6411\/revisions\/6413"}],"wp:featuredmedia":[{"embeddable":true,"href":"https:\/\/royalswiss.myskydoowebsite.com\/index.php?rest_route=\/wp\/v2\/media\/6412"}],"wp:attachment":[{"href":"https:\/\/royalswiss.myskydoowebsite.com\/index.php?rest_route=%2Fwp%2Fv2%2Fmedia&parent=6411"}],"wp:term":[{"taxonomy":"product_brand","embeddable":true,"href":"https:\/\/royalswiss.myskydoowebsite.com\/index.php?rest_route=%2Fwp%2Fv2%2Fproduct_brand&post=6411"},{"taxonomy":"product_cat","embeddable":true,"href":"https:\/\/royalswiss.myskydoowebsite.com\/index.php?rest_route=%2Fwp%2Fv2%2Fproduct_cat&post=6411"},{"taxonomy":"product_tag","embeddable":true,"href":"https:\/\/royalswiss.myskydoowebsite.com\/index.php?rest_route=%2Fwp%2Fv2%2Fproduct_tag&post=6411"}],"curies":[{"name":"wp","href":"https:\/\/api.w.org\/{rel}","templated":true}]}}