{"id":6396,"date":"2019-10-11T22:34:18","date_gmt":"2019-10-11T20:34:18","guid":{"rendered":"https:\/\/royalswiss.myskydoowebsite.com\/?post_type=product&#038;p=6396"},"modified":"2021-09-07T13:25:24","modified_gmt":"2021-09-07T11:25:24","slug":"coffret-de-cles-a-douilles-108-pieces","status":"publish","type":"product","link":"https:\/\/royalswiss.myskydoowebsite.com\/?product=coffret-de-cles-a-douilles-108-pieces","title":{"rendered":"coffret de Cl\u00e9s \u00e0 Douilles 108 pi\u00e8ces"},"content":{"rendered":"<p>Contenu du Coffret:<\/p>\n<p>Douilles 18 pcs \u2013 1\/4 \u201cDR.<\/p>\n<p>Douilles: SL4,5,5,6,5 PH1,2 PZ1,2 HEX3,4,5,6 T8,10,15,20,25,27,30 , 13 pcs \u2013 1\/4 \u201cDR.<\/p>\n<p>Douilles: 4,4,5,5,5,5,6,7,8,9,10,11,12,13,14mm 08 pcs \u2013 1\/4 \u201cDR.<\/p>\n<p>Prises profondes: 6,7,8,9,10,11,12,13mm 02 pces \u2013 1\/4 \u201dDR.<\/p>\n<p>Barres d\u2019extension: 50mm, 75mm 01 joint universel 1\/4 \u201cDR. 01 pc- 1\/4 \u201cDR.<\/p>\n<p>Poign\u00e9e Quick Ratchet 05 pcs- 1\/4 \u201cDR.<\/p>\n<p>Douilles \u00a0Torx: E4, E5, E6, E7, E8 Barre en T coulissante DR. 1\/4 \u201c 01 pc- 1\/4 \u201cDR.<\/p>\n<p>Manche Spinner: 150mm 17 pi\u00e8ces \u2013 1\/2 \u201cDR.<\/p>\n<p>Douilles: 10,11,12,13,14,15,16,17,18,19,20,21,22,24,27,30,32mm 05 pcs \u2013 1\/2 \u201cDR.<\/p>\n<p>Prises profondes: 14,15,17,19,22mm 02 pcs \u2013 1\/2 \u201cDR.<\/p>\n<p>Rallonges: 150mm, 250mm Joint universel 01 \u201c- 1\/2\u201d DR. 08 pcs- 1\/2 \u201cDR.<\/p>\n<p>Douilles Torx: E10, E11, E12, E14, E16, E18, E20, E24 01 pc- 1\/2 \u201cDR.<\/p>\n<p>Poign\u00e9e Quick Ratchet 02 pcs \u2013 1\/2 \u201cDR.<\/p>\n<p>Prises de bougie: 16mm, 21mm 01 pc<\/p>\n<p>adaptateur 3 voies Cl\u00e9 hexagonale de 03 pcs: 1.5,2,2.5mm 17 pcs-bits (3OL): SL8,10,12 T40,45,50,55,60 PH3,4 HEX7,8,10,12,14 01 pc-titulaire de bits<\/p>\n<p>Mallette de transport<\/p>\n","protected":false},"excerpt":{"rendered":"<p>Contenu du Coffret: Douilles 18 pcs \u2013 1\/4 \u201cDR. Douilles: SL4,5,5,6,5 PH1,2 PZ1,2 HEX3,4,5,6 T8,10,15,20,25,27,30 , 13 pcs \u2013 1\/4 \u201cDR. Douilles: 4,4,5,5,5,5,6,7,8,9,10,11,12,13,14mm 08 pcs \u2013 1\/4 \u201cDR. Prises profondes: 6,7,8,9,10,11,12,13mm 02 pces \u2013 1\/4 \u201dDR. Barres d\u2019extension: 50mm, 75mm 01 joint universel 1\/4 \u201cDR. 01 pc- 1\/4 \u201cDR. Poign\u00e9e Quick Ratchet 05 pcs- 1\/4 [&hellip;]<\/p>\n","protected":false},"featured_media":6397,"comment_status":"open","ping_status":"closed","template":"","meta":[],"product_brand":[],"product_cat":[32],"product_tag":[62],"class_list":{"0":"post-6396","1":"product","2":"type-product","3":"status-publish","4":"has-post-thumbnail","6":"product_cat-outil","7":"product_tag-62","9":"first","10":"instock","11":"sale","12":"taxable","13":"shipping-taxable","14":"purchasable","15":"product-type-simple"},"_links":{"self":[{"href":"https:\/\/royalswiss.myskydoowebsite.com\/index.php?rest_route=\/wp\/v2\/product\/6396","targetHints":{"allow":["GET"]}}],"collection":[{"href":"https:\/\/royalswiss.myskydoowebsite.com\/index.php?rest_route=\/wp\/v2\/product"}],"about":[{"href":"https:\/\/royalswiss.myskydoowebsite.com\/index.php?rest_route=\/wp\/v2\/types\/product"}],"replies":[{"embeddable":true,"href":"https:\/\/royalswiss.myskydoowebsite.com\/index.php?rest_route=%2Fwp%2Fv2%2Fcomments&post=6396"}],"version-history":[{"count":1,"href":"https:\/\/royalswiss.myskydoowebsite.com\/index.php?rest_route=\/wp\/v2\/product\/6396\/revisions"}],"predecessor-version":[{"id":6398,"href":"https:\/\/royalswiss.myskydoowebsite.com\/index.php?rest_route=\/wp\/v2\/product\/6396\/revisions\/6398"}],"wp:featuredmedia":[{"embeddable":true,"href":"https:\/\/royalswiss.myskydoowebsite.com\/index.php?rest_route=\/wp\/v2\/media\/6397"}],"wp:attachment":[{"href":"https:\/\/royalswiss.myskydoowebsite.com\/index.php?rest_route=%2Fwp%2Fv2%2Fmedia&parent=6396"}],"wp:term":[{"taxonomy":"product_brand","embeddable":true,"href":"https:\/\/royalswiss.myskydoowebsite.com\/index.php?rest_route=%2Fwp%2Fv2%2Fproduct_brand&post=6396"},{"taxonomy":"product_cat","embeddable":true,"href":"https:\/\/royalswiss.myskydoowebsite.com\/index.php?rest_route=%2Fwp%2Fv2%2Fproduct_cat&post=6396"},{"taxonomy":"product_tag","embeddable":true,"href":"https:\/\/royalswiss.myskydoowebsite.com\/index.php?rest_route=%2Fwp%2Fv2%2Fproduct_tag&post=6396"}],"curies":[{"name":"wp","href":"https:\/\/api.w.org\/{rel}","templated":true}]}}