{"id":6391,"date":"2019-10-11T22:14:07","date_gmt":"2019-10-11T20:14:07","guid":{"rendered":"https:\/\/royalswiss.myskydoowebsite.com\/?post_type=product&#038;p=6391"},"modified":"2021-09-07T13:25:49","modified_gmt":"2021-09-07T11:25:49","slug":"coffret-cliquet-et-douilles-171-pieces","status":"publish","type":"product","link":"https:\/\/royalswiss.myskydoowebsite.com\/?product=coffret-cliquet-et-douilles-171-pieces","title":{"rendered":"coffret cliquet et douilles  171 pi\u00e8ces"},"content":{"rendered":"<h3>Contenu de la mallette de 171 pi\u00e8ces de cl\u00e9s \u00e0 douille et embouts :<\/h3>\n<h5>\u00a03 Cl\u00e9s \u00e0 cliquet de 1\/4\u2033,1\/2\u2033 et 3\/8\u2033<\/h5>\n<h5>\u00a07 Cl\u00e9s allen<\/h5>\n<h5>17 Douilles courtes \u00e0 embout hexagonal de 1\/2\u2033 de 10, 11, 12, 13, 14, 15, 16, 17, 18, 19, 20, 21, 22, 23, 24, 27, 30 et 32 mm<\/h5>\n<h5>\u00a010 Douilles courtes \u00e0 embout hexagonal de 3\/8\u2033, de 10, 11, 12, 13, 14, 15, 16, 17, 18, 19 mm<\/h5>\n<h5>13 Douilles courtes \u00e0 embout hexagonal de 1\/4\u2033 de 4,4.5, 5 et 5.5, 6, 7, 8, 9, 10,11, 12, 13, 14 mm<\/h5>\n<h5>13 Douilles courtes \u00e0 t\u00eate torx femelle E4, E5, E6, E7, E8, E9, E10, E11, E12, E14, E16, E18, E20 et E24 3 Douilles pour cl\u00e9s \u00e0 bougies de 16 mm, 18 mm et 21 mm<\/h5>\n<h5>1 Adaptateur pour cliquet de 1\/4\u2033 articul\u00e9<\/h5>\n<h5>1 Adaptateur pour cliquet de 1\/2\u2033 articul\u00e9<\/h5>\n<h5>1 Adaptateur pour cliquet de 3\/8\u2033 articul\u00e9<\/h5>\n<h5>1 Adaptateur porte douilles 1\/4\u2033<\/h5>\n<h5>1 Rallonge pour cliquet de 1\/4\u2033 de 10cm<\/h5>\n<h5>1 Rallonge pour cliquet de 1\/4\u2033 de 5cm<\/h5>\n<h5>1 Rallonge pour cliquet de 1\/2\u2033 de 12,5 cm<\/h5>\n<h5>1 Rallonge pour cliquet de 3\/8\u2033 de 12cm<\/h5>\n<h5>1 Rallonge pour cliquet de 1\/2\u2033 de 25 cm avec t\u00eate coulissante<\/h5>\n<h5>1 Rallonge pour cliquet de 1\/4\u2033 de 10 cm avec t\u00eate coulissante<\/h5>\n<h5>1 Adaptateur d\u2019embouts pour cliquet de 1\/2\u2033 1 Adaptateur d\u2019embouts pour cliquet de 1\/4\u2033<\/h5>\n<h5>1 Adaptateur d\u2019embouts pour cliquet de 3\/8\u2033<\/h5>\n<h5>24 Embouts divers (Allen, cruciforme, torx, torx h)<\/h5>\n<h5>20 Embouts standards divers<\/h5>\n<h5>7 Douilles longues \u00e0 embout haxagonal pour cliquet de 1\/4\u2033<\/h5>\n<h5>6 Douilles longues \u00e0 embout haxagonal pour cliquet de 3\/8\u2033<\/h5>\n<h5>5 Douilles longues \u00e0 embout haxagonal pour cliquet de 1\/2\u2033<\/h5>\n<h5>30 Douilles avec embouts<\/h5>\n<h5>6 Tournevis cruciforme 1, 2, 3, pz1, pz2 et pz3<\/h5>\n<h5>3 Tournevis plats de 4, 5.5 et 7<\/h5>\n<h5>5 Tournevis allen de 2, 3, 4, 5 et 6<\/h5>\n<h5>8 Tournevis torx de 8, 9, 10, 15, 20, 25, 27 et 30<\/h5>\n<h5>\u00a08 Tournevis torx de 8, 9, 10, 15, 20, 25, 27 et 30<\/h5>\n<p>&nbsp;<\/p>\n<p>Faites face \u00e0 n\u2019importe quelle r\u00e9paration domestique et travail de maintenance avec la Bo\u00eete \u00e0 Outils kraft world de 171 Pi\u00e8ces. Le kit comprend une vari\u00e9t\u00e9 de cl\u00e9s \u00e0 douille, cl\u00e9s \u00e0 cliquet, embouts de tournevis, cl\u00e9s torx d\u2019excellente qualit\u00e9, parmi d\u2019autres outils et accessoires tr\u00e8s utiles. Le jeu d\u2019Outils de 171 pi\u00e8ces comprend une large gamme d\u2019outils pour un grand nombre de t\u00e2ches, ce qui le rend parfait et pratique pour n\u2019importe quelle personne, homme ou femme. Valeur exceptionnelle Ce jeu de cl\u00e9s de 171 pi\u00e8ces poss\u00e8de une valeur exceptionnelle, et comprend une bo\u00eete en plastique pratique pour ranger de mani\u00e8re s\u00fbre et ordonn\u00e9e chacune des 171 pi\u00e8ces. La mallette \u00e0 Outils de 171 pi\u00e8ces est le jeu d\u2019outils parfait \u00e0 avoir \u00e0 port\u00e9e de main. Il est con\u00e7u pour \u00eatre polyvalent, et vous pouvez donc l\u2019utiliser pour votre voiture, camion, camionnette, caravane, camping-car, ou m\u00eame pour votre bateau ! Il s\u2019agit d\u2019une petite bo\u00eete compacte pour que vous puissiez facilement la ranger apr\u00e8s utilisation. Ces outils sont fabriqu\u00e9s en acier au chrome vanadium de grande qualit\u00e9, de qualit\u00e9 professionnelle<\/p>\n","protected":false},"excerpt":{"rendered":"<p>Contenu de la mallette de 171 pi\u00e8ces de cl\u00e9s \u00e0 douille et embouts : \u00a03 Cl\u00e9s \u00e0 cliquet de 1\/4\u2033,1\/2\u2033 et 3\/8\u2033 \u00a07 Cl\u00e9s allen 17 Douilles courtes \u00e0 embout hexagonal de 1\/2\u2033 de 10, 11, 12, 13, 14, 15, 16, 17, 18, 19, 20, 21, 22, 23, 24, 27, 30 et 32 mm \u00a010 [&hellip;]<\/p>\n","protected":false},"featured_media":6394,"comment_status":"open","ping_status":"closed","template":"","meta":[],"product_brand":[],"product_cat":[32],"product_tag":[61],"class_list":{"0":"post-6391","1":"product","2":"type-product","3":"status-publish","4":"has-post-thumbnail","6":"product_cat-outil","7":"product_tag-61","9":"first","10":"instock","11":"sale","12":"taxable","13":"shipping-taxable","14":"purchasable","15":"product-type-simple"},"_links":{"self":[{"href":"https:\/\/royalswiss.myskydoowebsite.com\/index.php?rest_route=\/wp\/v2\/product\/6391","targetHints":{"allow":["GET"]}}],"collection":[{"href":"https:\/\/royalswiss.myskydoowebsite.com\/index.php?rest_route=\/wp\/v2\/product"}],"about":[{"href":"https:\/\/royalswiss.myskydoowebsite.com\/index.php?rest_route=\/wp\/v2\/types\/product"}],"replies":[{"embeddable":true,"href":"https:\/\/royalswiss.myskydoowebsite.com\/index.php?rest_route=%2Fwp%2Fv2%2Fcomments&post=6391"}],"version-history":[{"count":1,"href":"https:\/\/royalswiss.myskydoowebsite.com\/index.php?rest_route=\/wp\/v2\/product\/6391\/revisions"}],"predecessor-version":[{"id":6395,"href":"https:\/\/royalswiss.myskydoowebsite.com\/index.php?rest_route=\/wp\/v2\/product\/6391\/revisions\/6395"}],"wp:featuredmedia":[{"embeddable":true,"href":"https:\/\/royalswiss.myskydoowebsite.com\/index.php?rest_route=\/wp\/v2\/media\/6394"}],"wp:attachment":[{"href":"https:\/\/royalswiss.myskydoowebsite.com\/index.php?rest_route=%2Fwp%2Fv2%2Fmedia&parent=6391"}],"wp:term":[{"taxonomy":"product_brand","embeddable":true,"href":"https:\/\/royalswiss.myskydoowebsite.com\/index.php?rest_route=%2Fwp%2Fv2%2Fproduct_brand&post=6391"},{"taxonomy":"product_cat","embeddable":true,"href":"https:\/\/royalswiss.myskydoowebsite.com\/index.php?rest_route=%2Fwp%2Fv2%2Fproduct_cat&post=6391"},{"taxonomy":"product_tag","embeddable":true,"href":"https:\/\/royalswiss.myskydoowebsite.com\/index.php?rest_route=%2Fwp%2Fv2%2Fproduct_tag&post=6391"}],"curies":[{"name":"wp","href":"https:\/\/api.w.org\/{rel}","templated":true}]}}