{"id":6386,"date":"2019-10-11T19:14:43","date_gmt":"2019-10-11T17:14:43","guid":{"rendered":"https:\/\/royalswiss.myskydoowebsite.com\/?post_type=product&#038;p=6386"},"modified":"2021-09-07T13:27:22","modified_gmt":"2021-09-07T11:27:22","slug":"set-de-3-coffrets-de-torx-88-pieces","status":"publish","type":"product","link":"https:\/\/royalswiss.myskydoowebsite.com\/?product=set-de-3-coffrets-de-torx-88-pieces","title":{"rendered":"Set de 3 coffrets de Torx, 88 pi\u00e8ces"},"content":{"rendered":"<p>Caisse \u00e0 outils compos\u00e9 de 88 pi\u00e8ces embout Torx en chrome vanadium.<\/p>\n<p>Coffret compos\u00e9 de 3 caisse individuel.<\/p>\n<p><strong>Caisse 1<\/strong> de 26pcs: 8pcs 55L: M5-6-8-9-10-12-14-16 7pcs 100L: M5-6-8-9-10-12-14 7pcs 140L: M5-6-8-9-10-12-14 4pcs 200L: M8-10-12-14 <strong>Caisse 2<\/strong> de 30pcs: 9pcs 55L: HW5-6-7-8-10-12-14-17-19 8pcs 100L: HW5-6-7-8-10-11-12-13 7pcs 140L: HW5-6-7-8-10-12 6pcs 200L: HW5-6-7-8-10-12<\/p>\n<p><strong>Caisse 3<\/strong> de 32pcs: 10pcs 55L: T20-25-27-30-40-45-50-55-60-70 10pcs 100L: T20-25-27-30-40-45-50-55-60-70 6pcs 140L: T40-45-50-55-60-70 6pcs 200L: T40-45-50-55-60-70<\/p>\n<p>&nbsp;<\/p>\n<p>&nbsp;<\/p>\n<h6><strong>Garantie 2 ans\u00a0(les retours sont aux frais du client)<\/strong><\/h6>\n<h6><strong>Vous pouvez nous retourner votre achat en ligne si :<\/strong><\/h6>\n<ul>\n<li>\n<h6><strong>Votre produit a \u00e9t\u00e9 livr\u00e9 il y a moins de 7 jours.<\/strong><\/h6>\n<\/li>\n<li>\n<h6><strong>Vous \u00eates toujours en possession de l&#8217;emballage d&rsquo;origine et de son contenu original au complet.<\/strong><\/h6>\n<\/li>\n<li>\n<h6><strong>Vous n&rsquo;avez pas utilis\u00e9 l&rsquo;objet et celui-ci est toujours dans son emballage<\/strong><\/h6>\n<\/li>\n<li>\n<h6><strong>Vous avez re\u00e7u un produit incorrect ou inappropri\u00e9 et que l&#8217;emballage n&rsquo;est pas ouvert.<\/strong><\/h6>\n<h6><\/h6>\n<\/li>\n<\/ul>\n<h6><strong>(Les frais de\u00a0retour\u00a0sont \u00e0 la charge du client, sauf en cas d&rsquo;erreur de notre part et le remboursement se fera seulement apr\u00e8s la r\u00e9ception de nos\u00a0articles)<\/strong><\/h6>\n","protected":false},"excerpt":{"rendered":"<p>Caisse \u00e0 outils compos\u00e9 de 88 pi\u00e8ces embout Torx en chrome vanadium. Coffret compos\u00e9 de 3 caisse individuel. Caisse 1 de 26pcs: 8pcs 55L: M5-6-8-9-10-12-14-16 7pcs 100L: M5-6-8-9-10-12-14 7pcs 140L: M5-6-8-9-10-12-14 4pcs 200L: M8-10-12-14 Caisse 2 de 30pcs: 9pcs 55L: HW5-6-7-8-10-12-14-17-19 8pcs 100L: HW5-6-7-8-10-11-12-13 7pcs 140L: HW5-6-7-8-10-12 6pcs 200L: HW5-6-7-8-10-12 Caisse 3 de 32pcs: 10pcs [&hellip;]<\/p>\n","protected":false},"featured_media":6389,"comment_status":"open","ping_status":"closed","template":"","meta":[],"product_brand":[],"product_cat":[32],"product_tag":[60],"class_list":{"0":"post-6386","1":"product","2":"type-product","3":"status-publish","4":"has-post-thumbnail","6":"product_cat-outil","7":"product_tag-60","9":"first","10":"instock","11":"sale","12":"taxable","13":"shipping-taxable","14":"purchasable","15":"product-type-simple"},"_links":{"self":[{"href":"https:\/\/royalswiss.myskydoowebsite.com\/index.php?rest_route=\/wp\/v2\/product\/6386","targetHints":{"allow":["GET"]}}],"collection":[{"href":"https:\/\/royalswiss.myskydoowebsite.com\/index.php?rest_route=\/wp\/v2\/product"}],"about":[{"href":"https:\/\/royalswiss.myskydoowebsite.com\/index.php?rest_route=\/wp\/v2\/types\/product"}],"replies":[{"embeddable":true,"href":"https:\/\/royalswiss.myskydoowebsite.com\/index.php?rest_route=%2Fwp%2Fv2%2Fcomments&post=6386"}],"version-history":[{"count":1,"href":"https:\/\/royalswiss.myskydoowebsite.com\/index.php?rest_route=\/wp\/v2\/product\/6386\/revisions"}],"predecessor-version":[{"id":6390,"href":"https:\/\/royalswiss.myskydoowebsite.com\/index.php?rest_route=\/wp\/v2\/product\/6386\/revisions\/6390"}],"wp:featuredmedia":[{"embeddable":true,"href":"https:\/\/royalswiss.myskydoowebsite.com\/index.php?rest_route=\/wp\/v2\/media\/6389"}],"wp:attachment":[{"href":"https:\/\/royalswiss.myskydoowebsite.com\/index.php?rest_route=%2Fwp%2Fv2%2Fmedia&parent=6386"}],"wp:term":[{"taxonomy":"product_brand","embeddable":true,"href":"https:\/\/royalswiss.myskydoowebsite.com\/index.php?rest_route=%2Fwp%2Fv2%2Fproduct_brand&post=6386"},{"taxonomy":"product_cat","embeddable":true,"href":"https:\/\/royalswiss.myskydoowebsite.com\/index.php?rest_route=%2Fwp%2Fv2%2Fproduct_cat&post=6386"},{"taxonomy":"product_tag","embeddable":true,"href":"https:\/\/royalswiss.myskydoowebsite.com\/index.php?rest_route=%2Fwp%2Fv2%2Fproduct_tag&post=6386"}],"curies":[{"name":"wp","href":"https:\/\/api.w.org\/{rel}","templated":true}]}}