{"id":6357,"date":"2019-10-09T15:16:20","date_gmt":"2019-10-09T13:16:20","guid":{"rendered":"https:\/\/royalswiss.myskydoowebsite.com\/?post_type=product&#038;p=6357"},"modified":"2019-10-10T18:10:45","modified_gmt":"2019-10-10T16:10:45","slug":"camera-de-surveillance-sans-fil-garantie-2-ans-livraison-gratuite","status":"publish","type":"product","link":"https:\/\/royalswiss.myskydoowebsite.com\/?product=camera-de-surveillance-sans-fil-garantie-2-ans-livraison-gratuite","title":{"rendered":"Cam\u00e9ra de surveillance sans fil"},"content":{"rendered":"<h3>syst\u00e8me avec 4 cam\u00e9ra HD sans fil<\/h3>\n<h6>mod\u00e8le : TV-699HDE-XMW ( Z-4)<\/h6>\n<h5><em>syst\u00e8mes de cam\u00e9ra sans fil fonctionnent avec la technologie WiFi. Cette technologie r\u00e9volutionnaire ne transmet plus les images par les ondes, mais par votre r\u00e9seau \u00e9lectrique existant. R\u00e9sultat : une connexion garantie et la meilleure qualit\u00e9 d\u2019image possible. Il n&rsquo;y a pas vraiment d&rsquo;installation, chaque camera poss\u00e8de une prise \u00e0 brancher sur secteur, rien ne se relie par <span style=\"font-size: 13.28px;\">c\u00e2ble<\/span>, tout se fait par wifi. Notre syst\u00e8mes de cam\u00e9ra et vid\u00e9o-surveillance a \u00e9t\u00e9 cr\u00e9\u00e9 pour vous procurer une s\u00e9curit\u00e9 optimale. Gr\u00e2ce aux syst\u00e8mes de vid\u00e9osurveillance, vos biens sont surveill\u00e9s 24 h\/24. Notre syst\u00e8mes de cam\u00e9ra vous permettent d\u2019enregistrer les images, et de surveiller plusieurs lieux de fa\u00e7on simultan\u00e9e.<\/em><\/h5>\n<p><em>La vid\u00e9o-surveillance, vous permettra de garder un \u0153il sur toutes les images et vid\u00e9os de haute qualit\u00e9, elles seront transmises \u00e0 distance sur votre smartphone ou vers un centre de t\u00e9l\u00e9surveillance, ou les deux, afin de les analyser au besoin. Il est possible de rajouter un disque dur pour enregistrer les images ( pas fournis avec le kit )<\/em><\/p>\n<p>&nbsp;<\/p>\n<h6><strong>Garantie 2 ans\u00a0(les retours sont aux frais du client)<\/strong><\/h6>\n<h6><strong>Vous pouvez nous retourner votre achat en ligne si :<\/strong><\/h6>\n<ul>\n<li>\n<h6><strong>Votre produit a \u00e9t\u00e9 livr\u00e9 il y a moins de 7 jours.<\/strong><\/h6>\n<\/li>\n<li>\n<h6><strong>Vous \u00eates toujours en possession de l&#8217;emballage d&rsquo;origine et de son contenu original au complet.<\/strong><\/h6>\n<\/li>\n<li>\n<h6><strong>Vous n&rsquo;avez pas utilis\u00e9 l&rsquo;objet et celui-ci est toujours dans son emballage<\/strong><\/h6>\n<\/li>\n<li>\n<h6><strong>Vous avez re\u00e7u un produit incorrect ou inappropri\u00e9 et que l&#8217;emballage n&rsquo;est pas ouvert.<\/strong><\/h6>\n<h6><\/h6>\n<\/li>\n<\/ul>\n<h6><strong>(Les frais de\u00a0retour\u00a0sont \u00e0 la charge du client, sauf en cas d&rsquo;erreur de notre part et le remboursement se fera seulement apr\u00e8s la r\u00e9ception de nos\u00a0articles)<\/strong><\/h6>\n","protected":false},"excerpt":{"rendered":"<p>syst\u00e8me avec 4 cam\u00e9ra HD sans fil mod\u00e8le : TV-699HDE-XMW ( Z-4) syst\u00e8mes de cam\u00e9ra sans fil fonctionnent avec la technologie WiFi. Cette technologie r\u00e9volutionnaire ne transmet plus les images par les ondes, mais par votre r\u00e9seau \u00e9lectrique existant. R\u00e9sultat : une connexion garantie et la meilleure qualit\u00e9 d\u2019image possible. Il n&rsquo;y a pas vraiment [&hellip;]<\/p>\n","protected":false},"featured_media":6365,"comment_status":"open","ping_status":"closed","template":"","meta":[],"product_brand":[],"product_cat":[25],"product_tag":[124],"class_list":{"0":"post-6357","1":"product","2":"type-product","3":"status-publish","4":"has-post-thumbnail","6":"product_cat-hifi","7":"product_tag-124","9":"first","10":"instock","11":"sale","12":"taxable","13":"shipping-taxable","14":"purchasable","15":"product-type-simple"},"_links":{"self":[{"href":"https:\/\/royalswiss.myskydoowebsite.com\/index.php?rest_route=\/wp\/v2\/product\/6357","targetHints":{"allow":["GET"]}}],"collection":[{"href":"https:\/\/royalswiss.myskydoowebsite.com\/index.php?rest_route=\/wp\/v2\/product"}],"about":[{"href":"https:\/\/royalswiss.myskydoowebsite.com\/index.php?rest_route=\/wp\/v2\/types\/product"}],"replies":[{"embeddable":true,"href":"https:\/\/royalswiss.myskydoowebsite.com\/index.php?rest_route=%2Fwp%2Fv2%2Fcomments&post=6357"}],"version-history":[{"count":1,"href":"https:\/\/royalswiss.myskydoowebsite.com\/index.php?rest_route=\/wp\/v2\/product\/6357\/revisions"}],"predecessor-version":[{"id":6367,"href":"https:\/\/royalswiss.myskydoowebsite.com\/index.php?rest_route=\/wp\/v2\/product\/6357\/revisions\/6367"}],"wp:featuredmedia":[{"embeddable":true,"href":"https:\/\/royalswiss.myskydoowebsite.com\/index.php?rest_route=\/wp\/v2\/media\/6365"}],"wp:attachment":[{"href":"https:\/\/royalswiss.myskydoowebsite.com\/index.php?rest_route=%2Fwp%2Fv2%2Fmedia&parent=6357"}],"wp:term":[{"taxonomy":"product_brand","embeddable":true,"href":"https:\/\/royalswiss.myskydoowebsite.com\/index.php?rest_route=%2Fwp%2Fv2%2Fproduct_brand&post=6357"},{"taxonomy":"product_cat","embeddable":true,"href":"https:\/\/royalswiss.myskydoowebsite.com\/index.php?rest_route=%2Fwp%2Fv2%2Fproduct_cat&post=6357"},{"taxonomy":"product_tag","embeddable":true,"href":"https:\/\/royalswiss.myskydoowebsite.com\/index.php?rest_route=%2Fwp%2Fv2%2Fproduct_tag&post=6357"}],"curies":[{"name":"wp","href":"https:\/\/api.w.org\/{rel}","templated":true}]}}