{"id":6347,"date":"2019-10-08T17:14:05","date_gmt":"2019-10-08T15:14:05","guid":{"rendered":"https:\/\/royalswiss.myskydoowebsite.com\/?post_type=product&#038;p=6347"},"modified":"2022-12-20T14:01:45","modified_gmt":"2022-12-20T13:01:45","slug":"set-de-3-valises-360","status":"publish","type":"product","link":"https:\/\/royalswiss.myskydoowebsite.com\/?product=set-de-3-valises-360","title":{"rendered":"set de 3 Valises, 360\u00b0"},"content":{"rendered":"<p>Que vous soyez en voyage d\u2019affaires ou en vacances, ce jeu de valises attrayantes garantit que vous pouvez emporter tout ce dont vous avez besoin. Ce jeu de valises a des coques rigides en ABS de haute qualit\u00e9 et durables ainsi que des verrous de s\u00e9curit\u00e9 pour garder vos effets personnels en toute s\u00e9curit\u00e9. Ses sangles de serrage internes gardent vos effets bien rang\u00e9s et en place. Outre la poign\u00e9e ergonomique t\u00e9lescopique, chaque valise est \u00e9galement \u00e9quip\u00e9e de deux poign\u00e9es de transport (sup\u00e9rieure et lat\u00e9rale) et de quatre roulettes de 360 \u200b\u200bdegr\u00e9s, ce qui vous offre une exp\u00e9rience de voyage confortable. Tr\u00e8s durable et l\u00e9ger, ce jeu de valises sera id\u00e9al dans votre chaque voyage. La livraison comprend trois valises de diff\u00e9rentes tailles et les petites valises peuvent \u00eatre stock\u00e9es dans les plus grandes pour \u00e9conomiser de l\u2019espace.<\/p>\n","protected":false},"excerpt":{"rendered":"<p>Que vous soyez en voyage d\u2019affaires ou en vacances, ce jeu de valises attrayantes garantit que vous pouvez emporter tout ce dont vous avez besoin. Ce jeu de valises a des coques rigides en ABS de haute qualit\u00e9 et durables ainsi que des verrous de s\u00e9curit\u00e9 pour garder vos effets personnels en toute s\u00e9curit\u00e9. Ses [&hellip;]<\/p>\n","protected":false},"featured_media":15333,"comment_status":"open","ping_status":"closed","template":"","meta":[],"product_brand":[],"product_cat":[42,15],"product_tag":[1583,1582],"class_list":{"0":"post-6347","1":"product","2":"type-product","3":"status-publish","4":"has-post-thumbnail","6":"product_cat-divers","7":"product_cat-uncategorized","8":"product_tag-1583","9":"product_tag-1582","11":"first","12":"outofstock","13":"sale","14":"taxable","15":"shipping-taxable","16":"purchasable","17":"product-type-variable"},"_links":{"self":[{"href":"https:\/\/royalswiss.myskydoowebsite.com\/index.php?rest_route=\/wp\/v2\/product\/6347","targetHints":{"allow":["GET"]}}],"collection":[{"href":"https:\/\/royalswiss.myskydoowebsite.com\/index.php?rest_route=\/wp\/v2\/product"}],"about":[{"href":"https:\/\/royalswiss.myskydoowebsite.com\/index.php?rest_route=\/wp\/v2\/types\/product"}],"replies":[{"embeddable":true,"href":"https:\/\/royalswiss.myskydoowebsite.com\/index.php?rest_route=%2Fwp%2Fv2%2Fcomments&post=6347"}],"version-history":[{"count":3,"href":"https:\/\/royalswiss.myskydoowebsite.com\/index.php?rest_route=\/wp\/v2\/product\/6347\/revisions"}],"predecessor-version":[{"id":15334,"href":"https:\/\/royalswiss.myskydoowebsite.com\/index.php?rest_route=\/wp\/v2\/product\/6347\/revisions\/15334"}],"wp:featuredmedia":[{"embeddable":true,"href":"https:\/\/royalswiss.myskydoowebsite.com\/index.php?rest_route=\/wp\/v2\/media\/15333"}],"wp:attachment":[{"href":"https:\/\/royalswiss.myskydoowebsite.com\/index.php?rest_route=%2Fwp%2Fv2%2Fmedia&parent=6347"}],"wp:term":[{"taxonomy":"product_brand","embeddable":true,"href":"https:\/\/royalswiss.myskydoowebsite.com\/index.php?rest_route=%2Fwp%2Fv2%2Fproduct_brand&post=6347"},{"taxonomy":"product_cat","embeddable":true,"href":"https:\/\/royalswiss.myskydoowebsite.com\/index.php?rest_route=%2Fwp%2Fv2%2Fproduct_cat&post=6347"},{"taxonomy":"product_tag","embeddable":true,"href":"https:\/\/royalswiss.myskydoowebsite.com\/index.php?rest_route=%2Fwp%2Fv2%2Fproduct_tag&post=6347"}],"curies":[{"name":"wp","href":"https:\/\/api.w.org\/{rel}","templated":true}]}}