{"id":6324,"date":"2019-10-05T18:43:45","date_gmt":"2019-10-05T16:43:45","guid":{"rendered":"https:\/\/royalswiss.myskydoowebsite.com\/?post_type=product&#038;p=6324"},"modified":"2021-09-01T17:04:35","modified_gmt":"2021-09-01T15:04:35","slug":"2-enceinte-bluetooth","status":"publish","type":"product","link":"https:\/\/royalswiss.myskydoowebsite.com\/?product=2-enceinte-bluetooth","title":{"rendered":"2 Enceinte Bluetooth"},"content":{"rendered":"<p>Connectez ce haut-parleur \u00e0 votre smartphone, tablette ou \u00e0 un autre p\u00e9riph\u00e9rique Bluetooth.<br \/>\nEnceinte bluetooth avec ports USB et SD pour lecture MP3, entr\u00e9es micro avec effet echo pour Karaoke<br \/>\nSyst\u00e8me de sonorisation avec effets lumineux \u00e0 LED int\u00e9gr\u00e9s sur les haut-parleurs. Id\u00e9al dans toutes les situations o\u00f9 il est n\u00e9cessaire d&rsquo;avoir un syst\u00e8me de sonorisation complet.<\/p>\n<p>&nbsp;<\/p>\n<h6><strong>Garantie 2 ans\u00a0(les retours sont aux frais du client)<\/strong><\/h6>\n<h6><strong>Vous pouvez nous retourner votre achat en ligne si :<\/strong><\/h6>\n<ul>\n<li>\n<h6><strong>Votre produit a \u00e9t\u00e9 livr\u00e9 il y a moins de 7 jours.<\/strong><\/h6>\n<\/li>\n<li>\n<h6><strong>Vous \u00eates toujours en possession de l&#8217;emballage d&rsquo;origine et de son contenu original au complet.<\/strong><\/h6>\n<\/li>\n<li>\n<h6><strong>Vous n&rsquo;avez pas utilis\u00e9 l&rsquo;objet et celui-ci est toujours dans son emballage<\/strong><\/h6>\n<\/li>\n<li>\n<h6><strong>Vous avez re\u00e7u un produit incorrect ou inappropri\u00e9 et que l&#8217;emballage n&rsquo;est pas ouvert.<\/strong><\/h6>\n<h6><\/h6>\n<\/li>\n<\/ul>\n<h6><strong>(Les frais de\u00a0retour\u00a0sont \u00e0 la charge du client, sauf en cas d&rsquo;erreur de notre part et le remboursement se fera seulement apr\u00e8s la r\u00e9ception de nos\u00a0articles)<\/strong><\/h6>\n","protected":false},"excerpt":{"rendered":"<p>Connectez ce haut-parleur \u00e0 votre smartphone, tablette ou \u00e0 un autre p\u00e9riph\u00e9rique Bluetooth. Enceinte bluetooth avec ports USB et SD pour lecture MP3, entr\u00e9es micro avec effet echo pour Karaoke Syst\u00e8me de sonorisation avec effets lumineux \u00e0 LED int\u00e9gr\u00e9s sur les haut-parleurs. Id\u00e9al dans toutes les situations o\u00f9 il est n\u00e9cessaire d&rsquo;avoir un syst\u00e8me de [&hellip;]<\/p>\n","protected":false},"featured_media":6327,"comment_status":"open","ping_status":"closed","template":"","meta":[],"product_brand":[],"product_cat":[25],"product_tag":[119],"class_list":{"0":"post-6324","1":"product","2":"type-product","3":"status-publish","4":"has-post-thumbnail","6":"product_cat-hifi","7":"product_tag-119","9":"first","10":"outofstock","11":"sale","12":"taxable","13":"shipping-taxable","14":"purchasable","15":"product-type-simple"},"_links":{"self":[{"href":"https:\/\/royalswiss.myskydoowebsite.com\/index.php?rest_route=\/wp\/v2\/product\/6324","targetHints":{"allow":["GET"]}}],"collection":[{"href":"https:\/\/royalswiss.myskydoowebsite.com\/index.php?rest_route=\/wp\/v2\/product"}],"about":[{"href":"https:\/\/royalswiss.myskydoowebsite.com\/index.php?rest_route=\/wp\/v2\/types\/product"}],"replies":[{"embeddable":true,"href":"https:\/\/royalswiss.myskydoowebsite.com\/index.php?rest_route=%2Fwp%2Fv2%2Fcomments&post=6324"}],"version-history":[{"count":2,"href":"https:\/\/royalswiss.myskydoowebsite.com\/index.php?rest_route=\/wp\/v2\/product\/6324\/revisions"}],"predecessor-version":[{"id":12868,"href":"https:\/\/royalswiss.myskydoowebsite.com\/index.php?rest_route=\/wp\/v2\/product\/6324\/revisions\/12868"}],"wp:featuredmedia":[{"embeddable":true,"href":"https:\/\/royalswiss.myskydoowebsite.com\/index.php?rest_route=\/wp\/v2\/media\/6327"}],"wp:attachment":[{"href":"https:\/\/royalswiss.myskydoowebsite.com\/index.php?rest_route=%2Fwp%2Fv2%2Fmedia&parent=6324"}],"wp:term":[{"taxonomy":"product_brand","embeddable":true,"href":"https:\/\/royalswiss.myskydoowebsite.com\/index.php?rest_route=%2Fwp%2Fv2%2Fproduct_brand&post=6324"},{"taxonomy":"product_cat","embeddable":true,"href":"https:\/\/royalswiss.myskydoowebsite.com\/index.php?rest_route=%2Fwp%2Fv2%2Fproduct_cat&post=6324"},{"taxonomy":"product_tag","embeddable":true,"href":"https:\/\/royalswiss.myskydoowebsite.com\/index.php?rest_route=%2Fwp%2Fv2%2Fproduct_tag&post=6324"}],"curies":[{"name":"wp","href":"https:\/\/api.w.org\/{rel}","templated":true}]}}