{"id":6275,"date":"2019-10-05T14:00:19","date_gmt":"2019-10-05T12:00:19","guid":{"rendered":"https:\/\/royalswiss.myskydoowebsite.com\/?post_type=product&#038;p=6275"},"modified":"2022-09-15T18:16:47","modified_gmt":"2022-09-15T16:16:47","slug":"grill-panini","status":"publish","type":"product","link":"https:\/\/royalswiss.myskydoowebsite.com\/?product=grill-panini","title":{"rendered":"Grill &#8211; Panini"},"content":{"rendered":"<p><strong>Royal Swiss, Compact Grill<\/strong><\/p>\n<p>Compact \u00a0( s\u2019ouvre enti\u00e8rement )<\/p>\n<p>Varier les plaisirs gr\u00e2ce \u00e0 ses 2 positions de cuisson grill ou barbecue. Ses plaques de rev\u00eatement en marbre c\u00e9ramique antiadh\u00e9sives facilitent la r\u00e9cup\u00e9ration des jus dans son bac int\u00e9gr\u00e9s. Facile d\u2019utilisation, un voyant lumineux s\u2019allume lorsque les plaques sont \u00e0 la bonne temp\u00e9rature. Son Thermostat r\u00e9glable 5 positions permet de ma\u00eetriser la cuisson. D\u2019une puissance de 1800 W, il vous permet de pr\u00e9parer rapidement de d\u00e9licieuses grillades. Facile \u00e0 nettoyer, ses plaques antiadh\u00e9sives amovibles et son bac \u00e0 jus sont compatibles lave-vaisselle. Le bac \u00e0 jus int\u00e9gr\u00e9 facilite l&rsquo;\u00e9vacuation des mati\u00e8res grasses pour une cuisine plus saine. Les plaques amovibles \u00e9tant en fa\u00e7on pierre vous \u00e9vitent de rajouter du beurre ou de l&rsquo;huile.<\/p>\n<p><strong>Un grill compact multifonctions pour cuire tout type<\/strong><\/p>\n<p><strong>\u00a0<\/strong>Id\u00e9al pour vos grillades de poissons, de viandes ou de l\u00e9gumes.<\/p>\n<p><strong>Thermostat r\u00e9glable sur 5 positions<\/strong><\/p>\n<p>Pour un contr\u00f4le pr\u00e9cis de la temp\u00e9rature des plaques lors de la cuisson.<\/p>\n<p><strong>Pour cuisiner sans ajouter de mati\u00e8re grasse <\/strong><\/p>\n<p>Ses plaques anti-adh\u00e9sives en c\u00e9ramique et son bac \u00e0 jus int\u00e9gr\u00e9 garantissent une cuisson saine et un entretien facile.<\/p>\n<p>&nbsp;<\/p>\n<p>&nbsp;<\/p>\n<h6><strong>Garantie 2 ans\u00a0(les retours sont aux frais du client)<\/strong><\/h6>\n<h6><strong>Vous pouvez nous retourner votre achat en ligne si :<\/strong><\/h6>\n<ul>\n<li>\n<h6><strong>Votre produit a \u00e9t\u00e9 livr\u00e9 il y a moins de 7 jours.<\/strong><\/h6>\n<\/li>\n<li>\n<h6><strong>Vous \u00eates toujours en possession de l&#8217;emballage d&rsquo;origine et de son contenu original au complet.<\/strong><\/h6>\n<\/li>\n<li>\n<h6><strong>Vous n&rsquo;avez pas utilis\u00e9 l&rsquo;objet et celui-ci est toujours dans son emballage<\/strong><\/h6>\n<\/li>\n<li>\n<h6><strong>Vous avez re\u00e7u un produit incorrect ou inappropri\u00e9 et que l&#8217;emballage n&rsquo;est pas ouvert.<\/strong><\/h6>\n<h6><\/h6>\n<\/li>\n<\/ul>\n<h6><strong>(Les frais de\u00a0retour\u00a0sont \u00e0 la charge du client, sauf en cas d&rsquo;erreur de notre part et le remboursement se fera seulement apr\u00e8s la r\u00e9ception de nos\u00a0articles)<\/strong><\/h6>\n<p>&nbsp;<\/p>\n<p>&nbsp;<\/p>\n","protected":false},"excerpt":{"rendered":"<p>&nbsp;<\/p>\n<p>Sp\u00e9cificit\u00e9s\u00a0:<\/p>\n<ul>\n<li>Puissance\u00a0: 220 \u2013 240V~50\/60Hz, 1800 Watts (90 \u00e0 180 degr\u00e9 )<\/li>\n<li>Plaque de rev\u00eatement en marbre c\u00e9ramique antiadh\u00e9sives<\/li>\n<li>Thermostat r\u00e9glable sur 5 positions<\/li>\n<li>Bac d\u2019\u00e9gouttage\u00a0: facilitent la r\u00e9cup\u00e9ration des jus<\/li>\n<li>Compact\u00a0: s\u2019ouvre compl\u00e8tement pour la fonction grill<\/li>\n<\/ul>\n","protected":false},"featured_media":12942,"comment_status":"open","ping_status":"closed","template":"","meta":[],"product_brand":[],"product_cat":[56,33,1558,15],"product_tag":[117],"class_list":{"0":"post-6275","1":"product","2":"type-product","3":"status-publish","4":"has-post-thumbnail","6":"product_cat-electromenager","7":"product_cat-petit-electromenager","8":"product_cat-plancha-panini","9":"product_cat-uncategorized","10":"product_tag-117","12":"first","13":"instock","14":"sale","15":"taxable","16":"shipping-taxable","17":"purchasable","18":"product-type-simple"},"_links":{"self":[{"href":"https:\/\/royalswiss.myskydoowebsite.com\/index.php?rest_route=\/wp\/v2\/product\/6275","targetHints":{"allow":["GET"]}}],"collection":[{"href":"https:\/\/royalswiss.myskydoowebsite.com\/index.php?rest_route=\/wp\/v2\/product"}],"about":[{"href":"https:\/\/royalswiss.myskydoowebsite.com\/index.php?rest_route=\/wp\/v2\/types\/product"}],"replies":[{"embeddable":true,"href":"https:\/\/royalswiss.myskydoowebsite.com\/index.php?rest_route=%2Fwp%2Fv2%2Fcomments&post=6275"}],"version-history":[{"count":3,"href":"https:\/\/royalswiss.myskydoowebsite.com\/index.php?rest_route=\/wp\/v2\/product\/6275\/revisions"}],"predecessor-version":[{"id":14413,"href":"https:\/\/royalswiss.myskydoowebsite.com\/index.php?rest_route=\/wp\/v2\/product\/6275\/revisions\/14413"}],"wp:featuredmedia":[{"embeddable":true,"href":"https:\/\/royalswiss.myskydoowebsite.com\/index.php?rest_route=\/wp\/v2\/media\/12942"}],"wp:attachment":[{"href":"https:\/\/royalswiss.myskydoowebsite.com\/index.php?rest_route=%2Fwp%2Fv2%2Fmedia&parent=6275"}],"wp:term":[{"taxonomy":"product_brand","embeddable":true,"href":"https:\/\/royalswiss.myskydoowebsite.com\/index.php?rest_route=%2Fwp%2Fv2%2Fproduct_brand&post=6275"},{"taxonomy":"product_cat","embeddable":true,"href":"https:\/\/royalswiss.myskydoowebsite.com\/index.php?rest_route=%2Fwp%2Fv2%2Fproduct_cat&post=6275"},{"taxonomy":"product_tag","embeddable":true,"href":"https:\/\/royalswiss.myskydoowebsite.com\/index.php?rest_route=%2Fwp%2Fv2%2Fproduct_tag&post=6275"}],"curies":[{"name":"wp","href":"https:\/\/api.w.org\/{rel}","templated":true}]}}