{"id":6268,"date":"2019-10-05T13:23:20","date_gmt":"2019-10-05T11:23:20","guid":{"rendered":"https:\/\/royalswiss.myskydoowebsite.com\/?post_type=product&#038;p=6268"},"modified":"2022-09-28T11:34:09","modified_gmt":"2022-09-28T09:34:09","slug":"barbecue-de-table","status":"publish","type":"product","link":"https:\/\/royalswiss.myskydoowebsite.com\/?product=barbecue-de-table","title":{"rendered":"Barbecue de table"},"content":{"rendered":"<p><em><strong>Il ne faudra plus attendre l&rsquo;\u00e9t\u00e9 pour se faire une bonne grillade en famille ou entre amis, Le barbecue \u00e9lectrique Royal Swiss est id\u00e9al pour r\u00e9aliser des grillades toute l&rsquo;ann\u00e9e, en int\u00e9rieur comme en ext\u00e9rieur. Il trouvera facilement sa place sur une terrasse, dans une cuisine ou dans un jardin. Pr\u00e9paration optimale des grillades gr\u00e2ce \u00e0 sa puissance de 2000 Watts.<\/strong><\/em><\/p>\n<p>&nbsp;<\/p>\n<h6><strong>Garantie 2 ans\u00a0(les retours sont aux frais du client)<\/strong><\/h6>\n<h6><strong>Vous pouvez nous retourner votre achat en ligne si :<\/strong><\/h6>\n<ul>\n<li>\n<h6><strong>Votre produit a \u00e9t\u00e9 livr\u00e9 il y a moins de 7 jours.<\/strong><\/h6>\n<\/li>\n<li>\n<h6><strong>Vous \u00eates toujours en possession de l&#8217;emballage d&rsquo;origine et de son contenu original au complet.<\/strong><\/h6>\n<\/li>\n<li>\n<h6><strong>Vous n&rsquo;avez pas utilis\u00e9 l&rsquo;objet et celui-ci est toujours dans son emballage<\/strong><\/h6>\n<\/li>\n<li>\n<h6><strong>Vous avez re\u00e7u un produit incorrect ou inappropri\u00e9 et que l&#8217;emballage n&rsquo;est pas ouvert.<\/strong><\/h6>\n<h6><\/h6>\n<\/li>\n<\/ul>\n<h6><strong>(Les frais de\u00a0retour\u00a0sont \u00e0 la charge du client, sauf en cas d&rsquo;erreur de notre part et le remboursement se fera seulement apr\u00e8s la r\u00e9ception de nos\u00a0articles)<\/strong><\/h6>\n","protected":false},"excerpt":{"rendered":"<p>&nbsp;<\/p>\n<p>Caract\u00e9ristiques :<\/p>\n<ul>\n<li>Puissance max. de 2000 W<\/li>\n<li>Taille : 38 * 22 cm<\/li>\n<li>Barbecue \u00e9lectrique pour l&rsquo;int\u00e9rieur et l&rsquo;ext\u00e9rieur : Gril de table pratique pour la pr\u00e9paration rapide de d\u00e9licieux plats de barbecue<\/li>\n<li>Temp\u00e9ratures \u00e9lev\u00e9es, chauffe rapide : Pr\u00e9paration optimale des grillades gr\u00e2ce \u00e0 l&rsquo;\u00e9l\u00e9ment chauffant thermostat\u00e9 et au r\u00e9gulateur de temp\u00e9rature<\/li>\n<li>R\u00e9partition homog\u00e8ne de la chaleur gr\u00e2ce \u00e0 la spirale chauffante,<\/li>\n<li>Micro-rupteur de s\u00e9curit\u00e9, Nettoyage facile gr\u00e2ce de la grille<\/li>\n<\/ul>\n","protected":false},"featured_media":6271,"comment_status":"open","ping_status":"closed","template":"","meta":[],"product_brand":[],"product_cat":[56,33,1558,1567,15],"product_tag":[116],"class_list":{"0":"post-6268","1":"product","2":"type-product","3":"status-publish","4":"has-post-thumbnail","6":"product_cat-electromenager","7":"product_cat-petit-electromenager","8":"product_cat-plancha-panini","9":"product_cat-poele-electrique","10":"product_cat-uncategorized","11":"product_tag-116","13":"first","14":"instock","15":"sale","16":"taxable","17":"shipping-taxable","18":"purchasable","19":"product-type-simple"},"_links":{"self":[{"href":"https:\/\/royalswiss.myskydoowebsite.com\/index.php?rest_route=\/wp\/v2\/product\/6268","targetHints":{"allow":["GET"]}}],"collection":[{"href":"https:\/\/royalswiss.myskydoowebsite.com\/index.php?rest_route=\/wp\/v2\/product"}],"about":[{"href":"https:\/\/royalswiss.myskydoowebsite.com\/index.php?rest_route=\/wp\/v2\/types\/product"}],"replies":[{"embeddable":true,"href":"https:\/\/royalswiss.myskydoowebsite.com\/index.php?rest_route=%2Fwp%2Fv2%2Fcomments&post=6268"}],"version-history":[{"count":2,"href":"https:\/\/royalswiss.myskydoowebsite.com\/index.php?rest_route=\/wp\/v2\/product\/6268\/revisions"}],"predecessor-version":[{"id":6276,"href":"https:\/\/royalswiss.myskydoowebsite.com\/index.php?rest_route=\/wp\/v2\/product\/6268\/revisions\/6276"}],"wp:featuredmedia":[{"embeddable":true,"href":"https:\/\/royalswiss.myskydoowebsite.com\/index.php?rest_route=\/wp\/v2\/media\/6271"}],"wp:attachment":[{"href":"https:\/\/royalswiss.myskydoowebsite.com\/index.php?rest_route=%2Fwp%2Fv2%2Fmedia&parent=6268"}],"wp:term":[{"taxonomy":"product_brand","embeddable":true,"href":"https:\/\/royalswiss.myskydoowebsite.com\/index.php?rest_route=%2Fwp%2Fv2%2Fproduct_brand&post=6268"},{"taxonomy":"product_cat","embeddable":true,"href":"https:\/\/royalswiss.myskydoowebsite.com\/index.php?rest_route=%2Fwp%2Fv2%2Fproduct_cat&post=6268"},{"taxonomy":"product_tag","embeddable":true,"href":"https:\/\/royalswiss.myskydoowebsite.com\/index.php?rest_route=%2Fwp%2Fv2%2Fproduct_tag&post=6268"}],"curies":[{"name":"wp","href":"https:\/\/api.w.org\/{rel}","templated":true}]}}