{"id":6252,"date":"2019-10-03T18:47:08","date_gmt":"2019-10-03T16:47:08","guid":{"rendered":"https:\/\/royalswiss.myskydoowebsite.com\/?post_type=product&#038;p=6252"},"modified":"2022-09-28T11:33:55","modified_gmt":"2022-09-28T09:33:55","slug":"aspirateur-balais-cyclonique-2-in-1-sans-sac-avec-fil","status":"publish","type":"product","link":"https:\/\/royalswiss.myskydoowebsite.com\/?product=aspirateur-balais-cyclonique-2-in-1-sans-sac-avec-fil","title":{"rendered":"Aspirateur balais cyclonique 2 in 1  sans sac ( avec fil )"},"content":{"rendered":"<p>fixation de la brosse<br \/>\nIncl. suceur plat<br \/>\nIncl. support mural<br \/>\nIncl. brosse de sol (r\u00e9versible)<br \/>\nSans sac<br \/>\nEco-Cyclon (technologie de filtrage)<br \/>\nGrand rayon d&rsquo;action (c\u00e2ble de raccordement de 6,5 m)<br \/>\nAspirateur \u00e0 main \/ sol deux en un dans un seul appareil<br \/>\nEco-Cyclon<br \/>\nUtilisable \u00e9galement comme aspirateur \u00e0 main pour aspirer: les meubles, les coussins, les cadres, les rideaux, les livres, les ordinateurs, les voitures, etc.<br \/>\nSyst\u00e8me multi-filtres<br \/>\nTuyau en aluminium en deux parties (35 \u00e0 75 cm)<\/p>\n<p>Brosse de sol r\u00e9versible<br \/>\nFacile \u00e0 nettoyer<br \/>\nFaible poids<br \/>\n230 V, 50 Hz, 600 W<\/p>\n<p>&nbsp;<\/p>\n<p>&nbsp;<\/p>\n<h6><strong>Garantie 2 ans\u00a0(les retours sont aux frais du client)<\/strong><\/h6>\n<h6><strong>Vous pouvez nous retourner votre achat en ligne si :<\/strong><\/h6>\n<ul>\n<li>\n<h6><strong>Votre produit a \u00e9t\u00e9 livr\u00e9 il y a moins de 7 jours.<\/strong><\/h6>\n<\/li>\n<li>\n<h6><strong>Vous \u00eates toujours en possession de l&#8217;emballage d&rsquo;origine et de son contenu original au complet.<\/strong><\/h6>\n<\/li>\n<li>\n<h6><strong>Vous n&rsquo;avez pas utilis\u00e9 l&rsquo;objet et celui-ci est toujours dans son emballage<\/strong><\/h6>\n<\/li>\n<li>\n<h6><strong>Vous avez re\u00e7u un produit incorrect ou inappropri\u00e9 et que l&#8217;emballage n&rsquo;est pas ouvert.<\/strong><\/h6>\n<h6><\/h6>\n<\/li>\n<\/ul>\n<h6><strong>(Les frais de\u00a0retour\u00a0sont \u00e0 la charge du client, sauf en cas d&rsquo;erreur de notre part et le remboursement se fera seulement apr\u00e8s la r\u00e9ception de nos\u00a0articles)<\/strong><\/h6>\n","protected":false},"excerpt":{"rendered":"<p>fixation de la brosse Incl. suceur plat Incl. support mural Incl. brosse de sol (r\u00e9versible) Sans sac Eco-Cyclon (technologie de filtrage) Grand rayon d&rsquo;action (c\u00e2ble de raccordement de 6,5 m) Aspirateur \u00e0 main \/ sol deux en un dans un seul appareil Eco-Cyclon Utilisable \u00e9galement comme aspirateur \u00e0 main pour aspirer: les meubles, les coussins, [&hellip;]<\/p>\n","protected":false},"featured_media":10086,"comment_status":"open","ping_status":"closed","template":"","meta":[],"product_brand":[],"product_cat":[1550,56,33,15],"product_tag":[601],"class_list":{"0":"post-6252","1":"product","2":"type-product","3":"status-publish","4":"has-post-thumbnail","6":"product_cat-aspirateur","7":"product_cat-electromenager","8":"product_cat-petit-electromenager","9":"product_cat-uncategorized","10":"product_tag-601","12":"first","13":"instock","14":"sale","15":"taxable","16":"shipping-taxable","17":"purchasable","18":"product-type-variable"},"_links":{"self":[{"href":"https:\/\/royalswiss.myskydoowebsite.com\/index.php?rest_route=\/wp\/v2\/product\/6252","targetHints":{"allow":["GET"]}}],"collection":[{"href":"https:\/\/royalswiss.myskydoowebsite.com\/index.php?rest_route=\/wp\/v2\/product"}],"about":[{"href":"https:\/\/royalswiss.myskydoowebsite.com\/index.php?rest_route=\/wp\/v2\/types\/product"}],"replies":[{"embeddable":true,"href":"https:\/\/royalswiss.myskydoowebsite.com\/index.php?rest_route=%2Fwp%2Fv2%2Fcomments&post=6252"}],"version-history":[{"count":4,"href":"https:\/\/royalswiss.myskydoowebsite.com\/index.php?rest_route=\/wp\/v2\/product\/6252\/revisions"}],"predecessor-version":[{"id":14427,"href":"https:\/\/royalswiss.myskydoowebsite.com\/index.php?rest_route=\/wp\/v2\/product\/6252\/revisions\/14427"}],"wp:featuredmedia":[{"embeddable":true,"href":"https:\/\/royalswiss.myskydoowebsite.com\/index.php?rest_route=\/wp\/v2\/media\/10086"}],"wp:attachment":[{"href":"https:\/\/royalswiss.myskydoowebsite.com\/index.php?rest_route=%2Fwp%2Fv2%2Fmedia&parent=6252"}],"wp:term":[{"taxonomy":"product_brand","embeddable":true,"href":"https:\/\/royalswiss.myskydoowebsite.com\/index.php?rest_route=%2Fwp%2Fv2%2Fproduct_brand&post=6252"},{"taxonomy":"product_cat","embeddable":true,"href":"https:\/\/royalswiss.myskydoowebsite.com\/index.php?rest_route=%2Fwp%2Fv2%2Fproduct_cat&post=6252"},{"taxonomy":"product_tag","embeddable":true,"href":"https:\/\/royalswiss.myskydoowebsite.com\/index.php?rest_route=%2Fwp%2Fv2%2Fproduct_tag&post=6252"}],"curies":[{"name":"wp","href":"https:\/\/api.w.org\/{rel}","templated":true}]}}