{"id":6247,"date":"2019-10-03T18:37:11","date_gmt":"2019-10-03T16:37:11","guid":{"rendered":"https:\/\/royalswiss.myskydoowebsite.com\/?post_type=product&#038;p=6247"},"modified":"2022-10-18T13:20:42","modified_gmt":"2022-10-18T11:20:42","slug":"four-a-micro-onde-combi-2-in-1","status":"publish","type":"product","link":"https:\/\/royalswiss.myskydoowebsite.com\/?product=four-a-micro-onde-combi-2-in-1","title":{"rendered":"Four \u00e0 micro\u2013onde combi 2 in 1"},"content":{"rendered":"<p>N\u2019attendez plus D\u00e9couvrez maintenant le tout nouveau four \u00e0 micro-ondes combi 2 in 1 \u2013 30 Litres de chez Royal Swiss ! Gr\u00e2ce \u00e0 la technologie exclusive, notre four \u00e0 micro-onde vous permettra de go\u00fbter, chez vous, aux mets les plus fins de la haute gastronomie. Le four \u00e0 micro-ondes combi a une capacit\u00e9 de 30 litres et dispose de nombreux modes de cuisson. Un four pour cuire de fa\u00e7on optimale, un gril puissant pour griller et r\u00f4tir, des fonctions intelligentes pour r\u00e9chauffer ou d\u00e9givrer. Avec son option de convection le micro \u2013 onde dispose d\u2019une fonction chaleur tournante qui permet gr\u00e2ce \u00e0 un ventilateur int\u00e9gr\u00e9 de chauffer tout le four \u00e0 la m\u00eame temp\u00e9rature. De plus, son apparence \u00e9l\u00e9gante s\u2019int\u00e8gre parfaitement \u00e0 votre int\u00e9rieur.<\/p>\n<p>&nbsp;<\/p>\n<h6><strong>Garantie 2 ans\u00a0(les retours sont aux frais du client)<\/strong><\/h6>\n<h6><strong>Vous pouvez nous retourner votre achat en ligne si :<\/strong><\/h6>\n<ul>\n<li>\n<h6><strong>Votre produit a \u00e9t\u00e9 livr\u00e9 il y a moins de 7 jours.<\/strong><\/h6>\n<\/li>\n<li>\n<h6><strong>Vous \u00eates toujours en possession de l&#8217;emballage d&rsquo;origine et de son contenu original au complet.<\/strong><\/h6>\n<\/li>\n<li>\n<h6><strong>Vous n&rsquo;avez pas utilis\u00e9 l&rsquo;objet et celui-ci est toujours dans son emballage<\/strong><\/h6>\n<\/li>\n<li>\n<h6><strong>Vous avez re\u00e7u un produit incorrect ou inappropri\u00e9 et que l&#8217;emballage n&rsquo;est pas ouvert.<\/strong><\/h6>\n<h6><\/h6>\n<\/li>\n<\/ul>\n<h6><strong>(Les frais de\u00a0retour\u00a0sont \u00e0 la charge du client, sauf en cas d&rsquo;erreur de notre part et le remboursement se fera seulement apr\u00e8s la r\u00e9ception de nos\u00a0articles)<\/strong><\/h6>\n<h6><\/h6>\n<p>&nbsp;<\/p>\n","protected":false},"excerpt":{"rendered":"<p>&nbsp;<\/p>\n<p>Sp\u00e9cificit\u00e9\u00a0:<\/p>\n<ul>\n<li>Capacit\u00e9 30 L<\/li>\n<li>Design mirror<\/li>\n<li>Fonction d\u00e9cong\u00e9lation<\/li>\n<li>5 positions r\u00e9glables<\/li>\n<li>Horloge Analogique<\/li>\n<li>Plateau tournant automatique 315 cm<\/li>\n<li>Minuterie r\u00e9glable avec signal 30 minutes<\/li>\n<li>Puissance : 1000 watts<\/li>\n<\/ul>\n","protected":false},"featured_media":14901,"comment_status":"open","ping_status":"closed","template":"","meta":[],"product_brand":[],"product_cat":[56,1556,1555,33,15],"product_tag":[],"class_list":{"0":"post-6247","1":"product","2":"type-product","3":"status-publish","4":"has-post-thumbnail","6":"product_cat-electromenager","7":"product_cat-four","8":"product_cat-micro-onde","9":"product_cat-petit-electromenager","10":"product_cat-uncategorized","12":"first","13":"instock","14":"sale","15":"taxable","16":"shipping-taxable","17":"purchasable","18":"product-type-simple"},"_links":{"self":[{"href":"https:\/\/royalswiss.myskydoowebsite.com\/index.php?rest_route=\/wp\/v2\/product\/6247","targetHints":{"allow":["GET"]}}],"collection":[{"href":"https:\/\/royalswiss.myskydoowebsite.com\/index.php?rest_route=\/wp\/v2\/product"}],"about":[{"href":"https:\/\/royalswiss.myskydoowebsite.com\/index.php?rest_route=\/wp\/v2\/types\/product"}],"replies":[{"embeddable":true,"href":"https:\/\/royalswiss.myskydoowebsite.com\/index.php?rest_route=%2Fwp%2Fv2%2Fcomments&post=6247"}],"version-history":[{"count":1,"href":"https:\/\/royalswiss.myskydoowebsite.com\/index.php?rest_route=\/wp\/v2\/product\/6247\/revisions"}],"predecessor-version":[{"id":6251,"href":"https:\/\/royalswiss.myskydoowebsite.com\/index.php?rest_route=\/wp\/v2\/product\/6247\/revisions\/6251"}],"wp:featuredmedia":[{"embeddable":true,"href":"https:\/\/royalswiss.myskydoowebsite.com\/index.php?rest_route=\/wp\/v2\/media\/14901"}],"wp:attachment":[{"href":"https:\/\/royalswiss.myskydoowebsite.com\/index.php?rest_route=%2Fwp%2Fv2%2Fmedia&parent=6247"}],"wp:term":[{"taxonomy":"product_brand","embeddable":true,"href":"https:\/\/royalswiss.myskydoowebsite.com\/index.php?rest_route=%2Fwp%2Fv2%2Fproduct_brand&post=6247"},{"taxonomy":"product_cat","embeddable":true,"href":"https:\/\/royalswiss.myskydoowebsite.com\/index.php?rest_route=%2Fwp%2Fv2%2Fproduct_cat&post=6247"},{"taxonomy":"product_tag","embeddable":true,"href":"https:\/\/royalswiss.myskydoowebsite.com\/index.php?rest_route=%2Fwp%2Fv2%2Fproduct_tag&post=6247"}],"curies":[{"name":"wp","href":"https:\/\/api.w.org\/{rel}","templated":true}]}}