{"id":6203,"date":"2019-10-03T17:29:40","date_gmt":"2019-10-03T15:29:40","guid":{"rendered":"https:\/\/royalswiss.myskydoowebsite.com\/?post_type=product&#038;p=6203"},"modified":"2022-09-15T18:01:47","modified_gmt":"2022-09-15T16:01:47","slug":"rechaud-induction","status":"publish","type":"product","link":"https:\/\/royalswiss.myskydoowebsite.com\/?product=rechaud-induction","title":{"rendered":"R\u00e9chaud induction"},"content":{"rendered":"<p>Parfait pour cuisiner comme un chef m\u00eame avec peu de place, le r\u00e9chaud \u00e0 induction Royal Swiss poss\u00e8de un \u00e9cran \u00e0 cristaux<br \/>\nIl reconnait la dimension des ustensiles pour un usage facile, rapide et \u00e9conomique. Agr\u00e9able \u00e0 utiliser, le r\u00e9chaud \u00e0 induction poss\u00e8de 10 niveaux de puissance et un temps de cuisson programmable jusqu\u2019\u00e0 24 heures, il\u00a0 s&rsquo;arr\u00eatera automatiquement au temps imparti.<br \/>\nPuissance : 2000 W<br \/>\nLa chaleur est g\u00e9n\u00e9r\u00e9e directement dans le fond de la casserole<br \/>\nRapide, \u00e9conomique, et facile \u00e0 nettoyer<br \/>\nAffichage illumin\u00e9<br \/>\nPanneau de commande tactile<br \/>\nS\u00e9curit\u00e9 de surchauffe<br \/>\nVoyants lumineux<br \/>\nCouleur : Noir<\/p>\n<p>&nbsp;<\/p>\n<h6><strong>Garantie 2 ans\u00a0(les retours sont aux frais du client)<\/strong><\/h6>\n<h6><strong>Vous pouvez nous retourner votre achat en ligne si :<\/strong><\/h6>\n<ul>\n<li>\n<h6><strong>Votre produit a \u00e9t\u00e9 livr\u00e9 il y a moins de 7 jours.<\/strong><\/h6>\n<\/li>\n<li>\n<h6><strong>Vous \u00eates toujours en possession de l&#8217;emballage d&rsquo;origine et de son contenu original au complet.<\/strong><\/h6>\n<\/li>\n<li>\n<h6><strong>Vous n&rsquo;avez pas utilis\u00e9 l&rsquo;objet et celui-ci est toujours dans son emballage<\/strong><\/h6>\n<\/li>\n<li>\n<h6><strong>Vous avez re\u00e7u un produit incorrect ou inappropri\u00e9 et que l&#8217;emballage n&rsquo;est pas ouvert.<\/strong><\/h6>\n<p>&nbsp;<\/li>\n<\/ul>\n<h5><strong>(Les frais de\u00a0retour\u00a0sont \u00e0 la charge du client, sauf en cas d&rsquo;erreur de notre part et le remboursement se fera seulement apr\u00e8s la r\u00e9ception de nos\u00a0articles)<\/strong><\/h5>\n","protected":false},"excerpt":{"rendered":"<p>Parfait pour cuisiner comme un chef m\u00eame avec peu de place, le r\u00e9chaud \u00e0 induction Royal Swiss poss\u00e8de un \u00e9cran \u00e0 cristaux Il reconnait la dimension des ustensiles pour un usage facile, rapide et \u00e9conomique. Agr\u00e9able \u00e0 utiliser, le r\u00e9chaud \u00e0 induction poss\u00e8de 10 niveaux de puissance et un temps de cuisson programmable jusqu\u2019\u00e0 24 [&hellip;]<\/p>\n","protected":false},"featured_media":6204,"comment_status":"open","ping_status":"closed","template":"","meta":[],"product_brand":[],"product_cat":[56,33,1558,1569,15],"product_tag":[579],"class_list":{"0":"post-6203","1":"product","2":"type-product","3":"status-publish","4":"has-post-thumbnail","6":"product_cat-electromenager","7":"product_cat-petit-electromenager","8":"product_cat-plancha-panini","9":"product_cat-plaque-de-cuisson","10":"product_cat-uncategorized","11":"product_tag-579","13":"first","14":"instock","15":"sale","16":"taxable","17":"shipping-taxable","18":"purchasable","19":"product-type-simple"},"_links":{"self":[{"href":"https:\/\/royalswiss.myskydoowebsite.com\/index.php?rest_route=\/wp\/v2\/product\/6203","targetHints":{"allow":["GET"]}}],"collection":[{"href":"https:\/\/royalswiss.myskydoowebsite.com\/index.php?rest_route=\/wp\/v2\/product"}],"about":[{"href":"https:\/\/royalswiss.myskydoowebsite.com\/index.php?rest_route=\/wp\/v2\/types\/product"}],"replies":[{"embeddable":true,"href":"https:\/\/royalswiss.myskydoowebsite.com\/index.php?rest_route=%2Fwp%2Fv2%2Fcomments&post=6203"}],"version-history":[{"count":1,"href":"https:\/\/royalswiss.myskydoowebsite.com\/index.php?rest_route=\/wp\/v2\/product\/6203\/revisions"}],"predecessor-version":[{"id":6205,"href":"https:\/\/royalswiss.myskydoowebsite.com\/index.php?rest_route=\/wp\/v2\/product\/6203\/revisions\/6205"}],"wp:featuredmedia":[{"embeddable":true,"href":"https:\/\/royalswiss.myskydoowebsite.com\/index.php?rest_route=\/wp\/v2\/media\/6204"}],"wp:attachment":[{"href":"https:\/\/royalswiss.myskydoowebsite.com\/index.php?rest_route=%2Fwp%2Fv2%2Fmedia&parent=6203"}],"wp:term":[{"taxonomy":"product_brand","embeddable":true,"href":"https:\/\/royalswiss.myskydoowebsite.com\/index.php?rest_route=%2Fwp%2Fv2%2Fproduct_brand&post=6203"},{"taxonomy":"product_cat","embeddable":true,"href":"https:\/\/royalswiss.myskydoowebsite.com\/index.php?rest_route=%2Fwp%2Fv2%2Fproduct_cat&post=6203"},{"taxonomy":"product_tag","embeddable":true,"href":"https:\/\/royalswiss.myskydoowebsite.com\/index.php?rest_route=%2Fwp%2Fv2%2Fproduct_tag&post=6203"}],"curies":[{"name":"wp","href":"https:\/\/api.w.org\/{rel}","templated":true}]}}