{"id":6197,"date":"2019-10-03T17:04:52","date_gmt":"2019-10-03T15:04:52","guid":{"rendered":"https:\/\/royalswiss.myskydoowebsite.com\/?post_type=product&#038;p=6197"},"modified":"2022-10-29T03:55:00","modified_gmt":"2022-10-29T01:55:00","slug":"rechaud-electrique-double-inox","status":"publish","type":"product","link":"https:\/\/royalswiss.myskydoowebsite.com\/?product=rechaud-electrique-double-inox","title":{"rendered":"R\u00e9chaud \u00e9lectrique double inox"},"content":{"rendered":"<p>Vous avez le choix entre deux mod\u00e8le\u00a0 ( voir photos )<\/p>\n<p>&nbsp;<\/p>\n<h5><strong>Garantie 2 ans\u00a0(les retours sont aux frais du client)<\/strong><\/h5>\n<h5><strong>Vous pouvez nous retourner votre achat en ligne si :<\/strong><\/h5>\n<ul>\n<li>\n<h5><strong>Votre produit a \u00e9t\u00e9 livr\u00e9 il y a moins de 7 jours.<\/strong><\/h5>\n<\/li>\n<li>\n<h5><strong>Vous \u00eates toujours en possession de l&#8217;emballage d&rsquo;origine et de son contenu original au complet.<\/strong><\/h5>\n<\/li>\n<li>\n<h5><strong>Vous n&rsquo;avez pas utilis\u00e9 l&rsquo;objet et celui-ci est toujours dans son emballage<\/strong><\/h5>\n<\/li>\n<li>\n<h5><strong>Vous avez re\u00e7u un produit incorrect ou inappropri\u00e9 et que l&#8217;emballage n&rsquo;est pas ouvert.<\/strong><\/h5>\n<p>&nbsp;<\/li>\n<\/ul>\n<h5><strong>(Les frais de\u00a0retour\u00a0sont \u00e0 la charge du client, sauf en cas d&rsquo;erreur de notre part et le remboursement se fera seulement apr\u00e8s la r\u00e9ception de nos\u00a0articles)<\/strong><\/h5>\n","protected":false},"excerpt":{"rendered":"<p>&nbsp;<\/p>\n<p>Caract\u00e9ristiques\u00a0:<\/p>\n<ul>\n<li>Puissance\u00a0: 2500 Watts<\/li>\n<li>R\u00e9glable<\/li>\n<li>Plaque en fonte<\/li>\n<li>Id\u00e9al pour voyage, camping,maison<\/li>\n<li>2 plaques ( 18.5 cm et 15.5 cm)<\/li>\n<li>5 niveaux de chauffage<\/li>\n<li>Thermostat r\u00e9glable<\/li>\n<li>Arr\u00eat automatique en cas de probl\u00e8me<\/li>\n<li>2 voyants lumineux de fonctionnement<\/li>\n<li>Pieds anti-d\u00e9rapants<\/li>\n<li>\u00c9l\u00e9ment de chauffage int\u00e9gr\u00e9<\/li>\n<\/ul>\n","protected":false},"featured_media":12946,"comment_status":"open","ping_status":"closed","template":"","meta":[],"product_brand":[],"product_cat":[56,33,1558,1569,15],"product_tag":[],"class_list":{"0":"post-6197","1":"product","2":"type-product","3":"status-publish","4":"has-post-thumbnail","6":"product_cat-electromenager","7":"product_cat-petit-electromenager","8":"product_cat-plancha-panini","9":"product_cat-plaque-de-cuisson","10":"product_cat-uncategorized","12":"first","13":"instock","14":"sale","15":"taxable","16":"shipping-taxable","17":"purchasable","18":"product-type-variable"},"_links":{"self":[{"href":"https:\/\/royalswiss.myskydoowebsite.com\/index.php?rest_route=\/wp\/v2\/product\/6197","targetHints":{"allow":["GET"]}}],"collection":[{"href":"https:\/\/royalswiss.myskydoowebsite.com\/index.php?rest_route=\/wp\/v2\/product"}],"about":[{"href":"https:\/\/royalswiss.myskydoowebsite.com\/index.php?rest_route=\/wp\/v2\/types\/product"}],"replies":[{"embeddable":true,"href":"https:\/\/royalswiss.myskydoowebsite.com\/index.php?rest_route=%2Fwp%2Fv2%2Fcomments&post=6197"}],"version-history":[{"count":3,"href":"https:\/\/royalswiss.myskydoowebsite.com\/index.php?rest_route=\/wp\/v2\/product\/6197\/revisions"}],"predecessor-version":[{"id":14429,"href":"https:\/\/royalswiss.myskydoowebsite.com\/index.php?rest_route=\/wp\/v2\/product\/6197\/revisions\/14429"}],"wp:featuredmedia":[{"embeddable":true,"href":"https:\/\/royalswiss.myskydoowebsite.com\/index.php?rest_route=\/wp\/v2\/media\/12946"}],"wp:attachment":[{"href":"https:\/\/royalswiss.myskydoowebsite.com\/index.php?rest_route=%2Fwp%2Fv2%2Fmedia&parent=6197"}],"wp:term":[{"taxonomy":"product_brand","embeddable":true,"href":"https:\/\/royalswiss.myskydoowebsite.com\/index.php?rest_route=%2Fwp%2Fv2%2Fproduct_brand&post=6197"},{"taxonomy":"product_cat","embeddable":true,"href":"https:\/\/royalswiss.myskydoowebsite.com\/index.php?rest_route=%2Fwp%2Fv2%2Fproduct_cat&post=6197"},{"taxonomy":"product_tag","embeddable":true,"href":"https:\/\/royalswiss.myskydoowebsite.com\/index.php?rest_route=%2Fwp%2Fv2%2Fproduct_tag&post=6197"}],"curies":[{"name":"wp","href":"https:\/\/api.w.org\/{rel}","templated":true}]}}