{"id":6173,"date":"2019-10-03T13:43:39","date_gmt":"2019-10-03T11:43:39","guid":{"rendered":"https:\/\/royalswiss.myskydoowebsite.com\/?post_type=product&#038;p=6173"},"modified":"2022-09-15T18:29:31","modified_gmt":"2022-09-15T16:29:31","slug":"friteuse","status":"publish","type":"product","link":"https:\/\/royalswiss.myskydoowebsite.com\/?product=friteuse","title":{"rendered":"Friteuse"},"content":{"rendered":"<h5><strong>Garantie 2 ans\u00a0(les retours sont aux frais du client)<\/strong><\/h5>\n<h5><strong>Vous pouvez nous retourner votre achat en ligne si :<\/strong><\/h5>\n<ul>\n<li>\n<h5><strong>Votre produit a \u00e9t\u00e9 livr\u00e9 il y a moins de 7 jours.<\/strong><\/h5>\n<\/li>\n<li>\n<h5><strong>Vous \u00eates toujours en possession de l&#8217;emballage d&rsquo;origine et de son contenu original au complet.<\/strong><\/h5>\n<\/li>\n<li>\n<h5><strong>Vous n&rsquo;avez pas utilis\u00e9 l&rsquo;objet et celui-ci est toujours dans son emballage<\/strong><\/h5>\n<\/li>\n<li>\n<h5><strong>Vous avez re\u00e7u un produit incorrect ou inappropri\u00e9 et que l&#8217;emballage n&rsquo;est pas ouvert.<\/strong><\/h5>\n<p>&nbsp;<\/li>\n<\/ul>\n<h5><strong>(Les frais de\u00a0retour\u00a0sont \u00e0 la charge du client, sauf en cas d&rsquo;erreur de notre part et le remboursement se fera seulement apr\u00e8s la r\u00e9ception de nos\u00a0articles)<\/strong><\/h5>\n","protected":false},"excerpt":{"rendered":"<p>&nbsp;<\/p>\n<p>Sp\u00e9cifications :<\/p>\n<ul>\n<li>Capacit\u00e9 : 3 litres<\/li>\n<li>Tension\/Fr\u00e9quence : 220 \u2013 240 V ~ 50\/60 Hz<\/li>\n<li>Puissance : 2000 W<\/li>\n<li>Le panier peut \u00eatre enlever et laver dans le lave-vaisselle<\/li>\n<li>Poign\u00e9e de toucher froid et protection contre surchauffe<\/li>\n<li>Accessoires : Support en m\u00e9tal et couvercle de cuisine<\/li>\n<li>Couleur : inox<\/li>\n<\/ul>\n","protected":false},"featured_media":6174,"comment_status":"open","ping_status":"closed","template":"","meta":[],"product_brand":[],"product_cat":[56,1557,33,15],"product_tag":[112],"class_list":{"0":"post-6173","1":"product","2":"type-product","3":"status-publish","4":"has-post-thumbnail","6":"product_cat-electromenager","7":"product_cat-friteuse","8":"product_cat-petit-electromenager","9":"product_cat-uncategorized","10":"product_tag-112","12":"first","13":"instock","14":"sale","15":"taxable","16":"shipping-taxable","17":"purchasable","18":"product-type-simple"},"_links":{"self":[{"href":"https:\/\/royalswiss.myskydoowebsite.com\/index.php?rest_route=\/wp\/v2\/product\/6173","targetHints":{"allow":["GET"]}}],"collection":[{"href":"https:\/\/royalswiss.myskydoowebsite.com\/index.php?rest_route=\/wp\/v2\/product"}],"about":[{"href":"https:\/\/royalswiss.myskydoowebsite.com\/index.php?rest_route=\/wp\/v2\/types\/product"}],"replies":[{"embeddable":true,"href":"https:\/\/royalswiss.myskydoowebsite.com\/index.php?rest_route=%2Fwp%2Fv2%2Fcomments&post=6173"}],"version-history":[{"count":1,"href":"https:\/\/royalswiss.myskydoowebsite.com\/index.php?rest_route=\/wp\/v2\/product\/6173\/revisions"}],"predecessor-version":[{"id":6180,"href":"https:\/\/royalswiss.myskydoowebsite.com\/index.php?rest_route=\/wp\/v2\/product\/6173\/revisions\/6180"}],"wp:featuredmedia":[{"embeddable":true,"href":"https:\/\/royalswiss.myskydoowebsite.com\/index.php?rest_route=\/wp\/v2\/media\/6174"}],"wp:attachment":[{"href":"https:\/\/royalswiss.myskydoowebsite.com\/index.php?rest_route=%2Fwp%2Fv2%2Fmedia&parent=6173"}],"wp:term":[{"taxonomy":"product_brand","embeddable":true,"href":"https:\/\/royalswiss.myskydoowebsite.com\/index.php?rest_route=%2Fwp%2Fv2%2Fproduct_brand&post=6173"},{"taxonomy":"product_cat","embeddable":true,"href":"https:\/\/royalswiss.myskydoowebsite.com\/index.php?rest_route=%2Fwp%2Fv2%2Fproduct_cat&post=6173"},{"taxonomy":"product_tag","embeddable":true,"href":"https:\/\/royalswiss.myskydoowebsite.com\/index.php?rest_route=%2Fwp%2Fv2%2Fproduct_tag&post=6173"}],"curies":[{"name":"wp","href":"https:\/\/api.w.org\/{rel}","templated":true}]}}