{"id":6168,"date":"2019-10-03T13:19:19","date_gmt":"2019-10-03T11:19:19","guid":{"rendered":"https:\/\/royalswiss.myskydoowebsite.com\/?post_type=product&#038;p=6168"},"modified":"2022-09-15T18:29:46","modified_gmt":"2022-09-15T16:29:46","slug":"friteuse-sans-huile","status":"publish","type":"product","link":"https:\/\/royalswiss.myskydoowebsite.com\/?product=friteuse-sans-huile","title":{"rendered":"Friteuse sans huile"},"content":{"rendered":"<p>Avec cette friteuse \u00e0 air chaud de chez Royal Swiss, vous pourrez cuire, frire et griller de d\u00e9licieux en-cas et repas sans huile ! Gr\u00e2ce \u00e0 son grand volume, vous pr\u00e9parez env. 5 portions de frites en une fois sans huile et avec moins d\u2019odeur qu\u2019une friteuse traditionnelle.<\/p>\n<p>&nbsp;<\/p>\n<p>&nbsp;<\/p>\n<h5><strong>Garantie 2 ans\u00a0(les retours sont aux frais du client)<\/strong><\/h5>\n<h5><strong>Vous pouvez nous retourner votre achat en ligne si :<\/strong><\/h5>\n<ul>\n<li>\n<h5><strong>Votre produit a \u00e9t\u00e9 livr\u00e9 il y a moins de 7 jours.<\/strong><\/h5>\n<\/li>\n<li>\n<h5><strong>Vous \u00eates toujours en possession de l&#8217;emballage d&rsquo;origine et de son contenu original au complet.<\/strong><\/h5>\n<\/li>\n<li>\n<h5><strong>Vous n&rsquo;avez pas utilis\u00e9 l&rsquo;objet et celui-ci est toujours dans son emballage<\/strong><\/h5>\n<\/li>\n<li>\n<h5><strong>Vous avez re\u00e7u un produit incorrect ou inappropri\u00e9 et que l&#8217;emballage n&rsquo;est pas ouvert.<\/strong><\/h5>\n<p>&nbsp;<\/li>\n<\/ul>\n<h5><strong>(Les frais de\u00a0retour\u00a0sont \u00e0 la charge du client, sauf en cas d&rsquo;erreur de notre part et le remboursement se fera seulement apr\u00e8s la r\u00e9ception de nos\u00a0articles)<\/strong><\/h5>\n","protected":false},"excerpt":{"rendered":"<p>&nbsp;<\/p>\n<p>Caract\u00e9ristiques principales\u00a0:<\/p>\n<ul>\n<li>Capacit\u00e9\u00a0: 3,6 Litre (5 portions de frites en une fois)<\/li>\n<li>Puissance\u00a0: 1500 watts<\/li>\n<li>Cuire, frire et griller de d\u00e9licieux en-cas et repas sans huile<\/li>\n<li>Temp\u00e9rature r\u00e9glable : 80 \u2013 200 \u00b0C<\/li>\n<li>Bac amovible et lavable dans le lave-vaisselle<\/li>\n<li>Chaleur puls\u00e9e<\/li>\n<li>Protection contre la surchauffe.<\/li>\n<li>Panneau de contr\u00f4le analogique<\/li>\n<li>Bouton marche\/arr\u00eat<\/li>\n<li>Indicateur \u2018pr\u00eat\u2019.<\/li>\n<\/ul>\n","protected":false},"featured_media":6171,"comment_status":"open","ping_status":"closed","template":"","meta":[],"product_brand":[],"product_cat":[56,1557,33],"product_tag":[1544],"class_list":{"0":"post-6168","1":"product","2":"type-product","3":"status-publish","4":"has-post-thumbnail","6":"product_cat-electromenager","7":"product_cat-friteuse","8":"product_cat-petit-electromenager","9":"product_tag-1544","11":"first","12":"instock","13":"sale","14":"taxable","15":"shipping-taxable","16":"purchasable","17":"product-type-simple"},"_links":{"self":[{"href":"https:\/\/royalswiss.myskydoowebsite.com\/index.php?rest_route=\/wp\/v2\/product\/6168","targetHints":{"allow":["GET"]}}],"collection":[{"href":"https:\/\/royalswiss.myskydoowebsite.com\/index.php?rest_route=\/wp\/v2\/product"}],"about":[{"href":"https:\/\/royalswiss.myskydoowebsite.com\/index.php?rest_route=\/wp\/v2\/types\/product"}],"replies":[{"embeddable":true,"href":"https:\/\/royalswiss.myskydoowebsite.com\/index.php?rest_route=%2Fwp%2Fv2%2Fcomments&post=6168"}],"version-history":[{"count":2,"href":"https:\/\/royalswiss.myskydoowebsite.com\/index.php?rest_route=\/wp\/v2\/product\/6168\/revisions"}],"predecessor-version":[{"id":14431,"href":"https:\/\/royalswiss.myskydoowebsite.com\/index.php?rest_route=\/wp\/v2\/product\/6168\/revisions\/14431"}],"wp:featuredmedia":[{"embeddable":true,"href":"https:\/\/royalswiss.myskydoowebsite.com\/index.php?rest_route=\/wp\/v2\/media\/6171"}],"wp:attachment":[{"href":"https:\/\/royalswiss.myskydoowebsite.com\/index.php?rest_route=%2Fwp%2Fv2%2Fmedia&parent=6168"}],"wp:term":[{"taxonomy":"product_brand","embeddable":true,"href":"https:\/\/royalswiss.myskydoowebsite.com\/index.php?rest_route=%2Fwp%2Fv2%2Fproduct_brand&post=6168"},{"taxonomy":"product_cat","embeddable":true,"href":"https:\/\/royalswiss.myskydoowebsite.com\/index.php?rest_route=%2Fwp%2Fv2%2Fproduct_cat&post=6168"},{"taxonomy":"product_tag","embeddable":true,"href":"https:\/\/royalswiss.myskydoowebsite.com\/index.php?rest_route=%2Fwp%2Fv2%2Fproduct_tag&post=6168"}],"curies":[{"name":"wp","href":"https:\/\/api.w.org\/{rel}","templated":true}]}}