{"id":6139,"date":"2019-10-02T17:19:50","date_gmt":"2019-10-02T15:19:50","guid":{"rendered":"https:\/\/royalswiss.myskydoowebsite.com\/?post_type=product&#038;p=6139"},"modified":"2022-09-15T18:01:51","modified_gmt":"2022-09-15T16:01:51","slug":"bouilloire-led","status":"publish","type":"product","link":"https:\/\/royalswiss.myskydoowebsite.com\/?product=bouilloire-led","title":{"rendered":"Bouilloire Led en verre"},"content":{"rendered":"<p>Caract\u00e9ristiques :<\/p>\n<p>\u2022 Puissance : 1500 W<br \/>\n\u2022 Boitier en verre de haute qualit\u00e9<br \/>\n\u2022 Couvercle et plaque chauffante en acier inoxydable<br \/>\n\u2022 Plateau tournant \u00e0 360 degr\u00e9s<br \/>\n\u2022 Interrupteur marche \/ arr\u00eat avec lumi\u00e8re LED<br \/>\n\u2022 El\u00e9ment chauffant dissimul\u00e9<br \/>\n\u2022 Arr\u00eat automatique<br \/>\n\u2022 Protection contre la surchauffe<br \/>\n\u2022 Protection contre l\u2019\u00e9bullition<br \/>\n\u2022 220 -240V ~ 50 \/ 60 Hz<\/p>\n<h6><\/h6>\n<h6><\/h6>\n<h6><strong>Garantie 2 ans ( les retours sont aux frais du client )<\/strong><\/h6>\n<h6><strong><em>Vous pouvez nous retourner votre achat en ligne si :<\/em><\/strong><\/h6>\n<ul>\n<li>\n<h6><strong>Votre produit a \u00e9t\u00e9 livr\u00e9 il y a moins de 7 jours.<\/strong><\/h6>\n<\/li>\n<li>\n<h6><strong>Vous \u00eates toujours en possession de l&#8217;emballage d&rsquo;origine et de son contenu original au complet.<\/strong><\/h6>\n<\/li>\n<li>\n<h6><strong>Vous n&rsquo;avez pas utilis\u00e9 l&rsquo;objet et celui ci est toujours dans son emballage\u00a0<\/strong><\/h6>\n<\/li>\n<li>\n<h6><strong>Vous avez re\u00e7u un produit incorrect ou inappropri\u00e9 et que l&#8217;emballage n&rsquo;est pas ouvert.<\/strong><\/h6>\n<\/li>\n<li>\n<h6><strong>(\u00a0\u00a0Les frais de\u00a0retour\u00a0sont \u00e0 la charge du client, sauf en cas d&rsquo;erreur de notre part et le remboursement se fera seulement apr\u00e8s la r\u00e9ception de nos\u00a0articles\u00a0)\u00a0<\/strong><\/h6>\n<\/li>\n<\/ul>\n","protected":false},"excerpt":{"rendered":"<p>&nbsp;<\/p>\n<p>Caract\u00e9ristiques :<\/p>\n<p>\u2022 Puissance : 1500 W<br \/>\n\u2022 Boitier en verre de haute qualit\u00e9<br \/>\n\u2022 Couvercle et plaque chauffante en acier inoxydable<br \/>\n\u2022 Plateau tournant \u00e0 360 degr\u00e9s<br \/>\n\u2022 Interrupteur marche \/ arr\u00eat avec lumi\u00e8re LED<br \/>\n\u2022 El\u00e9ment chauffant dissimul\u00e9<br \/>\n\u2022 Arr\u00eat automatique<br \/>\n\u2022 Protection contre la surchauffe<br \/>\n\u2022 Protection contre l\u2019\u00e9bullition<br \/>\n\u2022 220 -240V ~ 50 \/ 60 Hz<\/p>\n","protected":false},"featured_media":11247,"comment_status":"open","ping_status":"closed","template":"","meta":[],"product_brand":[],"product_cat":[1551,56,33,15],"product_tag":[1475],"class_list":{"0":"post-6139","1":"product","2":"type-product","3":"status-publish","4":"has-post-thumbnail","6":"product_cat-bouilloire","7":"product_cat-electromenager","8":"product_cat-petit-electromenager","9":"product_cat-uncategorized","10":"product_tag-1475","12":"first","13":"outofstock","14":"sale","15":"taxable","16":"shipping-taxable","17":"purchasable","18":"product-type-simple"},"_links":{"self":[{"href":"https:\/\/royalswiss.myskydoowebsite.com\/index.php?rest_route=\/wp\/v2\/product\/6139","targetHints":{"allow":["GET"]}}],"collection":[{"href":"https:\/\/royalswiss.myskydoowebsite.com\/index.php?rest_route=\/wp\/v2\/product"}],"about":[{"href":"https:\/\/royalswiss.myskydoowebsite.com\/index.php?rest_route=\/wp\/v2\/types\/product"}],"replies":[{"embeddable":true,"href":"https:\/\/royalswiss.myskydoowebsite.com\/index.php?rest_route=%2Fwp%2Fv2%2Fcomments&post=6139"}],"version-history":[{"count":5,"href":"https:\/\/royalswiss.myskydoowebsite.com\/index.php?rest_route=\/wp\/v2\/product\/6139\/revisions"}],"predecessor-version":[{"id":11249,"href":"https:\/\/royalswiss.myskydoowebsite.com\/index.php?rest_route=\/wp\/v2\/product\/6139\/revisions\/11249"}],"wp:featuredmedia":[{"embeddable":true,"href":"https:\/\/royalswiss.myskydoowebsite.com\/index.php?rest_route=\/wp\/v2\/media\/11247"}],"wp:attachment":[{"href":"https:\/\/royalswiss.myskydoowebsite.com\/index.php?rest_route=%2Fwp%2Fv2%2Fmedia&parent=6139"}],"wp:term":[{"taxonomy":"product_brand","embeddable":true,"href":"https:\/\/royalswiss.myskydoowebsite.com\/index.php?rest_route=%2Fwp%2Fv2%2Fproduct_brand&post=6139"},{"taxonomy":"product_cat","embeddable":true,"href":"https:\/\/royalswiss.myskydoowebsite.com\/index.php?rest_route=%2Fwp%2Fv2%2Fproduct_cat&post=6139"},{"taxonomy":"product_tag","embeddable":true,"href":"https:\/\/royalswiss.myskydoowebsite.com\/index.php?rest_route=%2Fwp%2Fv2%2Fproduct_tag&post=6139"}],"curies":[{"name":"wp","href":"https:\/\/api.w.org\/{rel}","templated":true}]}}