{"id":6080,"date":"2019-10-01T19:01:05","date_gmt":"2019-10-01T17:01:05","guid":{"rendered":"https:\/\/royalswiss.myskydoowebsite.com\/?post_type=product&#038;p=6080"},"modified":"2022-09-15T18:01:51","modified_gmt":"2022-09-15T16:01:51","slug":"robot-multifonctions-3-en-1","status":"publish","type":"product","link":"https:\/\/royalswiss.myskydoowebsite.com\/?product=robot-multifonctions-3-en-1","title":{"rendered":"Robot multifonctions 3 en 1"},"content":{"rendered":"<p>Machine \u00e0 p\u00e9trir robuste \u00e0 grande puissance :<\/p>\n<ul>\n<li>Contr\u00f4le \u00e9lectronique de la vitesse sans \u00e9tape +fonction pulsation<\/li>\n<li>Bol en Inox de 6,5 Litres pour pr\u00e9parer un maximum de 3 \u00e0 4 kg de p\u00e2tes.<\/li>\n<li>Crochet de m\u00e9lange en aluminium moul\u00e9 (rev\u00eatement antiadh\u00e9sif) un m\u00e9lange r\u00e9gulier m\u00eame pour les grandes quantit\u00e9s de p\u00e2te.<\/li>\n<li>Crochet de p\u00e9trissage en aluminium moul\u00e9 (rev\u00eatement antiadh\u00e9sif) par exemple pour les p\u00e2tes lourdes comme la p\u00e2te levur\u00e9e ou la p\u00e2te \u00e0 pain<\/li>\n<li>Fouet en inox pour les biscuits mous et des blancs d\u2019\u0153ufs mont\u00e9es en neige a\u00e9r\u00e9s.<\/li>\n<li>Une puissance continue gr\u00e2ce \u00e0 un r\u00e9glage de vitesse \u00e9lectronique en fonction de la charge.<\/li>\n<li>Bras Multifonctions pivotant sur 35\u00b0<\/li>\n<li>Couverture anti-\u00e9claboussure Avec couverture de remplissage<\/li>\n<li>M\u00e9canisme de d\u00e9verrouillage pour le bras multifonctions<\/li>\n<li>Interrupteur de s\u00e9curit\u00e9<\/li>\n<li>Tr\u00e8s facile d\u2019utilisation et d\u2019entretien<\/li>\n<li>Pose en toute s\u00e9curit\u00e9 gr\u00e2ce au pied et aux ventouses<\/li>\n<li>Mandrin de serrage rapide pour la r\u00e9ception d\u2019outils<\/li>\n<li>220 \u2013 240 V, 50\/60 Hz, 1200 Watt<\/li>\n<\/ul>\n<p>&nbsp;<\/p>\n<h6><strong>Garantie 2 ans\u00a0(les retours sont aux frais du client)<\/strong><\/h6>\n<h6><strong>Vous pouvez nous retourner votre achat en ligne si :<\/strong><\/h6>\n<ul>\n<li>\n<h6><strong>Votre produit a \u00e9t\u00e9 livr\u00e9 il y a moins de 7 jours.<\/strong><\/h6>\n<\/li>\n<li>\n<h6><strong>Vous \u00eates toujours en possession de l&#8217;emballage d&rsquo;origine et de son contenu original au complet.<\/strong><\/h6>\n<\/li>\n<li>\n<h6><strong>Vous n&rsquo;avez pas utilis\u00e9 l&rsquo;objet et celui-ci est toujours dans son emballage<\/strong><\/h6>\n<\/li>\n<li>\n<h6><strong>Vous avez re\u00e7u un produit incorrect ou inappropri\u00e9 et que l&#8217;emballage n&rsquo;est pas ouvert.<\/strong><\/h6>\n<h6><\/h6>\n<\/li>\n<\/ul>\n<h6><strong>(Les frais de\u00a0retour\u00a0sont \u00e0 la charge du client, sauf en cas d&rsquo;erreur de notre part et le remboursement se fera seulement apr\u00e8s la r\u00e9ception de nos\u00a0articles)<\/strong><\/h6>\n","protected":false},"excerpt":{"rendered":"<p>&nbsp;<\/p>\n<ul>\n<li>Litre\u00a0: 6,5 Litres<\/li>\n<li>4 kg de p\u00e2tes<\/li>\n<li>1200 Watt<\/li>\n<\/ul>\n","protected":false},"featured_media":6082,"comment_status":"open","ping_status":"closed","template":"","meta":[],"product_brand":[],"product_cat":[56,33],"product_tag":[128],"class_list":{"0":"post-6080","1":"product","2":"type-product","3":"status-publish","4":"has-post-thumbnail","6":"product_cat-electromenager","7":"product_cat-petit-electromenager","8":"product_tag-128","10":"first","11":"outofstock","12":"sale","13":"taxable","14":"shipping-taxable","15":"purchasable","16":"product-type-simple"},"_links":{"self":[{"href":"https:\/\/royalswiss.myskydoowebsite.com\/index.php?rest_route=\/wp\/v2\/product\/6080","targetHints":{"allow":["GET"]}}],"collection":[{"href":"https:\/\/royalswiss.myskydoowebsite.com\/index.php?rest_route=\/wp\/v2\/product"}],"about":[{"href":"https:\/\/royalswiss.myskydoowebsite.com\/index.php?rest_route=\/wp\/v2\/types\/product"}],"replies":[{"embeddable":true,"href":"https:\/\/royalswiss.myskydoowebsite.com\/index.php?rest_route=%2Fwp%2Fv2%2Fcomments&post=6080"}],"version-history":[{"count":3,"href":"https:\/\/royalswiss.myskydoowebsite.com\/index.php?rest_route=\/wp\/v2\/product\/6080\/revisions"}],"predecessor-version":[{"id":11230,"href":"https:\/\/royalswiss.myskydoowebsite.com\/index.php?rest_route=\/wp\/v2\/product\/6080\/revisions\/11230"}],"wp:featuredmedia":[{"embeddable":true,"href":"https:\/\/royalswiss.myskydoowebsite.com\/index.php?rest_route=\/wp\/v2\/media\/6082"}],"wp:attachment":[{"href":"https:\/\/royalswiss.myskydoowebsite.com\/index.php?rest_route=%2Fwp%2Fv2%2Fmedia&parent=6080"}],"wp:term":[{"taxonomy":"product_brand","embeddable":true,"href":"https:\/\/royalswiss.myskydoowebsite.com\/index.php?rest_route=%2Fwp%2Fv2%2Fproduct_brand&post=6080"},{"taxonomy":"product_cat","embeddable":true,"href":"https:\/\/royalswiss.myskydoowebsite.com\/index.php?rest_route=%2Fwp%2Fv2%2Fproduct_cat&post=6080"},{"taxonomy":"product_tag","embeddable":true,"href":"https:\/\/royalswiss.myskydoowebsite.com\/index.php?rest_route=%2Fwp%2Fv2%2Fproduct_tag&post=6080"}],"curies":[{"name":"wp","href":"https:\/\/api.w.org\/{rel}","templated":true}]}}