{"id":6024,"date":"2019-10-01T11:23:49","date_gmt":"2019-10-01T09:23:49","guid":{"rendered":"https:\/\/royalswiss.myskydoowebsite.com\/?post_type=product&#038;p=6024"},"modified":"2022-09-15T18:03:57","modified_gmt":"2022-09-15T16:03:57","slug":"melangeur-a-main-3-in-1","status":"publish","type":"product","link":"https:\/\/royalswiss.myskydoowebsite.com\/?product=melangeur-a-main-3-in-1","title":{"rendered":"M\u00e9langeur \u00e0 Main 3 in 1"},"content":{"rendered":"<p>M\u00e9langeur \u00e0 main en inox, hachoir multiple et fouet, il poss\u00e8de un Moteur puissant de 500 watts, 2 vitesses Fouet en inox amovible Mixeur plongeant en inox et hachoir multiple, 0,5 l Comprend un r\u00e9cipient de m\u00e9lange de haute qualit\u00e9 ( 650 ml) Puissance absorb\u00e9e: 500 W<\/p>\n<p><img fetchpriority=\"high\" decoding=\"async\" class=\"size-medium wp-image-12976 aligncenter\" src=\"https:\/\/royalswiss.myskydoowebsite.com\/wp-content\/uploads\/2019\/10\/WhatsApp-Image-2020-03-06-at-17.24.51-1-300x293.jpeg\" alt=\"\" width=\"300\" height=\"293\" srcset=\"https:\/\/royalswiss.myskydoowebsite.com\/wp-content\/uploads\/2019\/10\/WhatsApp-Image-2020-03-06-at-17.24.51-1-300x293.jpeg 300w, https:\/\/royalswiss.myskydoowebsite.com\/wp-content\/uploads\/2019\/10\/WhatsApp-Image-2020-03-06-at-17.24.51-1-1024x1002.jpeg 1024w, https:\/\/royalswiss.myskydoowebsite.com\/wp-content\/uploads\/2019\/10\/WhatsApp-Image-2020-03-06-at-17.24.51-1-768x751.jpeg 768w, https:\/\/royalswiss.myskydoowebsite.com\/wp-content\/uploads\/2019\/10\/WhatsApp-Image-2020-03-06-at-17.24.51-1-555x543.jpeg 555w, https:\/\/royalswiss.myskydoowebsite.com\/wp-content\/uploads\/2019\/10\/WhatsApp-Image-2020-03-06-at-17.24.51-1.jpeg 1242w\" sizes=\"(max-width: 300px) 100vw, 300px\" \/><\/p>\n<p>&nbsp;<\/p>\n<h6><strong>Garantie 2 ans ( les retours sont aux frais du client )<\/strong><\/h6>\n<h6><strong><em>Vous pouvez nous retourner votre achat en ligne si :<\/em><\/strong><\/h6>\n<ul>\n<li>\n<h6><strong>Votre produit a \u00e9t\u00e9 livr\u00e9 il y a moins de 7 jours.<\/strong><\/h6>\n<\/li>\n<li>\n<h6><strong>Vous \u00eates toujours en possession de l&#8217;emballage d&rsquo;origine et de son contenu original au complet.<\/strong><\/h6>\n<\/li>\n<li>\n<h6><strong>Vous n&rsquo;avez pas utilis\u00e9 l&rsquo;objet et celui ci est toujours dans son emballage\u00a0<\/strong><\/h6>\n<\/li>\n<li>\n<h6><strong>Vous avez re\u00e7u un produit incorrect ou inappropri\u00e9 et que l&#8217;emballage n&rsquo;est pas ouvert.<\/strong><\/h6>\n<\/li>\n<li>\n<h6><strong>(\u00a0\u00a0Les frais de\u00a0retour\u00a0sont \u00e0 la charge du client, sauf en cas d&rsquo;erreur de notre part et le remboursement se fera seulement apr\u00e8s la r\u00e9ception de nos\u00a0articles\u00a0)\u00a0<\/strong><\/h6>\n<\/li>\n<\/ul>\n","protected":false},"excerpt":{"rendered":"<p>&nbsp;<\/p>\n<p>Sp\u00e9cification\u00a0:<\/p>\n<ul>\n<li>220-240V 50Hz 500W<\/li>\n<li>2 vitesses<\/li>\n<li>Vitesses variables<\/li>\n<li>Mati\u00e8re des tiges : Acier inoxydable<\/li>\n<li>B\u00eacher de 650 ML<\/li>\n<li>Fouet \u00e0 \u0153ufs<\/li>\n<li>Hachoir 750 ML<\/li>\n<\/ul>\n<p>&nbsp;<\/p>\n<p><img decoding=\"async\" class=\"wp-image-12977 alignleft\" src=\"https:\/\/royalswiss.myskydoowebsite.com\/wp-content\/uploads\/2019\/10\/WhatsApp-Image-2020-03-06-at-17.24.52-300x296.jpeg\" alt=\"\" width=\"223\" height=\"220\" srcset=\"https:\/\/royalswiss.myskydoowebsite.com\/wp-content\/uploads\/2019\/10\/WhatsApp-Image-2020-03-06-at-17.24.52-300x296.jpeg 300w, https:\/\/royalswiss.myskydoowebsite.com\/wp-content\/uploads\/2019\/10\/WhatsApp-Image-2020-03-06-at-17.24.52-1024x1010.jpeg 1024w, https:\/\/royalswiss.myskydoowebsite.com\/wp-content\/uploads\/2019\/10\/WhatsApp-Image-2020-03-06-at-17.24.52-768x757.jpeg 768w, https:\/\/royalswiss.myskydoowebsite.com\/wp-content\/uploads\/2019\/10\/WhatsApp-Image-2020-03-06-at-17.24.52-555x547.jpeg 555w, https:\/\/royalswiss.myskydoowebsite.com\/wp-content\/uploads\/2019\/10\/WhatsApp-Image-2020-03-06-at-17.24.52.jpeg 1242w\" sizes=\"(max-width: 223px) 100vw, 223px\" \/><\/p>\n","protected":false},"featured_media":12974,"comment_status":"open","ping_status":"closed","template":"","meta":[],"product_brand":[],"product_cat":[56,1552,33,15],"product_tag":[1502],"class_list":{"0":"post-6024","1":"product","2":"type-product","3":"status-publish","4":"has-post-thumbnail","6":"product_cat-electromenager","7":"product_cat-mixer","8":"product_cat-petit-electromenager","9":"product_cat-uncategorized","10":"product_tag-1502","12":"first","13":"instock","14":"sale","15":"taxable","16":"shipping-taxable","17":"purchasable","18":"product-type-simple"},"_links":{"self":[{"href":"https:\/\/royalswiss.myskydoowebsite.com\/index.php?rest_route=\/wp\/v2\/product\/6024","targetHints":{"allow":["GET"]}}],"collection":[{"href":"https:\/\/royalswiss.myskydoowebsite.com\/index.php?rest_route=\/wp\/v2\/product"}],"about":[{"href":"https:\/\/royalswiss.myskydoowebsite.com\/index.php?rest_route=\/wp\/v2\/types\/product"}],"replies":[{"embeddable":true,"href":"https:\/\/royalswiss.myskydoowebsite.com\/index.php?rest_route=%2Fwp%2Fv2%2Fcomments&post=6024"}],"version-history":[{"count":7,"href":"https:\/\/royalswiss.myskydoowebsite.com\/index.php?rest_route=\/wp\/v2\/product\/6024\/revisions"}],"predecessor-version":[{"id":12979,"href":"https:\/\/royalswiss.myskydoowebsite.com\/index.php?rest_route=\/wp\/v2\/product\/6024\/revisions\/12979"}],"wp:featuredmedia":[{"embeddable":true,"href":"https:\/\/royalswiss.myskydoowebsite.com\/index.php?rest_route=\/wp\/v2\/media\/12974"}],"wp:attachment":[{"href":"https:\/\/royalswiss.myskydoowebsite.com\/index.php?rest_route=%2Fwp%2Fv2%2Fmedia&parent=6024"}],"wp:term":[{"taxonomy":"product_brand","embeddable":true,"href":"https:\/\/royalswiss.myskydoowebsite.com\/index.php?rest_route=%2Fwp%2Fv2%2Fproduct_brand&post=6024"},{"taxonomy":"product_cat","embeddable":true,"href":"https:\/\/royalswiss.myskydoowebsite.com\/index.php?rest_route=%2Fwp%2Fv2%2Fproduct_cat&post=6024"},{"taxonomy":"product_tag","embeddable":true,"href":"https:\/\/royalswiss.myskydoowebsite.com\/index.php?rest_route=%2Fwp%2Fv2%2Fproduct_tag&post=6024"}],"curies":[{"name":"wp","href":"https:\/\/api.w.org\/{rel}","templated":true}]}}