{"id":6014,"date":"2019-10-01T00:43:03","date_gmt":"2019-09-30T22:43:03","guid":{"rendered":"https:\/\/royalswiss.myskydoowebsite.com\/?post_type=product&#038;p=6014"},"modified":"2022-09-15T18:31:43","modified_gmt":"2022-09-15T16:31:43","slug":"presse-agrume-2","status":"publish","type":"product","link":"https:\/\/royalswiss.myskydoowebsite.com\/?product=presse-agrume-2","title":{"rendered":"Presse Agrume \u00e9lectrique"},"content":{"rendered":"<p>Rien de tel qu\u2019un jus d\u2019orange ou de citron pour bien d\u00e9marrer la journ\u00e9e ! Alors si vous avez besoin de faire le plein de vitamines, venez d\u00e9couvrir notre Presse agrume Royal Swiss<\/p>\n<p>Ils sont bons pour la sant\u00e9, il s\u2019agit bien s\u00fbr des jus d\u2019agrumes. On peut presser son citron ou ses oranges manuellement, mais pour les fain\u00e9ants ou les press\u00e9s rien de mieux que le presse-agrumes \u00e9lectrique. Gr\u00e2ce \u00e0 lui, on profite de tous les bienfaits de la Vitamine C et on se passe des conservateurs et ar\u00f4mes artificiels des jus en bouteille, qui favorisent diab\u00e8te et ob\u00e9sit\u00e9. Le presse-agrume \u00e9lectrique est l\u2019accessoire indispensable du petit-d\u00e9jeuner ou du go\u00fbter des enfants.<\/p>\n<p>&nbsp;<\/p>\n<h6><strong>Garantie 2 ans ( les retours sont aux frais du client )<\/strong><\/h6>\n<h6><strong><em>Vous pouvez nous retourner votre achat en ligne si :<\/em><\/strong><\/h6>\n<ul>\n<li>\n<h6><strong>Votre produit a \u00e9t\u00e9 livr\u00e9 il y a moins de 7 jours.<\/strong><\/h6>\n<\/li>\n<li>\n<h6><strong>Vous \u00eates toujours en possession de l&#8217;emballage d&rsquo;origine et de son contenu original au complet.<\/strong><\/h6>\n<\/li>\n<li>\n<h6><strong>Vous n&rsquo;avez pas utilis\u00e9 l&rsquo;objet et celui ci est toujours dans son emballage\u00a0<\/strong><\/h6>\n<\/li>\n<li>\n<h6><strong>Vous avez re\u00e7u un produit incorrect ou inappropri\u00e9 et que l&#8217;emballage n&rsquo;est pas ouvert.<\/strong><\/h6>\n<\/li>\n<li>\n<h6><strong>(\u00a0\u00a0Les frais de\u00a0retour\u00a0sont \u00e0 la charge du client, sauf en cas d&rsquo;erreur de notre part et le remboursement se fera seulement apr\u00e8s la r\u00e9ception de nos\u00a0articles\u00a0)\u00a0<\/strong><\/h6>\n<\/li>\n<\/ul>\n","protected":false},"excerpt":{"rendered":"<h5><\/h5>\n<h5 style=\"text-align: left\">\u2022 220 &#8211; 240V- 50\/60 HZ 600 WATTS<br \/>\n\u2022 Capacit\u00e9 : 0.4 L<br \/>\n\u2022 R\u00e9cipient en inox ( acier inoxydable)<br \/>\n\u2022 Deux c\u00f4nes de presse<br \/>\n\u2022 Rangement du cordon<br \/>\n\u2022 Filtre Plastique ajustable<br \/>\n\u2022 Bec de sortie de liquide en inox ( acier inoxydable ) avec fonction anti &#8211; gouttes<br \/>\n\u2022 Pi\u00e8ce d\u00e9tachable pour une utilisation et un nettoyage faciles<\/h5>\n","protected":false},"featured_media":6213,"comment_status":"open","ping_status":"closed","template":"","meta":[],"product_brand":[],"product_cat":[1554,56,33,15],"product_tag":[508],"class_list":{"0":"post-6014","1":"product","2":"type-product","3":"status-publish","4":"has-post-thumbnail","6":"product_cat-centrifugeuse","7":"product_cat-electromenager","8":"product_cat-petit-electromenager","9":"product_cat-uncategorized","10":"product_tag-508","12":"first","13":"instock","14":"sale","15":"taxable","16":"shipping-taxable","17":"purchasable","18":"product-type-simple"},"_links":{"self":[{"href":"https:\/\/royalswiss.myskydoowebsite.com\/index.php?rest_route=\/wp\/v2\/product\/6014","targetHints":{"allow":["GET"]}}],"collection":[{"href":"https:\/\/royalswiss.myskydoowebsite.com\/index.php?rest_route=\/wp\/v2\/product"}],"about":[{"href":"https:\/\/royalswiss.myskydoowebsite.com\/index.php?rest_route=\/wp\/v2\/types\/product"}],"replies":[{"embeddable":true,"href":"https:\/\/royalswiss.myskydoowebsite.com\/index.php?rest_route=%2Fwp%2Fv2%2Fcomments&post=6014"}],"version-history":[{"count":8,"href":"https:\/\/royalswiss.myskydoowebsite.com\/index.php?rest_route=\/wp\/v2\/product\/6014\/revisions"}],"predecessor-version":[{"id":11324,"href":"https:\/\/royalswiss.myskydoowebsite.com\/index.php?rest_route=\/wp\/v2\/product\/6014\/revisions\/11324"}],"wp:featuredmedia":[{"embeddable":true,"href":"https:\/\/royalswiss.myskydoowebsite.com\/index.php?rest_route=\/wp\/v2\/media\/6213"}],"wp:attachment":[{"href":"https:\/\/royalswiss.myskydoowebsite.com\/index.php?rest_route=%2Fwp%2Fv2%2Fmedia&parent=6014"}],"wp:term":[{"taxonomy":"product_brand","embeddable":true,"href":"https:\/\/royalswiss.myskydoowebsite.com\/index.php?rest_route=%2Fwp%2Fv2%2Fproduct_brand&post=6014"},{"taxonomy":"product_cat","embeddable":true,"href":"https:\/\/royalswiss.myskydoowebsite.com\/index.php?rest_route=%2Fwp%2Fv2%2Fproduct_cat&post=6014"},{"taxonomy":"product_tag","embeddable":true,"href":"https:\/\/royalswiss.myskydoowebsite.com\/index.php?rest_route=%2Fwp%2Fv2%2Fproduct_tag&post=6014"}],"curies":[{"name":"wp","href":"https:\/\/api.w.org\/{rel}","templated":true}]}}