{"id":5936,"date":"2019-09-30T14:11:53","date_gmt":"2019-09-30T12:11:53","guid":{"rendered":"https:\/\/royalswiss.myskydoowebsite.com\/?post_type=product&#038;p=5936"},"modified":"2022-08-05T19:12:48","modified_gmt":"2022-08-05T17:12:48","slug":"mixer-blender-en-verre-inox-1000-watt","status":"publish","type":"product","link":"https:\/\/royalswiss.myskydoowebsite.com\/?product=mixer-blender-en-verre-inox-1000-watt","title":{"rendered":"Mixer, Blender en verre + inox &#8211; 1000 watt"},"content":{"rendered":"<p>Avec notre Blender royal swiss en verre et inox 2 in 1, il est tr\u00e8s facile de r\u00e9aliser des milk-shakes, des boissons aux fruits et des cocktails !<\/p>\n<p>Le bol en plastique d\u2019une capacit\u00e9 de 1,5 litres est id\u00e9al pour r\u00e9aliser les soupes et velout\u00e9s onctueux ; les p\u00e2tes \u00e0 cr\u00eapes sans grumeaux, les pr\u00e9parations fines pour b\u00e9b\u00e9, les compotes, les milk-shakes mousseux, les cocktails fruit\u00e9s.<\/p>\n<p>Gr\u00e2ce \u00e0 ses 2 vitesses et sa fonction pulse, vous adaptez la vitesse selon le type de pr\u00e9paration \u00e0 r\u00e9aliser.<\/p>\n<p>Sp\u00e9cification :<\/p>\n<ul>\n<li>M\u00e9langeur universel en acier inoxydable pour purifier, battre, hacher, trembler, m\u00e9langer<\/li>\n<li>Id\u00e9al pour pr\u00e9parer des boissons aux fruits et \u00e0 la cuisine, des milk-shakes au lait, des cocktails, des soupes, des sauces salsa, des aliments pour b\u00e9b\u00e9s<\/li>\n<li>Comprend la fonction de concassage de glace<\/li>\n<li>Id\u00e9al pour la cuisine et le bar<\/li>\n<li>Couvercle avec ouverture de r\u00e9approvisionnement (\u00d8 environ 50 mm)<\/li>\n<li>Le couvercle pour l\u2019ouverture de remplissage peut \u00e9galement \u00eatre utilis\u00e9 comme un b\u00e9cher de mesure (2 cl)<\/li>\n<li>Puissance max : 1000 watts<\/li>\n<li>Interrupteur \u00e0 4 niveaux (0-1-2-impulsion)<\/li>\n<li>Bo\u00eetier en acier inoxydable ( inox )<\/li>\n<li>R\u00e9cipient de m\u00e9lange amovible en verre solide avec une capacit\u00e9 de 1,5 litre<\/li>\n<li>Lame en acier inoxydable 6 couche, antirouille<\/li>\n<li>Circuit de s\u00e9curit\u00e9 \u2013 op\u00e9ration possible uniquement avec un navire en place<\/li>\n<li>Compartiment de rangement de c\u00e2ble dans la section de base<\/li>\n<li>Tous les accessoires sont r\u00e9sistants au lave-vaisselle<\/li>\n<li>Bloc couteau amovible pour le nettoyage<\/li>\n<li>Excellente stabilit\u00e9 gr\u00e2ce \u00e0 des pieds caoutchout\u00e9s<\/li>\n<li>Alimentation : 220, 240 V 50 Hz, 1000 Watt.<\/li>\n<\/ul>\n<p>&nbsp;<\/p>\n<h6><strong>Garantie 2 ans\u00a0 ( les retours sont aux frais du client )<\/strong><\/h6>\n<h6><strong><em>Vous pouvez nous retourner votre achat en ligne si :<\/em><\/strong><\/h6>\n<ul>\n<li>\n<h6><strong>Votre produit a \u00e9t\u00e9 livr\u00e9 il y a moins de 7 jours.<\/strong><\/h6>\n<\/li>\n<li>\n<h6><strong>Vous \u00eates toujours en possession de l&#8217;emballage d&rsquo;origine et de son contenu original au complet.<\/strong><\/h6>\n<\/li>\n<li>\n<h6><strong>Vous n&rsquo;avez pas utilis\u00e9 l&rsquo;objet et celui ci est toujours dans son emballage\u00a0<\/strong><\/h6>\n<\/li>\n<li>\n<h6><strong>Vous avez re\u00e7u un produit incorrect ou inappropri\u00e9 et que l&#8217;emballage n&rsquo;est pas ouvert.<\/strong><\/h6>\n<\/li>\n<li>\n<h6><strong>(\u00a0\u00a0Les frais de\u00a0retour\u00a0sont \u00e0 la charge du client, sauf en cas d&rsquo;erreur de notre part et le remboursement se fera seulement apr\u00e8s la r\u00e9ception de nos\u00a0articles\u00a0)\u00a0<\/strong><\/h6>\n<\/li>\n<\/ul>\n","protected":false},"excerpt":{"rendered":"<p>Avec notre Blender royal swiss en verre et inox 2 in 1, il est tr\u00e8s facile de r\u00e9aliser des milk-shakes, des boissons aux fruits et des cocktails ! Le bol en plastique d\u2019une capacit\u00e9 de 1,5 litres est id\u00e9al pour r\u00e9aliser les soupes et velout\u00e9s onctueux ; les p\u00e2tes \u00e0 cr\u00eapes sans grumeaux, les pr\u00e9parations [&hellip;]<\/p>\n","protected":false},"featured_media":5943,"comment_status":"open","ping_status":"closed","template":"","meta":[],"product_brand":[],"product_cat":[56],"product_tag":[106],"class_list":{"0":"post-5936","1":"product","2":"type-product","3":"status-publish","4":"has-post-thumbnail","6":"product_cat-electromenager","7":"product_tag-106","9":"first","10":"instock","11":"sale","12":"taxable","13":"shipping-taxable","14":"purchasable","15":"product-type-simple"},"_links":{"self":[{"href":"https:\/\/royalswiss.myskydoowebsite.com\/index.php?rest_route=\/wp\/v2\/product\/5936","targetHints":{"allow":["GET"]}}],"collection":[{"href":"https:\/\/royalswiss.myskydoowebsite.com\/index.php?rest_route=\/wp\/v2\/product"}],"about":[{"href":"https:\/\/royalswiss.myskydoowebsite.com\/index.php?rest_route=\/wp\/v2\/types\/product"}],"replies":[{"embeddable":true,"href":"https:\/\/royalswiss.myskydoowebsite.com\/index.php?rest_route=%2Fwp%2Fv2%2Fcomments&post=5936"}],"version-history":[{"count":6,"href":"https:\/\/royalswiss.myskydoowebsite.com\/index.php?rest_route=\/wp\/v2\/product\/5936\/revisions"}],"predecessor-version":[{"id":6207,"href":"https:\/\/royalswiss.myskydoowebsite.com\/index.php?rest_route=\/wp\/v2\/product\/5936\/revisions\/6207"}],"wp:featuredmedia":[{"embeddable":true,"href":"https:\/\/royalswiss.myskydoowebsite.com\/index.php?rest_route=\/wp\/v2\/media\/5943"}],"wp:attachment":[{"href":"https:\/\/royalswiss.myskydoowebsite.com\/index.php?rest_route=%2Fwp%2Fv2%2Fmedia&parent=5936"}],"wp:term":[{"taxonomy":"product_brand","embeddable":true,"href":"https:\/\/royalswiss.myskydoowebsite.com\/index.php?rest_route=%2Fwp%2Fv2%2Fproduct_brand&post=5936"},{"taxonomy":"product_cat","embeddable":true,"href":"https:\/\/royalswiss.myskydoowebsite.com\/index.php?rest_route=%2Fwp%2Fv2%2Fproduct_cat&post=5936"},{"taxonomy":"product_tag","embeddable":true,"href":"https:\/\/royalswiss.myskydoowebsite.com\/index.php?rest_route=%2Fwp%2Fv2%2Fproduct_tag&post=5936"}],"curies":[{"name":"wp","href":"https:\/\/api.w.org\/{rel}","templated":true}]}}