{"id":5932,"date":"2019-09-30T13:28:48","date_gmt":"2019-09-30T11:28:48","guid":{"rendered":"https:\/\/royalswiss.myskydoowebsite.com\/?post_type=product&#038;p=5932"},"modified":"2022-08-05T19:13:29","modified_gmt":"2022-08-05T17:13:29","slug":"robot-culinaire-avec-melangeur","status":"publish","type":"product","link":"https:\/\/royalswiss.myskydoowebsite.com\/?product=robot-culinaire-avec-melangeur","title":{"rendered":"Robot culinaire avec m\u00e9langeur 10 en 1"},"content":{"rendered":"<ul>\n<li>Fonction 10 en 1 : hacher, d\u00e9chiqueter, trancher , granuler , p\u00e9trir , \u00e9mulsifier , presser les agrumes , m\u00e9langer ( 1500 ml ) , broyer et filtrer .<\/li>\n<li><em>Bol d&rsquo;une capacit\u00e9 de 1000 ml avec une poign\u00e9e pratique et une goulotte d&rsquo;alimentation<\/em><\/li>\n<li><em>Avec lames en acier inoxydable (inox) qui vous permettent de pr\u00e9parer vos aliments en quelques secondes<\/em><\/li>\n<li>commutateur rotatif \u00e0 2 vitesses et impulsion<\/li>\n<li>bo\u00eetier en acier inoxydable<\/li>\n<li>base et pot facile \u00e0 nettoyer<\/li>\n<li><em>Pieds en caoutchouc antid\u00e9rapant<\/em><\/li>\n<li><em>-220-240 V 50 Hz 550Watts<\/em><\/li>\n<\/ul>\n<h6><\/h6>\n<h6><\/h6>\n<h6><strong>Garantie 2 ans,\u00a0 ( les retours sont aux frais du client )<\/strong><\/h6>\n<h6><strong><em>Vous pouvez nous retourner votre achat en ligne si :<\/em><\/strong><\/h6>\n<ul>\n<li>\n<h6><strong>Votre produit a \u00e9t\u00e9 livr\u00e9 il y a moins de 7 jours.<\/strong><\/h6>\n<\/li>\n<li>\n<h6><strong>Vous \u00eates toujours en possession de l&#8217;emballage d&rsquo;origine et de son contenu original au complet.<\/strong><\/h6>\n<\/li>\n<li>\n<h6><strong>Vous n&rsquo;avez pas utilis\u00e9 l&rsquo;objet et celui ci est toujours dans son emballage\u00a0<\/strong><\/h6>\n<\/li>\n<li>\n<h6><strong>Vous avez re\u00e7u un produit incorrect ou inappropri\u00e9 et que l&#8217;emballage n&rsquo;est pas ouvert.<\/strong><\/h6>\n<\/li>\n<li>\n<h6><strong>(\u00a0\u00a0Les frais de\u00a0retour\u00a0sont \u00e0 la charge du client, sauf en cas d&rsquo;erreur de notre part et le remboursement se fera seulement apr\u00e8s la r\u00e9ception de nos\u00a0articles\u00a0)\u00a0<\/strong><\/h6>\n<\/li>\n<\/ul>\n","protected":false},"excerpt":{"rendered":"<p>&nbsp;<\/p>\n<ul>\n<li>Fonction 10 en 1 : hacher, d\u00e9chiqueter, trancher , granuler , p\u00e9trir , \u00e9mulsifier , presser les agrumes , m\u00e9langer ( 1500 ml ) , broyer et filtrer .<\/li>\n<li><em>Bol d&rsquo;une capacit\u00e9 de 1000 ml avec une poign\u00e9e pratique et une goulotte d&rsquo;alimentation<\/em><\/li>\n<li><em>Avec lames en acier inoxydable (inox) qui vous permettent de pr\u00e9parer vos aliments en quelques secondes<\/em><\/li>\n<li>commutateur rotatif \u00e0 2 vitesses et impulsion<\/li>\n<li>bo\u00eetier en acier inoxydable<\/li>\n<li>base et pot facile \u00e0 nettoyer<\/li>\n<li><em>Pieds en caoutchouc antid\u00e9rapant<\/em><\/li>\n<li><em>-220-240 V 50 Hz 550Watts<\/em><\/li>\n<li><\/li>\n<\/ul>\n","protected":false},"featured_media":12983,"comment_status":"open","ping_status":"closed","template":"","meta":[],"product_brand":[],"product_cat":[56],"product_tag":[1503],"class_list":{"0":"post-5932","1":"product","2":"type-product","3":"status-publish","4":"has-post-thumbnail","6":"product_cat-electromenager","7":"product_tag-1503","9":"first","10":"instock","11":"sale","12":"taxable","13":"shipping-taxable","14":"purchasable","15":"product-type-simple"},"_links":{"self":[{"href":"https:\/\/royalswiss.myskydoowebsite.com\/index.php?rest_route=\/wp\/v2\/product\/5932","targetHints":{"allow":["GET"]}}],"collection":[{"href":"https:\/\/royalswiss.myskydoowebsite.com\/index.php?rest_route=\/wp\/v2\/product"}],"about":[{"href":"https:\/\/royalswiss.myskydoowebsite.com\/index.php?rest_route=\/wp\/v2\/types\/product"}],"replies":[{"embeddable":true,"href":"https:\/\/royalswiss.myskydoowebsite.com\/index.php?rest_route=%2Fwp%2Fv2%2Fcomments&post=5932"}],"version-history":[{"count":8,"href":"https:\/\/royalswiss.myskydoowebsite.com\/index.php?rest_route=\/wp\/v2\/product\/5932\/revisions"}],"predecessor-version":[{"id":12988,"href":"https:\/\/royalswiss.myskydoowebsite.com\/index.php?rest_route=\/wp\/v2\/product\/5932\/revisions\/12988"}],"wp:featuredmedia":[{"embeddable":true,"href":"https:\/\/royalswiss.myskydoowebsite.com\/index.php?rest_route=\/wp\/v2\/media\/12983"}],"wp:attachment":[{"href":"https:\/\/royalswiss.myskydoowebsite.com\/index.php?rest_route=%2Fwp%2Fv2%2Fmedia&parent=5932"}],"wp:term":[{"taxonomy":"product_brand","embeddable":true,"href":"https:\/\/royalswiss.myskydoowebsite.com\/index.php?rest_route=%2Fwp%2Fv2%2Fproduct_brand&post=5932"},{"taxonomy":"product_cat","embeddable":true,"href":"https:\/\/royalswiss.myskydoowebsite.com\/index.php?rest_route=%2Fwp%2Fv2%2Fproduct_cat&post=5932"},{"taxonomy":"product_tag","embeddable":true,"href":"https:\/\/royalswiss.myskydoowebsite.com\/index.php?rest_route=%2Fwp%2Fv2%2Fproduct_tag&post=5932"}],"curies":[{"name":"wp","href":"https:\/\/api.w.org\/{rel}","templated":true}]}}