{"id":5912,"date":"2019-09-30T12:18:57","date_gmt":"2019-09-30T10:18:57","guid":{"rendered":"https:\/\/royalswiss.myskydoowebsite.com\/?post_type=product&#038;p=5912"},"modified":"2022-09-06T17:06:49","modified_gmt":"2022-09-06T15:06:49","slug":"set-de-couteaux-avec-revetement-en-inox","status":"publish","type":"product","link":"https:\/\/royalswiss.myskydoowebsite.com\/?product=set-de-couteaux-avec-revetement-en-inox","title":{"rendered":"Set de couteaux en Inox &#8211; couleur unis"},"content":{"rendered":"<p><strong><em>Cet ensemble de 6 couteaux en acier inoxydable r\u00e9sistant \u00e0 la rouille vous facilitera la t\u00e2che.<\/em><\/strong><\/p>\n<p style=\"text-align: left\"><strong><em>Ces couteaux comportent un rev\u00eatement antiadh\u00e9sif pour permettre aux aliments de glisser facilement et de conserver une nettet\u00e9 constante. Cet ensemble de 6 couteaux sont des lames s\u00fbres, durables et de qualit\u00e9 qui ne ternissent pas facilement. Cela signifie que vous pouvez pr\u00e9parer sans effort un repas apr\u00e8s l\u2019autre avec moins de d\u00e9g\u00e2ts sur votre lame. Un excellent cadeau pour le cuisinier ou le chef dans votre vie.\u00a0\u00a0<\/em><\/strong><\/p>\n<p><strong>Composition :\u00a0<\/strong><\/p>\n<p style=\"text-align: left\"><em>1 socle<\/em><\/p>\n<p><em> 1 couteau du chef <\/em><\/p>\n<p><em>1 couteau couperet <\/em><\/p>\n<p><em>1 couteau \u00e0 pain <\/em><\/p>\n<p><em>1 couteau \u00e0 \u00e9mincer <\/em><\/p>\n<p><em>1 couteau \u00e0 steak<\/em><\/p>\n<p><em> 1 paire de ciseau<\/em><\/p>\n<p><em>1 aiguiseur\u00a0<\/em><\/p>\n<p>&nbsp;<\/p>\n","protected":false},"excerpt":{"rendered":"<p>Cet ensemble de 6 couteaux en acier inoxydable r\u00e9sistant \u00e0 la rouille vous facilitera la t\u00e2che. Ces couteaux comportent un rev\u00eatement antiadh\u00e9sif pour permettre aux aliments de glisser facilement et de conserver une nettet\u00e9 constante. Cet ensemble de 6 couteaux sont des lames s\u00fbres, durables et de qualit\u00e9 qui ne ternissent pas facilement. Cela signifie [&hellip;]<\/p>\n","protected":false},"featured_media":12899,"comment_status":"open","ping_status":"closed","template":"","meta":[],"product_brand":[],"product_cat":[21,39],"product_tag":[96],"class_list":{"0":"post-5912","1":"product","2":"type-product","3":"status-publish","4":"has-post-thumbnail","6":"product_cat-cuisine","7":"product_cat-ustensile","8":"product_tag-96","10":"first","11":"instock","12":"sale","13":"taxable","14":"shipping-taxable","15":"purchasable","16":"product-type-variable"},"_links":{"self":[{"href":"https:\/\/royalswiss.myskydoowebsite.com\/index.php?rest_route=\/wp\/v2\/product\/5912","targetHints":{"allow":["GET"]}}],"collection":[{"href":"https:\/\/royalswiss.myskydoowebsite.com\/index.php?rest_route=\/wp\/v2\/product"}],"about":[{"href":"https:\/\/royalswiss.myskydoowebsite.com\/index.php?rest_route=\/wp\/v2\/types\/product"}],"replies":[{"embeddable":true,"href":"https:\/\/royalswiss.myskydoowebsite.com\/index.php?rest_route=%2Fwp%2Fv2%2Fcomments&post=5912"}],"version-history":[{"count":4,"href":"https:\/\/royalswiss.myskydoowebsite.com\/index.php?rest_route=\/wp\/v2\/product\/5912\/revisions"}],"predecessor-version":[{"id":12901,"href":"https:\/\/royalswiss.myskydoowebsite.com\/index.php?rest_route=\/wp\/v2\/product\/5912\/revisions\/12901"}],"wp:featuredmedia":[{"embeddable":true,"href":"https:\/\/royalswiss.myskydoowebsite.com\/index.php?rest_route=\/wp\/v2\/media\/12899"}],"wp:attachment":[{"href":"https:\/\/royalswiss.myskydoowebsite.com\/index.php?rest_route=%2Fwp%2Fv2%2Fmedia&parent=5912"}],"wp:term":[{"taxonomy":"product_brand","embeddable":true,"href":"https:\/\/royalswiss.myskydoowebsite.com\/index.php?rest_route=%2Fwp%2Fv2%2Fproduct_brand&post=5912"},{"taxonomy":"product_cat","embeddable":true,"href":"https:\/\/royalswiss.myskydoowebsite.com\/index.php?rest_route=%2Fwp%2Fv2%2Fproduct_cat&post=5912"},{"taxonomy":"product_tag","embeddable":true,"href":"https:\/\/royalswiss.myskydoowebsite.com\/index.php?rest_route=%2Fwp%2Fv2%2Fproduct_tag&post=5912"}],"curies":[{"name":"wp","href":"https:\/\/api.w.org\/{rel}","templated":true}]}}