{"id":5899,"date":"2019-09-30T11:34:27","date_gmt":"2019-09-30T09:34:27","guid":{"rendered":"https:\/\/royalswiss.myskydoowebsite.com\/?post_type=product&#038;p=5899"},"modified":"2022-07-27T19:28:51","modified_gmt":"2022-07-27T17:28:51","slug":"menagere-24-pc","status":"publish","type":"product","link":"https:\/\/royalswiss.myskydoowebsite.com\/?product=menagere-24-pc","title":{"rendered":"set de couverts 24 pcs"},"content":{"rendered":"<p><strong><em>set de couverts + emballage au design \u00e9l\u00e9gant, en partie satin\u00e9, en partie brillant, en chrome \u2013 Acier inoxydable 18\/10, qui garantit et orne chaque table et fait de chaque table une occasion sp\u00e9ciale. <\/em><\/strong><\/p>\n<p><strong><em>Les couverts sont livr\u00e9 dans un coffret d\u00e9coratifs, \u00e9galement parfait pour offrir. <\/em><\/strong><\/p>\n<p><strong>Caract\u00e9ristiques de l\u2019objet :<\/strong><\/p>\n<p><strong>Contenu :<\/strong><\/p>\n<p><em>6 couteaux<\/em><\/p>\n<p><em> 6 cuill\u00e8res<\/em><\/p>\n<p><em> 6 fourchettes <\/em><\/p>\n<p><em>6 petites cuill\u00e8res \u00e0 caf\u00e9<\/em><\/p>\n<p><em> Marque : Royal Swiss <\/em><\/p>\n<p><em>mod\u00e8le : Classic de Medusa <\/em><\/p>\n<p><em>Quantit\u00e9 : 24 pi\u00e8ces <\/em><\/p>\n<p><em>nombre de personne : 6 personnes<\/em><\/p>\n<p><em> Mati\u00e8re\/qualit\u00e9 : acier inoxydable 18\/10 <\/em><\/p>\n<p><em>finition : satin\u00e9\/brillant <\/em><\/p>\n<p><em>Conseils d\u2019entretien du fabricant : passe au lave-vaisselle. <\/em><\/p>\n","protected":false},"excerpt":{"rendered":"<p>set de couverts + emballage au design \u00e9l\u00e9gant, en partie satin\u00e9, en partie brillant, en chrome \u2013 Acier inoxydable 18\/10, qui garantit et orne chaque table et fait de chaque table une occasion sp\u00e9ciale. Les couverts sont livr\u00e9 dans un coffret d\u00e9coratifs, \u00e9galement parfait pour offrir. Caract\u00e9ristiques de l\u2019objet : Contenu : 6 couteaux 6 [&hellip;]<\/p>\n","protected":false},"featured_media":5900,"comment_status":"open","ping_status":"closed","template":"","meta":[],"product_brand":[],"product_cat":[21,39],"product_tag":[],"class_list":{"0":"post-5899","1":"product","2":"type-product","3":"status-publish","4":"has-post-thumbnail","6":"product_cat-cuisine","7":"product_cat-ustensile","9":"first","10":"instock","11":"sale","12":"taxable","13":"shipping-taxable","14":"purchasable","15":"product-type-simple"},"_links":{"self":[{"href":"https:\/\/royalswiss.myskydoowebsite.com\/index.php?rest_route=\/wp\/v2\/product\/5899","targetHints":{"allow":["GET"]}}],"collection":[{"href":"https:\/\/royalswiss.myskydoowebsite.com\/index.php?rest_route=\/wp\/v2\/product"}],"about":[{"href":"https:\/\/royalswiss.myskydoowebsite.com\/index.php?rest_route=\/wp\/v2\/types\/product"}],"replies":[{"embeddable":true,"href":"https:\/\/royalswiss.myskydoowebsite.com\/index.php?rest_route=%2Fwp%2Fv2%2Fcomments&post=5899"}],"version-history":[{"count":2,"href":"https:\/\/royalswiss.myskydoowebsite.com\/index.php?rest_route=\/wp\/v2\/product\/5899\/revisions"}],"predecessor-version":[{"id":12373,"href":"https:\/\/royalswiss.myskydoowebsite.com\/index.php?rest_route=\/wp\/v2\/product\/5899\/revisions\/12373"}],"wp:featuredmedia":[{"embeddable":true,"href":"https:\/\/royalswiss.myskydoowebsite.com\/index.php?rest_route=\/wp\/v2\/media\/5900"}],"wp:attachment":[{"href":"https:\/\/royalswiss.myskydoowebsite.com\/index.php?rest_route=%2Fwp%2Fv2%2Fmedia&parent=5899"}],"wp:term":[{"taxonomy":"product_brand","embeddable":true,"href":"https:\/\/royalswiss.myskydoowebsite.com\/index.php?rest_route=%2Fwp%2Fv2%2Fproduct_brand&post=5899"},{"taxonomy":"product_cat","embeddable":true,"href":"https:\/\/royalswiss.myskydoowebsite.com\/index.php?rest_route=%2Fwp%2Fv2%2Fproduct_cat&post=5899"},{"taxonomy":"product_tag","embeddable":true,"href":"https:\/\/royalswiss.myskydoowebsite.com\/index.php?rest_route=%2Fwp%2Fv2%2Fproduct_tag&post=5899"}],"curies":[{"name":"wp","href":"https:\/\/api.w.org\/{rel}","templated":true}]}}