{"id":5859,"date":"2019-09-30T01:19:06","date_gmt":"2019-09-29T23:19:06","guid":{"rendered":"https:\/\/royalswiss.myskydoowebsite.com\/?post_type=product&#038;p=5859"},"modified":"2023-01-17T19:51:12","modified_gmt":"2023-01-17T18:51:12","slug":"poele-double-face-en-pierre-2-couleurs-disponible","status":"publish","type":"product","link":"https:\/\/royalswiss.myskydoowebsite.com\/?product=poele-double-face-en-pierre-2-couleurs-disponible","title":{"rendered":"Po\u00eale double face en pierre, 2 couleurs disponible"},"content":{"rendered":"","protected":false},"excerpt":{"rendered":"<ul class=\"a-unordered-list a-vertical a-spacing-none\">\n<li><em><span class=\"a-list-item\">La double zone de chauffage et la chaleur bien distribu\u00e9e am\u00e9liorent le go\u00fbt des aliments.<\/span><\/em><\/li>\n<li><em><span class=\"a-list-item\">Refroidissement int\u00e9rieur et ext\u00e9rieur: rev\u00eatement en marbre, facile \u00e0 nettoyer;<\/span><\/em><\/li>\n<li><em><span class=\"a-list-item\">Poign\u00e9es \u00e0 rev\u00eatement doux, agr\u00e9ables au toucher<\/span><\/em><\/li>\n<li><em><span class=\"a-list-item\">ne se d\u00e9forme pas, peut \u00eatre utilis\u00e9e pendant de longues p\u00e9riodes<\/span><\/em><\/li>\n<li><em><span class=\"a-list-item\">Moins de fum\u00e9e et d&rsquo;odeur, pas d&rsquo;\u00e9claboussures d&rsquo;huile<\/span><\/em><\/li>\n<\/ul>\n","protected":false},"featured_media":5864,"comment_status":"open","ping_status":"closed","template":"","meta":[],"product_brand":[],"product_cat":[21,53],"product_tag":[95,1537],"class_list":{"0":"post-5859","1":"product","2":"type-product","3":"status-publish","4":"has-post-thumbnail","6":"product_cat-cuisine","7":"product_cat-poele","8":"product_tag-95","9":"product_tag-1537","11":"first","12":"instock","13":"sale","14":"taxable","15":"shipping-taxable","16":"purchasable","17":"product-type-variable"},"_links":{"self":[{"href":"https:\/\/royalswiss.myskydoowebsite.com\/index.php?rest_route=\/wp\/v2\/product\/5859","targetHints":{"allow":["GET"]}}],"collection":[{"href":"https:\/\/royalswiss.myskydoowebsite.com\/index.php?rest_route=\/wp\/v2\/product"}],"about":[{"href":"https:\/\/royalswiss.myskydoowebsite.com\/index.php?rest_route=\/wp\/v2\/types\/product"}],"replies":[{"embeddable":true,"href":"https:\/\/royalswiss.myskydoowebsite.com\/index.php?rest_route=%2Fwp%2Fv2%2Fcomments&post=5859"}],"version-history":[{"count":1,"href":"https:\/\/royalswiss.myskydoowebsite.com\/index.php?rest_route=\/wp\/v2\/product\/5859\/revisions"}],"predecessor-version":[{"id":5869,"href":"https:\/\/royalswiss.myskydoowebsite.com\/index.php?rest_route=\/wp\/v2\/product\/5859\/revisions\/5869"}],"wp:featuredmedia":[{"embeddable":true,"href":"https:\/\/royalswiss.myskydoowebsite.com\/index.php?rest_route=\/wp\/v2\/media\/5864"}],"wp:attachment":[{"href":"https:\/\/royalswiss.myskydoowebsite.com\/index.php?rest_route=%2Fwp%2Fv2%2Fmedia&parent=5859"}],"wp:term":[{"taxonomy":"product_brand","embeddable":true,"href":"https:\/\/royalswiss.myskydoowebsite.com\/index.php?rest_route=%2Fwp%2Fv2%2Fproduct_brand&post=5859"},{"taxonomy":"product_cat","embeddable":true,"href":"https:\/\/royalswiss.myskydoowebsite.com\/index.php?rest_route=%2Fwp%2Fv2%2Fproduct_cat&post=5859"},{"taxonomy":"product_tag","embeddable":true,"href":"https:\/\/royalswiss.myskydoowebsite.com\/index.php?rest_route=%2Fwp%2Fv2%2Fproduct_tag&post=5859"}],"curies":[{"name":"wp","href":"https:\/\/api.w.org\/{rel}","templated":true}]}}